{"id":624850,"date":"2025-08-04T11:17:17","date_gmt":"2025-08-04T08:17:17","guid":{"rendered":"https:\/\/shop.ucrent.ee\/toode\/plettac-terastyotaso-032x300m-kaytetty-2"},"modified":"2026-04-09T18:01:39","modified_gmt":"2026-04-09T15:01:39","slug":"plettac-terastyotaso-032x300m","status":"publish","type":"product","link":"https:\/\/shop.ucrent.ee\/fi\/toode\/plettac-terastyotaso-032x300m","title":{"rendered":"Plettac ter\u00e4sty\u00f6taso 0,32&#215;2,00m"},"content":{"rendered":"<p>Plettac-ter\u00e4ksinen ty\u00f6taso 0,32&#215;2,00m<\/p>\n","protected":false},"excerpt":{"rendered":"Plettac-ter\u00e4ksinen ty\u00f6taso 0,32&#215;2,00m","protected":false},"featured_media":625333,"template":"","meta":{"_acf_changed":false},"product_brand":[],"product_cat":[919,891,916],"product_tag":[],"class_list":{"0":"post-624850","1":"product","2":"type-product","3":"status-publish","4":"has-post-thumbnail","6":"product_cat-plettac_tellingud_fi","7":"product_cat-kasutatud_tellingud","8":"product_cat-plettac_tellingud","10":"first","11":"instock","12":"taxable","13":"shipping-taxable","14":"purchasable","15":"product-type-simple"},"acf":[],"yoast_head":"<!-- This site is optimized with the Yoast SEO plugin v27.0 - https:\/\/yoast.com\/product\/yoast-seo-wordpress\/ -->\n<title>Plettac ter\u00e4sty\u00f6taso 0,32x2,00m - UC Rent e-pood<\/title>\n<meta name=\"robots\" content=\"index, follow, max-snippet:-1, max-image-preview:large, max-video-preview:-1\" \/>\n<link rel=\"canonical\" href=\"https:\/\/shop.ucrent.ee\/fi\/toode\/plettac-terastyotaso-032x300m\" \/>\n<meta property=\"og:locale\" content=\"fi_FI\" \/>\n<meta property=\"og:type\" content=\"article\" \/>\n<meta property=\"og:title\" content=\"Plettac ter\u00e4sty\u00f6taso 0,32x2,00m - UC Rent e-pood\" \/>\n<meta property=\"og:description\" content=\"Plettac-ter\u00e4ksinen ty\u00f6taso 0,32&#215;2,00m\" \/>\n<meta property=\"og:url\" content=\"https:\/\/shop.ucrent.ee\/fi\/toode\/plettac-terastyotaso-032x300m\" \/>\n<meta property=\"og:site_name\" content=\"UC Rent e-pood\" \/>\n<meta property=\"article:modified_time\" content=\"2026-04-09T15:01:39+00:00\" \/>\n<meta property=\"og:image\" content=\"https:\/\/shop.ucrent.ee\/wp-content\/uploads\/2025\/09\/Pleattac-toolava-terasest-032-x-25m-30m-UC-Rent-.jpeg\" \/>\n\t<meta property=\"og:image:width\" content=\"900\" \/>\n\t<meta property=\"og:image:height\" content=\"456\" \/>\n\t<meta property=\"og:image:type\" content=\"image\/jpeg\" \/>\n<meta name=\"twitter:card\" content=\"summary_large_image\" \/>\n<script type=\"application\/ld+json\" class=\"yoast-schema-graph\">{\"@context\":\"https:\/\/schema.org\",\"@graph\":[{\"@type\":\"WebPage\",\"@id\":\"https:\/\/shop.ucrent.ee\/fi\/toode\/plettac-terastyotaso-032x300m\",\"url\":\"https:\/\/shop.ucrent.ee\/fi\/toode\/plettac-terastyotaso-032x300m\",\"name\":\"Plettac ter\u00e4sty\u00f6taso 0,32x2,00m - UC Rent e-pood\",\"isPartOf\":{\"@id\":\"https:\/\/shop.ucrent.ee\/#website\"},\"primaryImageOfPage\":{\"@id\":\"https:\/\/shop.ucrent.ee\/fi\/toode\/plettac-terastyotaso-032x300m#primaryimage\"},\"image\":{\"@id\":\"https:\/\/shop.ucrent.ee\/fi\/toode\/plettac-terastyotaso-032x300m#primaryimage\"},\"thumbnailUrl\":\"https:\/\/shop.ucrent.ee\/wp-content\/uploads\/2025\/09\/Pleattac-toolava-terasest-032-x-25m-30m-UC-Rent-.jpeg\",\"datePublished\":\"2025-08-04T08:17:17+00:00\",\"dateModified\":\"2026-04-09T15:01:39+00:00\",\"breadcrumb\":{\"@id\":\"https:\/\/shop.ucrent.ee\/fi\/toode\/plettac-terastyotaso-032x300m#breadcrumb\"},\"inLanguage\":\"fi\",\"potentialAction\":[{\"@type\":\"ReadAction\",\"target\":[\"https:\/\/shop.ucrent.ee\/fi\/toode\/plettac-terastyotaso-032x300m\"]}]},{\"@type\":\"ImageObject\",\"inLanguage\":\"fi\",\"@id\":\"https:\/\/shop.ucrent.ee\/fi\/toode\/plettac-terastyotaso-032x300m#primaryimage\",\"url\":\"https:\/\/shop.ucrent.ee\/wp-content\/uploads\/2025\/09\/Pleattac-toolava-terasest-032-x-25m-30m-UC-Rent-.jpeg\",\"contentUrl\":\"https:\/\/shop.ucrent.ee\/wp-content\/uploads\/2025\/09\/Pleattac-toolava-terasest-032-x-25m-30m-UC-Rent-.jpeg\",\"width\":900,\"height\":456},{\"@type\":\"BreadcrumbList\",\"@id\":\"https:\/\/shop.ucrent.ee\/fi\/toode\/plettac-terastyotaso-032x300m#breadcrumb\",\"itemListElement\":[{\"@type\":\"ListItem\",\"position\":1,\"name\":\"Home\",\"item\":\"https:\/\/shop.ucrent.ee\/fi\"},{\"@type\":\"ListItem\",\"position\":2,\"name\":\"K\u00f5ik tooted\",\"item\":\"https:\/\/shop.ucrent.ee\/tooted\"},{\"@type\":\"ListItem\",\"position\":3,\"name\":\"Plettac ter\u00e4sty\u00f6taso 0,32&#215;2,00m\"}]},{\"@type\":\"WebSite\",\"@id\":\"https:\/\/shop.ucrent.ee\/#website\",\"url\":\"https:\/\/shop.ucrent.ee\/\",\"name\":\"UC Rent e-pood\",\"description\":\"\",\"potentialAction\":[{\"@type\":\"SearchAction\",\"target\":{\"@type\":\"EntryPoint\",\"urlTemplate\":\"https:\/\/shop.ucrent.ee\/?s={search_term_string}\"},\"query-input\":{\"@type\":\"PropertyValueSpecification\",\"valueRequired\":true,\"valueName\":\"search_term_string\"}}],\"inLanguage\":\"fi\"}]}<\/script>\n<!-- \/ Yoast SEO plugin. -->","yoast_head_json":{"title":"Plettac ter\u00e4sty\u00f6taso 0,32x2,00m - UC Rent e-pood","robots":{"index":"index","follow":"follow","max-snippet":"max-snippet:-1","max-image-preview":"max-image-preview:large","max-video-preview":"max-video-preview:-1"},"canonical":"https:\/\/shop.ucrent.ee\/fi\/toode\/plettac-terastyotaso-032x300m","og_locale":"fi_FI","og_type":"article","og_title":"Plettac ter\u00e4sty\u00f6taso 0,32x2,00m - UC Rent e-pood","og_description":"Plettac-ter\u00e4ksinen ty\u00f6taso 0,32&#215;2,00m","og_url":"https:\/\/shop.ucrent.ee\/fi\/toode\/plettac-terastyotaso-032x300m","og_site_name":"UC Rent e-pood","article_modified_time":"2026-04-09T15:01:39+00:00","og_image":[{"width":900,"height":456,"url":"https:\/\/shop.ucrent.ee\/wp-content\/uploads\/2025\/09\/Pleattac-toolava-terasest-032-x-25m-30m-UC-Rent-.jpeg","type":"image\/jpeg"}],"twitter_card":"summary_large_image","schema":{"@context":"https:\/\/schema.org","@graph":[{"@type":"WebPage","@id":"https:\/\/shop.ucrent.ee\/fi\/toode\/plettac-terastyotaso-032x300m","url":"https:\/\/shop.ucrent.ee\/fi\/toode\/plettac-terastyotaso-032x300m","name":"Plettac ter\u00e4sty\u00f6taso 0,32x2,00m - UC Rent e-pood","isPartOf":{"@id":"https:\/\/shop.ucrent.ee\/#website"},"primaryImageOfPage":{"@id":"https:\/\/shop.ucrent.ee\/fi\/toode\/plettac-terastyotaso-032x300m#primaryimage"},"image":{"@id":"https:\/\/shop.ucrent.ee\/fi\/toode\/plettac-terastyotaso-032x300m#primaryimage"},"thumbnailUrl":"https:\/\/shop.ucrent.ee\/wp-content\/uploads\/2025\/09\/Pleattac-toolava-terasest-032-x-25m-30m-UC-Rent-.jpeg","datePublished":"2025-08-04T08:17:17+00:00","dateModified":"2026-04-09T15:01:39+00:00","breadcrumb":{"@id":"https:\/\/shop.ucrent.ee\/fi\/toode\/plettac-terastyotaso-032x300m#breadcrumb"},"inLanguage":"fi","potentialAction":[{"@type":"ReadAction","target":["https:\/\/shop.ucrent.ee\/fi\/toode\/plettac-terastyotaso-032x300m"]}]},{"@type":"ImageObject","inLanguage":"fi","@id":"https:\/\/shop.ucrent.ee\/fi\/toode\/plettac-terastyotaso-032x300m#primaryimage","url":"https:\/\/shop.ucrent.ee\/wp-content\/uploads\/2025\/09\/Pleattac-toolava-terasest-032-x-25m-30m-UC-Rent-.jpeg","contentUrl":"https:\/\/shop.ucrent.ee\/wp-content\/uploads\/2025\/09\/Pleattac-toolava-terasest-032-x-25m-30m-UC-Rent-.jpeg","width":900,"height":456},{"@type":"BreadcrumbList","@id":"https:\/\/shop.ucrent.ee\/fi\/toode\/plettac-terastyotaso-032x300m#breadcrumb","itemListElement":[{"@type":"ListItem","position":1,"name":"Home","item":"https:\/\/shop.ucrent.ee\/fi"},{"@type":"ListItem","position":2,"name":"K\u00f5ik tooted","item":"https:\/\/shop.ucrent.ee\/tooted"},{"@type":"ListItem","position":3,"name":"Plettac ter\u00e4sty\u00f6taso 0,32&#215;2,00m"}]},{"@type":"WebSite","@id":"https:\/\/shop.ucrent.ee\/#website","url":"https:\/\/shop.ucrent.ee\/","name":"UC Rent e-pood","description":"","potentialAction":[{"@type":"SearchAction","target":{"@type":"EntryPoint","urlTemplate":"https:\/\/shop.ucrent.ee\/?s={search_term_string}"},"query-input":{"@type":"PropertyValueSpecification","valueRequired":true,"valueName":"search_term_string"}}],"inLanguage":"fi"}]}},"_links":{"self":[{"href":"https:\/\/shop.ucrent.ee\/fi\/wp-json\/wp\/v2\/product\/624850","targetHints":{"allow":["GET"]}}],"collection":[{"href":"https:\/\/shop.ucrent.ee\/fi\/wp-json\/wp\/v2\/product"}],"about":[{"href":"https:\/\/shop.ucrent.ee\/fi\/wp-json\/wp\/v2\/types\/product"}],"wp:featuredmedia":[{"embeddable":true,"href":"https:\/\/shop.ucrent.ee\/fi\/wp-json\/wp\/v2\/media\/625333"}],"wp:attachment":[{"href":"https:\/\/shop.ucrent.ee\/fi\/wp-json\/wp\/v2\/media?parent=624850"}],"wp:term":[{"taxonomy":"product_brand","embeddable":true,"href":"https:\/\/shop.ucrent.ee\/fi\/wp-json\/wp\/v2\/product_brand?post=624850"},{"taxonomy":"product_cat","embeddable":true,"href":"https:\/\/shop.ucrent.ee\/fi\/wp-json\/wp\/v2\/product_cat?post=624850"},{"taxonomy":"product_tag","embeddable":true,"href":"https:\/\/shop.ucrent.ee\/fi\/wp-json\/wp\/v2\/product_tag?post=624850"}],"curies":[{"name":"wp","href":"https:\/\/api.w.org\/{rel}","templated":true}]}}