{"id":624878,"date":"2025-08-04T13:34:22","date_gmt":"2025-08-04T10:34:22","guid":{"rendered":"https:\/\/shop.ucrent.ee\/toode\/pvc-halli-8x10m-x-korkeus-4m"},"modified":"2026-04-09T16:33:20","modified_gmt":"2026-04-09T13:33:20","slug":"pvc-halli-8x10m-x-korkeus-4m","status":"publish","type":"product","link":"https:\/\/shop.ucrent.ee\/fi\/toode\/pvc-halli-8x10m-x-korkeus-4m","title":{"rendered":"PVC-halli 8x10m x korkeus 4m"},"content":{"rendered":"<p>PVC-halli 8x10m x korkeus 4m<br \/>\nLeveys 8m<br \/>\nPituus 10m<br \/>\nSein\u00e4n korkeus 4m<br \/>\nLumikuorman kapasiteetti 150kg\/m2<br \/>\nYksi liukuportti 4,8xkorkeus 3,7m<br \/>\nTuulen nopeus 21m\/s<br \/>\nValkoinen katto ja sein\u00e4t harmaata PVC:t\u00e4.<br \/>\nHinta sis\u00e4lt\u00e4\u00e4 asennuksen ja kuljetuksen.<br \/>\nToimitusaika 5 viikkoa<\/p>\n","protected":false},"excerpt":{"rendered":"PVC-halli 8x10m x korkeus 4m Leveys 8m Pituus 10m Sein\u00e4n korkeus 4m Lumikuorman kapasiteetti 150kg\/m2 Yksi liukuportti 4,8xkorkeus 3,7m Tuulen nopeus 21m\/s Valkoinen katto ja sein\u00e4t harmaata PVC:t\u00e4. Hinta sis\u00e4lt\u00e4\u00e4 asennuksen ja kuljetuksen. Toimitusaika 5 viikkoa","protected":false},"featured_media":624871,"template":"","meta":{"_acf_changed":false},"product_brand":[],"product_cat":[798,795],"product_tag":[],"class_list":{"0":"post-624878","1":"product","2":"type-product","3":"status-publish","4":"has-post-thumbnail","6":"product_cat-pvc_hallid_fi","7":"product_cat-pvc_hallid","9":"first","10":"instock","11":"taxable","12":"shipping-taxable","13":"purchasable","14":"product-type-simple"},"acf":[],"yoast_head":"<!-- This site is optimized with the Yoast SEO plugin v27.0 - https:\/\/yoast.com\/product\/yoast-seo-wordpress\/ -->\n<title>PVC-halli 8x10m x korkeus 4m - UC Rent e-pood<\/title>\n<meta name=\"robots\" content=\"index, follow, max-snippet:-1, max-image-preview:large, max-video-preview:-1\" \/>\n<link rel=\"canonical\" href=\"https:\/\/shop.ucrent.ee\/fi\/toode\/pvc-halli-8x10m-x-korkeus-4m\" \/>\n<meta property=\"og:locale\" content=\"fi_FI\" \/>\n<meta property=\"og:type\" content=\"article\" \/>\n<meta property=\"og:title\" content=\"PVC-halli 8x10m x korkeus 4m - UC Rent e-pood\" \/>\n<meta property=\"og:description\" content=\"PVC-halli 8x10m x korkeus 4m Leveys 8m Pituus 10m Sein\u00e4n korkeus 4m Lumikuorman kapasiteetti 150kg\/m2 Yksi liukuportti 4,8xkorkeus 3,7m Tuulen nopeus 21m\/s Valkoinen katto ja sein\u00e4t harmaata PVC:t\u00e4. Hinta sis\u00e4lt\u00e4\u00e4 asennuksen ja kuljetuksen. Toimitusaika 5 viikkoa\" \/>\n<meta property=\"og:url\" content=\"https:\/\/shop.ucrent.ee\/fi\/toode\/pvc-halli-8x10m-x-korkeus-4m\" \/>\n<meta property=\"og:site_name\" content=\"UC Rent e-pood\" \/>\n<meta property=\"article:modified_time\" content=\"2026-04-09T13:33:20+00:00\" \/>\n<meta property=\"og:image\" content=\"https:\/\/shop.ucrent.ee\/wp-content\/uploads\/2025\/08\/PVC-hall-8x10xh-4m-UC-Rent.jpg\" \/>\n\t<meta property=\"og:image:width\" content=\"959\" \/>\n\t<meta property=\"og:image:height\" content=\"960\" \/>\n\t<meta property=\"og:image:type\" content=\"image\/jpeg\" \/>\n<meta name=\"twitter:card\" content=\"summary_large_image\" \/>\n<script type=\"application\/ld+json\" class=\"yoast-schema-graph\">{\"@context\":\"https:\/\/schema.org\",\"@graph\":[{\"@type\":\"WebPage\",\"@id\":\"https:\/\/shop.ucrent.ee\/fi\/toode\/pvc-halli-8x10m-x-korkeus-4m\",\"url\":\"https:\/\/shop.ucrent.ee\/fi\/toode\/pvc-halli-8x10m-x-korkeus-4m\",\"name\":\"PVC-halli 8x10m x korkeus 4m - UC Rent e-pood\",\"isPartOf\":{\"@id\":\"https:\/\/shop.ucrent.ee\/#website\"},\"primaryImageOfPage\":{\"@id\":\"https:\/\/shop.ucrent.ee\/fi\/toode\/pvc-halli-8x10m-x-korkeus-4m#primaryimage\"},\"image\":{\"@id\":\"https:\/\/shop.ucrent.ee\/fi\/toode\/pvc-halli-8x10m-x-korkeus-4m#primaryimage\"},\"thumbnailUrl\":\"https:\/\/shop.ucrent.ee\/wp-content\/uploads\/2025\/08\/PVC-hall-8x10xh-4m-UC-Rent.jpg\",\"datePublished\":\"2025-08-04T10:34:22+00:00\",\"dateModified\":\"2026-04-09T13:33:20+00:00\",\"breadcrumb\":{\"@id\":\"https:\/\/shop.ucrent.ee\/fi\/toode\/pvc-halli-8x10m-x-korkeus-4m#breadcrumb\"},\"inLanguage\":\"fi\",\"potentialAction\":[{\"@type\":\"ReadAction\",\"target\":[\"https:\/\/shop.ucrent.ee\/fi\/toode\/pvc-halli-8x10m-x-korkeus-4m\"]}]},{\"@type\":\"ImageObject\",\"inLanguage\":\"fi\",\"@id\":\"https:\/\/shop.ucrent.ee\/fi\/toode\/pvc-halli-8x10m-x-korkeus-4m#primaryimage\",\"url\":\"https:\/\/shop.ucrent.ee\/wp-content\/uploads\/2025\/08\/PVC-hall-8x10xh-4m-UC-Rent.jpg\",\"contentUrl\":\"https:\/\/shop.ucrent.ee\/wp-content\/uploads\/2025\/08\/PVC-hall-8x10xh-4m-UC-Rent.jpg\",\"width\":959,\"height\":960},{\"@type\":\"BreadcrumbList\",\"@id\":\"https:\/\/shop.ucrent.ee\/fi\/toode\/pvc-halli-8x10m-x-korkeus-4m#breadcrumb\",\"itemListElement\":[{\"@type\":\"ListItem\",\"position\":1,\"name\":\"Home\",\"item\":\"https:\/\/shop.ucrent.ee\/fi\"},{\"@type\":\"ListItem\",\"position\":2,\"name\":\"K\u00f5ik tooted\",\"item\":\"https:\/\/shop.ucrent.ee\/tooted\"},{\"@type\":\"ListItem\",\"position\":3,\"name\":\"PVC-halli 8x10m x korkeus 4m\"}]},{\"@type\":\"WebSite\",\"@id\":\"https:\/\/shop.ucrent.ee\/#website\",\"url\":\"https:\/\/shop.ucrent.ee\/\",\"name\":\"UC Rent e-pood\",\"description\":\"\",\"potentialAction\":[{\"@type\":\"SearchAction\",\"target\":{\"@type\":\"EntryPoint\",\"urlTemplate\":\"https:\/\/shop.ucrent.ee\/?s={search_term_string}\"},\"query-input\":{\"@type\":\"PropertyValueSpecification\",\"valueRequired\":true,\"valueName\":\"search_term_string\"}}],\"inLanguage\":\"fi\"}]}<\/script>\n<!-- \/ Yoast SEO plugin. -->","yoast_head_json":{"title":"PVC-halli 8x10m x korkeus 4m - UC Rent e-pood","robots":{"index":"index","follow":"follow","max-snippet":"max-snippet:-1","max-image-preview":"max-image-preview:large","max-video-preview":"max-video-preview:-1"},"canonical":"https:\/\/shop.ucrent.ee\/fi\/toode\/pvc-halli-8x10m-x-korkeus-4m","og_locale":"fi_FI","og_type":"article","og_title":"PVC-halli 8x10m x korkeus 4m - UC Rent e-pood","og_description":"PVC-halli 8x10m x korkeus 4m Leveys 8m Pituus 10m Sein\u00e4n korkeus 4m Lumikuorman kapasiteetti 150kg\/m2 Yksi liukuportti 4,8xkorkeus 3,7m Tuulen nopeus 21m\/s Valkoinen katto ja sein\u00e4t harmaata PVC:t\u00e4. Hinta sis\u00e4lt\u00e4\u00e4 asennuksen ja kuljetuksen. Toimitusaika 5 viikkoa","og_url":"https:\/\/shop.ucrent.ee\/fi\/toode\/pvc-halli-8x10m-x-korkeus-4m","og_site_name":"UC Rent e-pood","article_modified_time":"2026-04-09T13:33:20+00:00","og_image":[{"width":959,"height":960,"url":"https:\/\/shop.ucrent.ee\/wp-content\/uploads\/2025\/08\/PVC-hall-8x10xh-4m-UC-Rent.jpg","type":"image\/jpeg"}],"twitter_card":"summary_large_image","schema":{"@context":"https:\/\/schema.org","@graph":[{"@type":"WebPage","@id":"https:\/\/shop.ucrent.ee\/fi\/toode\/pvc-halli-8x10m-x-korkeus-4m","url":"https:\/\/shop.ucrent.ee\/fi\/toode\/pvc-halli-8x10m-x-korkeus-4m","name":"PVC-halli 8x10m x korkeus 4m - UC Rent e-pood","isPartOf":{"@id":"https:\/\/shop.ucrent.ee\/#website"},"primaryImageOfPage":{"@id":"https:\/\/shop.ucrent.ee\/fi\/toode\/pvc-halli-8x10m-x-korkeus-4m#primaryimage"},"image":{"@id":"https:\/\/shop.ucrent.ee\/fi\/toode\/pvc-halli-8x10m-x-korkeus-4m#primaryimage"},"thumbnailUrl":"https:\/\/shop.ucrent.ee\/wp-content\/uploads\/2025\/08\/PVC-hall-8x10xh-4m-UC-Rent.jpg","datePublished":"2025-08-04T10:34:22+00:00","dateModified":"2026-04-09T13:33:20+00:00","breadcrumb":{"@id":"https:\/\/shop.ucrent.ee\/fi\/toode\/pvc-halli-8x10m-x-korkeus-4m#breadcrumb"},"inLanguage":"fi","potentialAction":[{"@type":"ReadAction","target":["https:\/\/shop.ucrent.ee\/fi\/toode\/pvc-halli-8x10m-x-korkeus-4m"]}]},{"@type":"ImageObject","inLanguage":"fi","@id":"https:\/\/shop.ucrent.ee\/fi\/toode\/pvc-halli-8x10m-x-korkeus-4m#primaryimage","url":"https:\/\/shop.ucrent.ee\/wp-content\/uploads\/2025\/08\/PVC-hall-8x10xh-4m-UC-Rent.jpg","contentUrl":"https:\/\/shop.ucrent.ee\/wp-content\/uploads\/2025\/08\/PVC-hall-8x10xh-4m-UC-Rent.jpg","width":959,"height":960},{"@type":"BreadcrumbList","@id":"https:\/\/shop.ucrent.ee\/fi\/toode\/pvc-halli-8x10m-x-korkeus-4m#breadcrumb","itemListElement":[{"@type":"ListItem","position":1,"name":"Home","item":"https:\/\/shop.ucrent.ee\/fi"},{"@type":"ListItem","position":2,"name":"K\u00f5ik tooted","item":"https:\/\/shop.ucrent.ee\/tooted"},{"@type":"ListItem","position":3,"name":"PVC-halli 8x10m x korkeus 4m"}]},{"@type":"WebSite","@id":"https:\/\/shop.ucrent.ee\/#website","url":"https:\/\/shop.ucrent.ee\/","name":"UC Rent e-pood","description":"","potentialAction":[{"@type":"SearchAction","target":{"@type":"EntryPoint","urlTemplate":"https:\/\/shop.ucrent.ee\/?s={search_term_string}"},"query-input":{"@type":"PropertyValueSpecification","valueRequired":true,"valueName":"search_term_string"}}],"inLanguage":"fi"}]}},"_links":{"self":[{"href":"https:\/\/shop.ucrent.ee\/fi\/wp-json\/wp\/v2\/product\/624878","targetHints":{"allow":["GET"]}}],"collection":[{"href":"https:\/\/shop.ucrent.ee\/fi\/wp-json\/wp\/v2\/product"}],"about":[{"href":"https:\/\/shop.ucrent.ee\/fi\/wp-json\/wp\/v2\/types\/product"}],"wp:featuredmedia":[{"embeddable":true,"href":"https:\/\/shop.ucrent.ee\/fi\/wp-json\/wp\/v2\/media\/624871"}],"wp:attachment":[{"href":"https:\/\/shop.ucrent.ee\/fi\/wp-json\/wp\/v2\/media?parent=624878"}],"wp:term":[{"taxonomy":"product_brand","embeddable":true,"href":"https:\/\/shop.ucrent.ee\/fi\/wp-json\/wp\/v2\/product_brand?post=624878"},{"taxonomy":"product_cat","embeddable":true,"href":"https:\/\/shop.ucrent.ee\/fi\/wp-json\/wp\/v2\/product_cat?post=624878"},{"taxonomy":"product_tag","embeddable":true,"href":"https:\/\/shop.ucrent.ee\/fi\/wp-json\/wp\/v2\/product_tag?post=624878"}],"curies":[{"name":"wp","href":"https:\/\/api.w.org\/{rel}","templated":true}]}}