{"id":62511,"date":"2021-08-30T16:15:12","date_gmt":"2021-08-30T13:15:12","guid":{"rendered":"https:\/\/shop.ucrent.ee\/toode\/monikayttoinen-3-osainen-alumiinitikkaat-3x12-askelmaa-stabilo-krause-3"},"modified":"2026-04-15T07:30:17","modified_gmt":"2026-04-15T04:30:17","slug":"monikayttoinen-3-osainen-alumiinitikkaat-3x12-askelmaa-stabilo-krause-3","status":"publish","type":"product","link":"https:\/\/shop.ucrent.ee\/fi\/toode\/monikayttoinen-3-osainen-alumiinitikkaat-3x12-askelmaa-stabilo-krause-3","title":{"rendered":"Monik\u00e4ytt\u00f6inen 3-osainen alumiinitikkaat 3&#215;8 askelmaa Krause Tribilo"},"content":{"rendered":"<p>Kevyt kolmiosainen ammattik\u00e4ytt\u00f6\u00f6n tarkoitettu monik\u00e4ytt\u00f6inen alumiiniset tikkaat, joita voidaan k\u00e4ytt\u00e4\u00e4 askel-, luiska- ja jatketikkaana. Tikkaissa on yksi irrotettava tikasosa.<br \/>\nArtikli kood 129666<br \/>\nTikkaat max pituus 5,25 m<br \/>\nTikkan korkeus 2,4 m<br \/>\nPaino 15,3kg<\/p>\n","protected":false},"excerpt":{"rendered":"Kevyt kolmiosainen ammattik\u00e4ytt\u00f6\u00f6n tarkoitettu monik\u00e4ytt\u00f6inen alumiiniset tikkaat, joita voidaan k\u00e4ytt\u00e4\u00e4 askel-, luiska- ja jatketikkaana. Tikkaissa on yksi irrotettava tikasosa. Artikli kood 129666 Tikkaat max pituus 5,25 m Tikkan korkeus 2,4 m Paino 15,3kg","protected":false},"featured_media":62512,"template":"","meta":{"_acf_changed":false},"product_brand":[],"product_cat":[340],"product_tag":[],"class_list":{"0":"post-62511","1":"product","2":"type-product","3":"status-publish","4":"has-post-thumbnail","6":"product_cat-monikayttoinen","8":"first","9":"instock","10":"taxable","11":"shipping-taxable","12":"purchasable","13":"product-type-simple"},"acf":[],"yoast_head":"<!-- This site is optimized with the Yoast SEO plugin v27.0 - https:\/\/yoast.com\/product\/yoast-seo-wordpress\/ -->\n<title>Monik\u00e4ytt\u00f6inen 3-osainen alumiinitikkaat 3x8 askelmaa Krause Tribilo - UC Rent e-pood<\/title>\n<meta name=\"robots\" content=\"index, follow, max-snippet:-1, max-image-preview:large, max-video-preview:-1\" \/>\n<link rel=\"canonical\" href=\"https:\/\/shop.ucrent.ee\/fi\/toode\/monikayttoinen-3-osainen-alumiinitikkaat-3x12-askelmaa-stabilo-krause-3\" \/>\n<meta property=\"og:locale\" content=\"fi_FI\" \/>\n<meta property=\"og:type\" content=\"article\" \/>\n<meta property=\"og:title\" content=\"Monik\u00e4ytt\u00f6inen 3-osainen alumiinitikkaat 3x8 askelmaa Krause Tribilo - UC Rent e-pood\" \/>\n<meta property=\"og:description\" content=\"Kevyt kolmiosainen ammattik\u00e4ytt\u00f6\u00f6n tarkoitettu monik\u00e4ytt\u00f6inen alumiiniset tikkaat, joita voidaan k\u00e4ytt\u00e4\u00e4 askel-, luiska- ja jatketikkaana. Tikkaissa on yksi irrotettava tikasosa. Artikli kood 129666 Tikkaat max pituus 5,25 m Tikkan korkeus 2,4 m Paino 15,3kg\" \/>\n<meta property=\"og:url\" content=\"https:\/\/shop.ucrent.ee\/fi\/toode\/monikayttoinen-3-osainen-alumiinitikkaat-3x12-askelmaa-stabilo-krause-3\" \/>\n<meta property=\"og:site_name\" content=\"UC Rent e-pood\" \/>\n<meta property=\"article:modified_time\" content=\"2026-04-15T04:30:17+00:00\" \/>\n<meta property=\"og:image\" content=\"https:\/\/shop.ucrent.ee\/wp-content\/uploads\/2021\/08\/tribilo_3x8_129666_562542388423.png\" \/>\n\t<meta property=\"og:image:width\" content=\"400\" \/>\n\t<meta property=\"og:image:height\" content=\"600\" \/>\n\t<meta property=\"og:image:type\" content=\"image\/png\" \/>\n<meta name=\"twitter:card\" content=\"summary_large_image\" \/>\n<script type=\"application\/ld+json\" class=\"yoast-schema-graph\">{\"@context\":\"https:\/\/schema.org\",\"@graph\":[{\"@type\":\"WebPage\",\"@id\":\"https:\/\/shop.ucrent.ee\/fi\/toode\/monikayttoinen-3-osainen-alumiinitikkaat-3x12-askelmaa-stabilo-krause-3\",\"url\":\"https:\/\/shop.ucrent.ee\/fi\/toode\/monikayttoinen-3-osainen-alumiinitikkaat-3x12-askelmaa-stabilo-krause-3\",\"name\":\"Monik\u00e4ytt\u00f6inen 3-osainen alumiinitikkaat 3x8 askelmaa Krause Tribilo - UC Rent e-pood\",\"isPartOf\":{\"@id\":\"https:\/\/shop.ucrent.ee\/#website\"},\"primaryImageOfPage\":{\"@id\":\"https:\/\/shop.ucrent.ee\/fi\/toode\/monikayttoinen-3-osainen-alumiinitikkaat-3x12-askelmaa-stabilo-krause-3#primaryimage\"},\"image\":{\"@id\":\"https:\/\/shop.ucrent.ee\/fi\/toode\/monikayttoinen-3-osainen-alumiinitikkaat-3x12-askelmaa-stabilo-krause-3#primaryimage\"},\"thumbnailUrl\":\"https:\/\/shop.ucrent.ee\/wp-content\/uploads\/2021\/08\/tribilo_3x8_129666_562542388423.png\",\"datePublished\":\"2021-08-30T13:15:12+00:00\",\"dateModified\":\"2026-04-15T04:30:17+00:00\",\"breadcrumb\":{\"@id\":\"https:\/\/shop.ucrent.ee\/fi\/toode\/monikayttoinen-3-osainen-alumiinitikkaat-3x12-askelmaa-stabilo-krause-3#breadcrumb\"},\"inLanguage\":\"fi\",\"potentialAction\":[{\"@type\":\"ReadAction\",\"target\":[\"https:\/\/shop.ucrent.ee\/fi\/toode\/monikayttoinen-3-osainen-alumiinitikkaat-3x12-askelmaa-stabilo-krause-3\"]}]},{\"@type\":\"ImageObject\",\"inLanguage\":\"fi\",\"@id\":\"https:\/\/shop.ucrent.ee\/fi\/toode\/monikayttoinen-3-osainen-alumiinitikkaat-3x12-askelmaa-stabilo-krause-3#primaryimage\",\"url\":\"https:\/\/shop.ucrent.ee\/wp-content\/uploads\/2021\/08\/tribilo_3x8_129666_562542388423.png\",\"contentUrl\":\"https:\/\/shop.ucrent.ee\/wp-content\/uploads\/2021\/08\/tribilo_3x8_129666_562542388423.png\",\"width\":400,\"height\":600},{\"@type\":\"BreadcrumbList\",\"@id\":\"https:\/\/shop.ucrent.ee\/fi\/toode\/monikayttoinen-3-osainen-alumiinitikkaat-3x12-askelmaa-stabilo-krause-3#breadcrumb\",\"itemListElement\":[{\"@type\":\"ListItem\",\"position\":1,\"name\":\"Home\",\"item\":\"https:\/\/shop.ucrent.ee\/fi\"},{\"@type\":\"ListItem\",\"position\":2,\"name\":\"K\u00f5ik tooted\",\"item\":\"https:\/\/shop.ucrent.ee\/tooted\"},{\"@type\":\"ListItem\",\"position\":3,\"name\":\"Monik\u00e4ytt\u00f6inen 3-osainen alumiinitikkaat 3&#215;8 askelmaa Krause Tribilo\"}]},{\"@type\":\"WebSite\",\"@id\":\"https:\/\/shop.ucrent.ee\/#website\",\"url\":\"https:\/\/shop.ucrent.ee\/\",\"name\":\"UC Rent e-pood\",\"description\":\"\",\"potentialAction\":[{\"@type\":\"SearchAction\",\"target\":{\"@type\":\"EntryPoint\",\"urlTemplate\":\"https:\/\/shop.ucrent.ee\/?s={search_term_string}\"},\"query-input\":{\"@type\":\"PropertyValueSpecification\",\"valueRequired\":true,\"valueName\":\"search_term_string\"}}],\"inLanguage\":\"fi\"}]}<\/script>\n<!-- \/ Yoast SEO plugin. -->","yoast_head_json":{"title":"Monik\u00e4ytt\u00f6inen 3-osainen alumiinitikkaat 3x8 askelmaa Krause Tribilo - UC Rent e-pood","robots":{"index":"index","follow":"follow","max-snippet":"max-snippet:-1","max-image-preview":"max-image-preview:large","max-video-preview":"max-video-preview:-1"},"canonical":"https:\/\/shop.ucrent.ee\/fi\/toode\/monikayttoinen-3-osainen-alumiinitikkaat-3x12-askelmaa-stabilo-krause-3","og_locale":"fi_FI","og_type":"article","og_title":"Monik\u00e4ytt\u00f6inen 3-osainen alumiinitikkaat 3x8 askelmaa Krause Tribilo - UC Rent e-pood","og_description":"Kevyt kolmiosainen ammattik\u00e4ytt\u00f6\u00f6n tarkoitettu monik\u00e4ytt\u00f6inen alumiiniset tikkaat, joita voidaan k\u00e4ytt\u00e4\u00e4 askel-, luiska- ja jatketikkaana. Tikkaissa on yksi irrotettava tikasosa. Artikli kood 129666 Tikkaat max pituus 5,25 m Tikkan korkeus 2,4 m Paino 15,3kg","og_url":"https:\/\/shop.ucrent.ee\/fi\/toode\/monikayttoinen-3-osainen-alumiinitikkaat-3x12-askelmaa-stabilo-krause-3","og_site_name":"UC Rent e-pood","article_modified_time":"2026-04-15T04:30:17+00:00","og_image":[{"width":400,"height":600,"url":"https:\/\/shop.ucrent.ee\/wp-content\/uploads\/2021\/08\/tribilo_3x8_129666_562542388423.png","type":"image\/png"}],"twitter_card":"summary_large_image","schema":{"@context":"https:\/\/schema.org","@graph":[{"@type":"WebPage","@id":"https:\/\/shop.ucrent.ee\/fi\/toode\/monikayttoinen-3-osainen-alumiinitikkaat-3x12-askelmaa-stabilo-krause-3","url":"https:\/\/shop.ucrent.ee\/fi\/toode\/monikayttoinen-3-osainen-alumiinitikkaat-3x12-askelmaa-stabilo-krause-3","name":"Monik\u00e4ytt\u00f6inen 3-osainen alumiinitikkaat 3x8 askelmaa Krause Tribilo - UC Rent e-pood","isPartOf":{"@id":"https:\/\/shop.ucrent.ee\/#website"},"primaryImageOfPage":{"@id":"https:\/\/shop.ucrent.ee\/fi\/toode\/monikayttoinen-3-osainen-alumiinitikkaat-3x12-askelmaa-stabilo-krause-3#primaryimage"},"image":{"@id":"https:\/\/shop.ucrent.ee\/fi\/toode\/monikayttoinen-3-osainen-alumiinitikkaat-3x12-askelmaa-stabilo-krause-3#primaryimage"},"thumbnailUrl":"https:\/\/shop.ucrent.ee\/wp-content\/uploads\/2021\/08\/tribilo_3x8_129666_562542388423.png","datePublished":"2021-08-30T13:15:12+00:00","dateModified":"2026-04-15T04:30:17+00:00","breadcrumb":{"@id":"https:\/\/shop.ucrent.ee\/fi\/toode\/monikayttoinen-3-osainen-alumiinitikkaat-3x12-askelmaa-stabilo-krause-3#breadcrumb"},"inLanguage":"fi","potentialAction":[{"@type":"ReadAction","target":["https:\/\/shop.ucrent.ee\/fi\/toode\/monikayttoinen-3-osainen-alumiinitikkaat-3x12-askelmaa-stabilo-krause-3"]}]},{"@type":"ImageObject","inLanguage":"fi","@id":"https:\/\/shop.ucrent.ee\/fi\/toode\/monikayttoinen-3-osainen-alumiinitikkaat-3x12-askelmaa-stabilo-krause-3#primaryimage","url":"https:\/\/shop.ucrent.ee\/wp-content\/uploads\/2021\/08\/tribilo_3x8_129666_562542388423.png","contentUrl":"https:\/\/shop.ucrent.ee\/wp-content\/uploads\/2021\/08\/tribilo_3x8_129666_562542388423.png","width":400,"height":600},{"@type":"BreadcrumbList","@id":"https:\/\/shop.ucrent.ee\/fi\/toode\/monikayttoinen-3-osainen-alumiinitikkaat-3x12-askelmaa-stabilo-krause-3#breadcrumb","itemListElement":[{"@type":"ListItem","position":1,"name":"Home","item":"https:\/\/shop.ucrent.ee\/fi"},{"@type":"ListItem","position":2,"name":"K\u00f5ik tooted","item":"https:\/\/shop.ucrent.ee\/tooted"},{"@type":"ListItem","position":3,"name":"Monik\u00e4ytt\u00f6inen 3-osainen alumiinitikkaat 3&#215;8 askelmaa Krause Tribilo"}]},{"@type":"WebSite","@id":"https:\/\/shop.ucrent.ee\/#website","url":"https:\/\/shop.ucrent.ee\/","name":"UC Rent e-pood","description":"","potentialAction":[{"@type":"SearchAction","target":{"@type":"EntryPoint","urlTemplate":"https:\/\/shop.ucrent.ee\/?s={search_term_string}"},"query-input":{"@type":"PropertyValueSpecification","valueRequired":true,"valueName":"search_term_string"}}],"inLanguage":"fi"}]}},"_links":{"self":[{"href":"https:\/\/shop.ucrent.ee\/fi\/wp-json\/wp\/v2\/product\/62511","targetHints":{"allow":["GET"]}}],"collection":[{"href":"https:\/\/shop.ucrent.ee\/fi\/wp-json\/wp\/v2\/product"}],"about":[{"href":"https:\/\/shop.ucrent.ee\/fi\/wp-json\/wp\/v2\/types\/product"}],"wp:featuredmedia":[{"embeddable":true,"href":"https:\/\/shop.ucrent.ee\/fi\/wp-json\/wp\/v2\/media\/62512"}],"wp:attachment":[{"href":"https:\/\/shop.ucrent.ee\/fi\/wp-json\/wp\/v2\/media?parent=62511"}],"wp:term":[{"taxonomy":"product_brand","embeddable":true,"href":"https:\/\/shop.ucrent.ee\/fi\/wp-json\/wp\/v2\/product_brand?post=62511"},{"taxonomy":"product_cat","embeddable":true,"href":"https:\/\/shop.ucrent.ee\/fi\/wp-json\/wp\/v2\/product_cat?post=62511"},{"taxonomy":"product_tag","embeddable":true,"href":"https:\/\/shop.ucrent.ee\/fi\/wp-json\/wp\/v2\/product_tag?post=62511"}],"curies":[{"name":"wp","href":"https:\/\/api.w.org\/{rel}","templated":true}]}}