{"id":625803,"date":"2025-11-13T13:48:08","date_gmt":"2025-11-13T11:48:08","guid":{"rendered":"https:\/\/shop.ucrent.ee\/toode\/lammitetty-inva-wc-yhdelle-tankilla-harmaa"},"modified":"2026-04-10T10:48:31","modified_gmt":"2026-04-10T07:48:31","slug":"lammitetty-inva-wc-yhdelle-tankilla-harmaa","status":"publish","type":"product","link":"https:\/\/shop.ucrent.ee\/fi\/toode\/lammitetty-inva-wc-yhdelle-tankilla-harmaa","title":{"rendered":"L\u00e4mmitetty inva-wc, tankilla, harmaa"},"content":{"rendered":"<p>WC-kaappi yhdelle hengelle.<br \/>\nWC-kaappi on valmistettu sandwich-paneeleista, jotka ovat s\u00e4\u00e4n-, l\u00e4mm\u00f6nkest\u00e4vi\u00e4 ja helppo puhdistaa.<br \/>\n220 litraa j\u00e4tevesis\u00e4ili\u00f6t\u00e4, mik\u00e4 vastaa noin 700 k\u00e4ytt\u00f6kertaa.<br \/>\nUlkomitat: 2240 x 2590mm x K &#8211; 2300 mm<br \/>\nSis\u00e4mitat: 2140 x 2490mm x K &#8211; 2200 mm<br \/>\nOven leveys 900mm<br \/>\nOmapaino 330kg<br \/>\nLED-sis\u00e4valaistus liiketunnistimella<br \/>\nJopa vaatteita<br \/>\nIlmanvaihto<br \/>\nLattiakaivo<br \/>\nS\u00e4hk\u00f6liit\u00e4nt\u00e4 230 V &#8211; 16A<br \/>\nASSA lukot ja lukkokotelot<br \/>\nMahdollisuus nostaa trukilla pohjasta<br \/>\nPesuallas<br \/>\nS\u00e4hk\u00f6patteri 500W<br \/>\nPeili<br \/>\nIkkuna 2 kpl<br \/>\nNestem\u00e4isen saippuan annostelija<br \/>\nK\u00e4sintehty paperiteline<br \/>\nRoskakori<br \/>\nPuhdasvesikanisteri 2 x 30 l<br \/>\nWC-paperiteline<br \/>\nOven lis\u00e4lukko merkkivalolla<br \/>\nLiikuntarajoitteiset k\u00e4sinojat ja lis\u00e4kahva<br \/>\nRatkaisun voi tilata my\u00f6s vesi- ja viem\u00e4riliit\u00e4nn\u00f6ill\u00e4!<\/p>\n","protected":false},"excerpt":{"rendered":"WC-kaappi yhdelle hengelle. WC-kaappi on valmistettu sandwich-paneeleista, jotka ovat s\u00e4\u00e4n-, l\u00e4mm\u00f6nkest\u00e4vi\u00e4 ja helppo puhdistaa. 220 litraa j\u00e4tevesis\u00e4ili\u00f6t\u00e4, mik\u00e4 vastaa noin 700 k\u00e4ytt\u00f6kertaa. Ulkomitat: 2240 x 2590mm x K &#8211; 2300 mm Sis\u00e4mitat: 2140 x 2490mm x K &#8211; 2200 mm Oven leveys 900mm Omapaino 330kg LED-sis\u00e4valaistus liiketunnistimella Jopa vaatteita Ilmanvaihto Lattiakaivo S\u00e4hk\u00f6liit\u00e4nt\u00e4 230 V &#8211;&#8230; <a class=\"view-article\" href=\"https:\/\/shop.ucrent.ee\/fi\/toode\/lammitetty-inva-wc-yhdelle-tankilla-harmaa\">View Article<\/a>","protected":false},"featured_media":625776,"template":"","meta":{"_acf_changed":false},"product_brand":[],"product_cat":[395],"product_tag":[],"class_list":{"0":"post-625803","1":"product","2":"type-product","3":"status-publish","4":"has-post-thumbnail","6":"product_cat-siirrettavat_wc","8":"first","9":"instock","10":"taxable","11":"shipping-taxable","12":"purchasable","13":"product-type-simple"},"acf":[],"yoast_head":"<!-- This site is optimized with the Yoast SEO plugin v27.0 - https:\/\/yoast.com\/product\/yoast-seo-wordpress\/ -->\n<title>L\u00e4mmitetty inva-wc, tankilla, harmaa - UC Rent e-pood<\/title>\n<meta name=\"robots\" content=\"index, follow, max-snippet:-1, max-image-preview:large, max-video-preview:-1\" \/>\n<link rel=\"canonical\" href=\"https:\/\/shop.ucrent.ee\/fi\/toode\/lammitetty-inva-wc-yhdelle-tankilla-harmaa\" \/>\n<meta property=\"og:locale\" content=\"fi_FI\" \/>\n<meta property=\"og:type\" content=\"article\" \/>\n<meta property=\"og:title\" content=\"L\u00e4mmitetty inva-wc, tankilla, harmaa - UC Rent e-pood\" \/>\n<meta property=\"og:description\" content=\"WC-kaappi yhdelle hengelle. WC-kaappi on valmistettu sandwich-paneeleista, jotka ovat s\u00e4\u00e4n-, l\u00e4mm\u00f6nkest\u00e4vi\u00e4 ja helppo puhdistaa. 220 litraa j\u00e4tevesis\u00e4ili\u00f6t\u00e4, mik\u00e4 vastaa noin 700 k\u00e4ytt\u00f6kertaa. Ulkomitat: 2240 x 2590mm x K &#8211; 2300 mm Sis\u00e4mitat: 2140 x 2490mm x K &#8211; 2200 mm Oven leveys 900mm Omapaino 330kg LED-sis\u00e4valaistus liiketunnistimella Jopa vaatteita Ilmanvaihto Lattiakaivo S\u00e4hk\u00f6liit\u00e4nt\u00e4 230 V &#8211;... View Article\" \/>\n<meta property=\"og:url\" content=\"https:\/\/shop.ucrent.ee\/fi\/toode\/lammitetty-inva-wc-yhdelle-tankilla-harmaa\" \/>\n<meta property=\"og:site_name\" content=\"UC Rent e-pood\" \/>\n<meta property=\"article:modified_time\" content=\"2026-04-10T07:48:31+00:00\" \/>\n<meta property=\"og:image\" content=\"https:\/\/shop.ucrent.ee\/wp-content\/uploads\/2025\/11\/Inva-wc-Ucrent-scaled.jpg\" \/>\n\t<meta property=\"og:image:width\" content=\"2560\" \/>\n\t<meta property=\"og:image:height\" content=\"2560\" \/>\n\t<meta property=\"og:image:type\" content=\"image\/jpeg\" \/>\n<meta name=\"twitter:card\" content=\"summary_large_image\" \/>\n<meta name=\"twitter:label1\" content=\"Arvioitu lukuaika\" \/>\n\t<meta name=\"twitter:data1\" content=\"1 minuutti\" \/>\n<script type=\"application\/ld+json\" class=\"yoast-schema-graph\">{\"@context\":\"https:\/\/schema.org\",\"@graph\":[{\"@type\":\"WebPage\",\"@id\":\"https:\/\/shop.ucrent.ee\/fi\/toode\/lammitetty-inva-wc-yhdelle-tankilla-harmaa\",\"url\":\"https:\/\/shop.ucrent.ee\/fi\/toode\/lammitetty-inva-wc-yhdelle-tankilla-harmaa\",\"name\":\"L\u00e4mmitetty inva-wc, tankilla, harmaa - UC Rent e-pood\",\"isPartOf\":{\"@id\":\"https:\/\/shop.ucrent.ee\/#website\"},\"primaryImageOfPage\":{\"@id\":\"https:\/\/shop.ucrent.ee\/fi\/toode\/lammitetty-inva-wc-yhdelle-tankilla-harmaa#primaryimage\"},\"image\":{\"@id\":\"https:\/\/shop.ucrent.ee\/fi\/toode\/lammitetty-inva-wc-yhdelle-tankilla-harmaa#primaryimage\"},\"thumbnailUrl\":\"https:\/\/shop.ucrent.ee\/wp-content\/uploads\/2025\/11\/Inva-wc-Ucrent-scaled.jpg\",\"datePublished\":\"2025-11-13T11:48:08+00:00\",\"dateModified\":\"2026-04-10T07:48:31+00:00\",\"breadcrumb\":{\"@id\":\"https:\/\/shop.ucrent.ee\/fi\/toode\/lammitetty-inva-wc-yhdelle-tankilla-harmaa#breadcrumb\"},\"inLanguage\":\"fi\",\"potentialAction\":[{\"@type\":\"ReadAction\",\"target\":[\"https:\/\/shop.ucrent.ee\/fi\/toode\/lammitetty-inva-wc-yhdelle-tankilla-harmaa\"]}]},{\"@type\":\"ImageObject\",\"inLanguage\":\"fi\",\"@id\":\"https:\/\/shop.ucrent.ee\/fi\/toode\/lammitetty-inva-wc-yhdelle-tankilla-harmaa#primaryimage\",\"url\":\"https:\/\/shop.ucrent.ee\/wp-content\/uploads\/2025\/11\/Inva-wc-Ucrent-scaled.jpg\",\"contentUrl\":\"https:\/\/shop.ucrent.ee\/wp-content\/uploads\/2025\/11\/Inva-wc-Ucrent-scaled.jpg\",\"width\":2560,\"height\":2560},{\"@type\":\"BreadcrumbList\",\"@id\":\"https:\/\/shop.ucrent.ee\/fi\/toode\/lammitetty-inva-wc-yhdelle-tankilla-harmaa#breadcrumb\",\"itemListElement\":[{\"@type\":\"ListItem\",\"position\":1,\"name\":\"Home\",\"item\":\"https:\/\/shop.ucrent.ee\/fi\"},{\"@type\":\"ListItem\",\"position\":2,\"name\":\"K\u00f5ik tooted\",\"item\":\"https:\/\/shop.ucrent.ee\/tooted\"},{\"@type\":\"ListItem\",\"position\":3,\"name\":\"L\u00e4mmitetty inva-wc, tankilla, harmaa\"}]},{\"@type\":\"WebSite\",\"@id\":\"https:\/\/shop.ucrent.ee\/#website\",\"url\":\"https:\/\/shop.ucrent.ee\/\",\"name\":\"UC Rent e-pood\",\"description\":\"\",\"potentialAction\":[{\"@type\":\"SearchAction\",\"target\":{\"@type\":\"EntryPoint\",\"urlTemplate\":\"https:\/\/shop.ucrent.ee\/?s={search_term_string}\"},\"query-input\":{\"@type\":\"PropertyValueSpecification\",\"valueRequired\":true,\"valueName\":\"search_term_string\"}}],\"inLanguage\":\"fi\"}]}<\/script>\n<!-- \/ Yoast SEO plugin. -->","yoast_head_json":{"title":"L\u00e4mmitetty inva-wc, tankilla, harmaa - UC Rent e-pood","robots":{"index":"index","follow":"follow","max-snippet":"max-snippet:-1","max-image-preview":"max-image-preview:large","max-video-preview":"max-video-preview:-1"},"canonical":"https:\/\/shop.ucrent.ee\/fi\/toode\/lammitetty-inva-wc-yhdelle-tankilla-harmaa","og_locale":"fi_FI","og_type":"article","og_title":"L\u00e4mmitetty inva-wc, tankilla, harmaa - UC Rent e-pood","og_description":"WC-kaappi yhdelle hengelle. WC-kaappi on valmistettu sandwich-paneeleista, jotka ovat s\u00e4\u00e4n-, l\u00e4mm\u00f6nkest\u00e4vi\u00e4 ja helppo puhdistaa. 220 litraa j\u00e4tevesis\u00e4ili\u00f6t\u00e4, mik\u00e4 vastaa noin 700 k\u00e4ytt\u00f6kertaa. Ulkomitat: 2240 x 2590mm x K &#8211; 2300 mm Sis\u00e4mitat: 2140 x 2490mm x K &#8211; 2200 mm Oven leveys 900mm Omapaino 330kg LED-sis\u00e4valaistus liiketunnistimella Jopa vaatteita Ilmanvaihto Lattiakaivo S\u00e4hk\u00f6liit\u00e4nt\u00e4 230 V &#8211;... View Article","og_url":"https:\/\/shop.ucrent.ee\/fi\/toode\/lammitetty-inva-wc-yhdelle-tankilla-harmaa","og_site_name":"UC Rent e-pood","article_modified_time":"2026-04-10T07:48:31+00:00","og_image":[{"width":2560,"height":2560,"url":"https:\/\/shop.ucrent.ee\/wp-content\/uploads\/2025\/11\/Inva-wc-Ucrent-scaled.jpg","type":"image\/jpeg"}],"twitter_card":"summary_large_image","twitter_misc":{"Arvioitu lukuaika":"1 minuutti"},"schema":{"@context":"https:\/\/schema.org","@graph":[{"@type":"WebPage","@id":"https:\/\/shop.ucrent.ee\/fi\/toode\/lammitetty-inva-wc-yhdelle-tankilla-harmaa","url":"https:\/\/shop.ucrent.ee\/fi\/toode\/lammitetty-inva-wc-yhdelle-tankilla-harmaa","name":"L\u00e4mmitetty inva-wc, tankilla, harmaa - UC Rent e-pood","isPartOf":{"@id":"https:\/\/shop.ucrent.ee\/#website"},"primaryImageOfPage":{"@id":"https:\/\/shop.ucrent.ee\/fi\/toode\/lammitetty-inva-wc-yhdelle-tankilla-harmaa#primaryimage"},"image":{"@id":"https:\/\/shop.ucrent.ee\/fi\/toode\/lammitetty-inva-wc-yhdelle-tankilla-harmaa#primaryimage"},"thumbnailUrl":"https:\/\/shop.ucrent.ee\/wp-content\/uploads\/2025\/11\/Inva-wc-Ucrent-scaled.jpg","datePublished":"2025-11-13T11:48:08+00:00","dateModified":"2026-04-10T07:48:31+00:00","breadcrumb":{"@id":"https:\/\/shop.ucrent.ee\/fi\/toode\/lammitetty-inva-wc-yhdelle-tankilla-harmaa#breadcrumb"},"inLanguage":"fi","potentialAction":[{"@type":"ReadAction","target":["https:\/\/shop.ucrent.ee\/fi\/toode\/lammitetty-inva-wc-yhdelle-tankilla-harmaa"]}]},{"@type":"ImageObject","inLanguage":"fi","@id":"https:\/\/shop.ucrent.ee\/fi\/toode\/lammitetty-inva-wc-yhdelle-tankilla-harmaa#primaryimage","url":"https:\/\/shop.ucrent.ee\/wp-content\/uploads\/2025\/11\/Inva-wc-Ucrent-scaled.jpg","contentUrl":"https:\/\/shop.ucrent.ee\/wp-content\/uploads\/2025\/11\/Inva-wc-Ucrent-scaled.jpg","width":2560,"height":2560},{"@type":"BreadcrumbList","@id":"https:\/\/shop.ucrent.ee\/fi\/toode\/lammitetty-inva-wc-yhdelle-tankilla-harmaa#breadcrumb","itemListElement":[{"@type":"ListItem","position":1,"name":"Home","item":"https:\/\/shop.ucrent.ee\/fi"},{"@type":"ListItem","position":2,"name":"K\u00f5ik tooted","item":"https:\/\/shop.ucrent.ee\/tooted"},{"@type":"ListItem","position":3,"name":"L\u00e4mmitetty inva-wc, tankilla, harmaa"}]},{"@type":"WebSite","@id":"https:\/\/shop.ucrent.ee\/#website","url":"https:\/\/shop.ucrent.ee\/","name":"UC Rent e-pood","description":"","potentialAction":[{"@type":"SearchAction","target":{"@type":"EntryPoint","urlTemplate":"https:\/\/shop.ucrent.ee\/?s={search_term_string}"},"query-input":{"@type":"PropertyValueSpecification","valueRequired":true,"valueName":"search_term_string"}}],"inLanguage":"fi"}]}},"_links":{"self":[{"href":"https:\/\/shop.ucrent.ee\/fi\/wp-json\/wp\/v2\/product\/625803","targetHints":{"allow":["GET"]}}],"collection":[{"href":"https:\/\/shop.ucrent.ee\/fi\/wp-json\/wp\/v2\/product"}],"about":[{"href":"https:\/\/shop.ucrent.ee\/fi\/wp-json\/wp\/v2\/types\/product"}],"wp:featuredmedia":[{"embeddable":true,"href":"https:\/\/shop.ucrent.ee\/fi\/wp-json\/wp\/v2\/media\/625776"}],"wp:attachment":[{"href":"https:\/\/shop.ucrent.ee\/fi\/wp-json\/wp\/v2\/media?parent=625803"}],"wp:term":[{"taxonomy":"product_brand","embeddable":true,"href":"https:\/\/shop.ucrent.ee\/fi\/wp-json\/wp\/v2\/product_brand?post=625803"},{"taxonomy":"product_cat","embeddable":true,"href":"https:\/\/shop.ucrent.ee\/fi\/wp-json\/wp\/v2\/product_cat?post=625803"},{"taxonomy":"product_tag","embeddable":true,"href":"https:\/\/shop.ucrent.ee\/fi\/wp-json\/wp\/v2\/product_tag?post=625803"}],"curies":[{"name":"wp","href":"https:\/\/api.w.org\/{rel}","templated":true}]}}