{"id":625835,"date":"2025-11-13T14:01:57","date_gmt":"2025-11-13T12:01:57","guid":{"rendered":"https:\/\/shop.ucrent.ee\/toode\/containex-basic-toimisto-ja-tyomaakontti-panoraami-ikkuna24x6m"},"modified":"2026-04-18T06:32:25","modified_gmt":"2026-04-18T03:32:25","slug":"containex-basic-toimisto-ja-tyomaakontti-panoraami-ikkuna24x6m","status":"publish","type":"product","link":"https:\/\/shop.ucrent.ee\/fi\/toode\/containex-basic-toimisto-ja-tyomaakontti-panoraami-ikkuna24x6m","title":{"rendered":"Containex BASIC toimisto- ja ty\u00f6maakontti + panoraami ikkuna2,4x6m"},"content":{"rendered":"<p>Containex BASIC toimisto- ja ty\u00f6maakontti 2,4x6m panoraamaikkunalla.<br \/>\n&#8211; Ulkomitat 2,44 x 6,06 m x K 2,59 m.<br \/>\n&#8211; Sis\u00e4mitat: 2,30 x 5,92 m x K 2,34 m.<br \/>\n&#8211; Paino: ~1600kg<br \/>\n&#8211; Ulkov\u00e4ri vaaleanharmaa RAL 7035 tai tummanharmaa RAL 7016, sis\u00e4v\u00e4ri valkoinen.<br \/>\n&#8211; Sarja sis\u00e4lt\u00e4\u00e4 1 avattavan pakkausikkunan, 1 panoraamaikkuna ja lukittavan eristetyn metallioven 875&#215;2125 mm, lukon ja kahvan, kattovalaisimen, 2 pistorasiaa, kattovalaisimen kytkimen, s\u00e4hk\u00f6paneelin ja ulkoisen pistorasian 230V\/32A\/3-napaisen<br \/>\n&#8211; Kontin sein\u00e4t koostuvat moduuleista, sivusein\u00e4 5 moduulista, p\u00e4\u00e4tysein\u00e4 2 moduulia, mik\u00e4 mahdollistaa ikkunoiden ja ovien sijoittamisen<br \/>\n vapaasti valita.<br \/>\n&#8211; Sein\u00e4t on p\u00e4\u00e4llystetty ulkopuolelta galvanoiduilla ter\u00e4slevyill\u00e4, katto on valssattua ja galvanoitua tai maalattua pelti\u00e4, sis\u00e4puolen sein\u00e4t ovat maalattuja ter\u00e4slevyj\u00e4 ja katto on laminoitu<br \/>\n&#8211; Eristys: lattia &#8211; mineraalivilla 60mm tai PU levyt, sein\u00e4t &#8211; PU-vaahto 45mm (vastaa ~60mm mineraalivillaa), katto &#8211; mineraalivillalla 100mm<br \/>\n&#8211; Tarjoamissamme konteissa on CE-merkint\u00e4, mik\u00e4 varmistaa EU:n vaatimukset t\u00e4ytt\u00e4v\u00e4n s\u00e4hk\u00f6j\u00e4rjestelmien ja rakentamisen laadun.<br \/>\n&#8211; Konttit t\u00e4ytt\u00e4v\u00e4t ISO-standardit.<\/p>\n","protected":false},"excerpt":{"rendered":"Containex BASIC toimisto- ja ty\u00f6maakontti 2,4x6m panoraamaikkunalla. &#8211; Ulkomitat 2,44 x 6,06 m x K 2,59 m. &#8211; Sis\u00e4mitat: 2,30 x 5,92 m x K 2,34 m. &#8211; Paino: ~1600kg &#8211; Ulkov\u00e4ri vaaleanharmaa RAL 7035 tai tummanharmaa RAL 7016, sis\u00e4v\u00e4ri valkoinen. &#8211; Sarja sis\u00e4lt\u00e4\u00e4 1 avattavan pakkausikkunan, 1 panoraamaikkuna ja lukittavan eristetyn metallioven 875&#215;2125 mm,&#8230; <a class=\"view-article\" href=\"https:\/\/shop.ucrent.ee\/fi\/toode\/containex-basic-toimisto-ja-tyomaakontti-panoraami-ikkuna24x6m\">View Article<\/a>","protected":false},"featured_media":625836,"template":"","meta":{"_acf_changed":false},"product_brand":[],"product_cat":[639],"product_tag":[],"class_list":{"0":"post-625835","1":"product","2":"type-product","3":"status-publish","4":"has-post-thumbnail","6":"product_cat-e-pood_soojak_2_4_x_6m_fi","8":"first","9":"instock","10":"taxable","11":"shipping-taxable","12":"purchasable","13":"product-type-simple"},"acf":[],"yoast_head":"<!-- This site is optimized with the Yoast SEO plugin v27.0 - https:\/\/yoast.com\/product\/yoast-seo-wordpress\/ -->\n<title>Containex BASIC toimisto- ja ty\u00f6maakontti + panoraami ikkuna2,4x6m - UC Rent e-pood<\/title>\n<meta name=\"robots\" content=\"index, follow, max-snippet:-1, max-image-preview:large, max-video-preview:-1\" \/>\n<link rel=\"canonical\" href=\"https:\/\/shop.ucrent.ee\/fi\/toode\/containex-basic-toimisto-ja-tyomaakontti-panoraami-ikkuna24x6m\" \/>\n<meta property=\"og:locale\" content=\"fi_FI\" \/>\n<meta property=\"og:type\" content=\"article\" \/>\n<meta property=\"og:title\" content=\"Containex BASIC toimisto- ja ty\u00f6maakontti + panoraami ikkuna2,4x6m - UC Rent e-pood\" \/>\n<meta property=\"og:description\" content=\"Containex BASIC toimisto- ja ty\u00f6maakontti 2,4x6m panoraamaikkunalla. &#8211; Ulkomitat 2,44 x 6,06 m x K 2,59 m. &#8211; Sis\u00e4mitat: 2,30 x 5,92 m x K 2,34 m. &#8211; Paino: ~1600kg &#8211; Ulkov\u00e4ri vaaleanharmaa RAL 7035 tai tummanharmaa RAL 7016, sis\u00e4v\u00e4ri valkoinen. &#8211; Sarja sis\u00e4lt\u00e4\u00e4 1 avattavan pakkausikkunan, 1 panoraamaikkuna ja lukittavan eristetyn metallioven 875&#215;2125 mm,... View Article\" \/>\n<meta property=\"og:url\" content=\"https:\/\/shop.ucrent.ee\/fi\/toode\/containex-basic-toimisto-ja-tyomaakontti-panoraami-ikkuna24x6m\" \/>\n<meta property=\"og:site_name\" content=\"UC Rent e-pood\" \/>\n<meta property=\"article:modified_time\" content=\"2026-04-18T03:32:25+00:00\" \/>\n<meta property=\"og:image\" content=\"https:\/\/shop.ucrent.ee\/wp-content\/uploads\/2025\/11\/Containex-Basic-panoraam-aken-Ucrent-scaled.jpg\" \/>\n\t<meta property=\"og:image:width\" content=\"2560\" \/>\n\t<meta property=\"og:image:height\" content=\"2560\" \/>\n\t<meta property=\"og:image:type\" content=\"image\/jpeg\" \/>\n<meta name=\"twitter:card\" content=\"summary_large_image\" \/>\n<meta name=\"twitter:label1\" content=\"Arvioitu lukuaika\" \/>\n\t<meta name=\"twitter:data1\" content=\"1 minuutti\" \/>\n<script type=\"application\/ld+json\" class=\"yoast-schema-graph\">{\"@context\":\"https:\/\/schema.org\",\"@graph\":[{\"@type\":\"WebPage\",\"@id\":\"https:\/\/shop.ucrent.ee\/fi\/toode\/containex-basic-toimisto-ja-tyomaakontti-panoraami-ikkuna24x6m\",\"url\":\"https:\/\/shop.ucrent.ee\/fi\/toode\/containex-basic-toimisto-ja-tyomaakontti-panoraami-ikkuna24x6m\",\"name\":\"Containex BASIC toimisto- ja ty\u00f6maakontti + panoraami ikkuna2,4x6m - UC Rent e-pood\",\"isPartOf\":{\"@id\":\"https:\/\/shop.ucrent.ee\/#website\"},\"primaryImageOfPage\":{\"@id\":\"https:\/\/shop.ucrent.ee\/fi\/toode\/containex-basic-toimisto-ja-tyomaakontti-panoraami-ikkuna24x6m#primaryimage\"},\"image\":{\"@id\":\"https:\/\/shop.ucrent.ee\/fi\/toode\/containex-basic-toimisto-ja-tyomaakontti-panoraami-ikkuna24x6m#primaryimage\"},\"thumbnailUrl\":\"https:\/\/shop.ucrent.ee\/wp-content\/uploads\/2025\/11\/Containex-Basic-panoraam-aken-Ucrent-scaled.jpg\",\"datePublished\":\"2025-11-13T12:01:57+00:00\",\"dateModified\":\"2026-04-18T03:32:25+00:00\",\"breadcrumb\":{\"@id\":\"https:\/\/shop.ucrent.ee\/fi\/toode\/containex-basic-toimisto-ja-tyomaakontti-panoraami-ikkuna24x6m#breadcrumb\"},\"inLanguage\":\"fi\",\"potentialAction\":[{\"@type\":\"ReadAction\",\"target\":[\"https:\/\/shop.ucrent.ee\/fi\/toode\/containex-basic-toimisto-ja-tyomaakontti-panoraami-ikkuna24x6m\"]}]},{\"@type\":\"ImageObject\",\"inLanguage\":\"fi\",\"@id\":\"https:\/\/shop.ucrent.ee\/fi\/toode\/containex-basic-toimisto-ja-tyomaakontti-panoraami-ikkuna24x6m#primaryimage\",\"url\":\"https:\/\/shop.ucrent.ee\/wp-content\/uploads\/2025\/11\/Containex-Basic-panoraam-aken-Ucrent-scaled.jpg\",\"contentUrl\":\"https:\/\/shop.ucrent.ee\/wp-content\/uploads\/2025\/11\/Containex-Basic-panoraam-aken-Ucrent-scaled.jpg\",\"width\":2560,\"height\":2560},{\"@type\":\"BreadcrumbList\",\"@id\":\"https:\/\/shop.ucrent.ee\/fi\/toode\/containex-basic-toimisto-ja-tyomaakontti-panoraami-ikkuna24x6m#breadcrumb\",\"itemListElement\":[{\"@type\":\"ListItem\",\"position\":1,\"name\":\"Home\",\"item\":\"https:\/\/shop.ucrent.ee\/fi\"},{\"@type\":\"ListItem\",\"position\":2,\"name\":\"K\u00f5ik tooted\",\"item\":\"https:\/\/shop.ucrent.ee\/tooted\"},{\"@type\":\"ListItem\",\"position\":3,\"name\":\"Containex BASIC toimisto- ja ty\u00f6maakontti + panoraami ikkuna2,4x6m\"}]},{\"@type\":\"WebSite\",\"@id\":\"https:\/\/shop.ucrent.ee\/#website\",\"url\":\"https:\/\/shop.ucrent.ee\/\",\"name\":\"UC Rent e-pood\",\"description\":\"\",\"potentialAction\":[{\"@type\":\"SearchAction\",\"target\":{\"@type\":\"EntryPoint\",\"urlTemplate\":\"https:\/\/shop.ucrent.ee\/?s={search_term_string}\"},\"query-input\":{\"@type\":\"PropertyValueSpecification\",\"valueRequired\":true,\"valueName\":\"search_term_string\"}}],\"inLanguage\":\"fi\"}]}<\/script>\n<!-- \/ Yoast SEO plugin. -->","yoast_head_json":{"title":"Containex BASIC toimisto- ja ty\u00f6maakontti + panoraami ikkuna2,4x6m - UC Rent e-pood","robots":{"index":"index","follow":"follow","max-snippet":"max-snippet:-1","max-image-preview":"max-image-preview:large","max-video-preview":"max-video-preview:-1"},"canonical":"https:\/\/shop.ucrent.ee\/fi\/toode\/containex-basic-toimisto-ja-tyomaakontti-panoraami-ikkuna24x6m","og_locale":"fi_FI","og_type":"article","og_title":"Containex BASIC toimisto- ja ty\u00f6maakontti + panoraami ikkuna2,4x6m - UC Rent e-pood","og_description":"Containex BASIC toimisto- ja ty\u00f6maakontti 2,4x6m panoraamaikkunalla. &#8211; Ulkomitat 2,44 x 6,06 m x K 2,59 m. &#8211; Sis\u00e4mitat: 2,30 x 5,92 m x K 2,34 m. &#8211; Paino: ~1600kg &#8211; Ulkov\u00e4ri vaaleanharmaa RAL 7035 tai tummanharmaa RAL 7016, sis\u00e4v\u00e4ri valkoinen. &#8211; Sarja sis\u00e4lt\u00e4\u00e4 1 avattavan pakkausikkunan, 1 panoraamaikkuna ja lukittavan eristetyn metallioven 875&#215;2125 mm,... View Article","og_url":"https:\/\/shop.ucrent.ee\/fi\/toode\/containex-basic-toimisto-ja-tyomaakontti-panoraami-ikkuna24x6m","og_site_name":"UC Rent e-pood","article_modified_time":"2026-04-18T03:32:25+00:00","og_image":[{"width":2560,"height":2560,"url":"https:\/\/shop.ucrent.ee\/wp-content\/uploads\/2025\/11\/Containex-Basic-panoraam-aken-Ucrent-scaled.jpg","type":"image\/jpeg"}],"twitter_card":"summary_large_image","twitter_misc":{"Arvioitu lukuaika":"1 minuutti"},"schema":{"@context":"https:\/\/schema.org","@graph":[{"@type":"WebPage","@id":"https:\/\/shop.ucrent.ee\/fi\/toode\/containex-basic-toimisto-ja-tyomaakontti-panoraami-ikkuna24x6m","url":"https:\/\/shop.ucrent.ee\/fi\/toode\/containex-basic-toimisto-ja-tyomaakontti-panoraami-ikkuna24x6m","name":"Containex BASIC toimisto- ja ty\u00f6maakontti + panoraami ikkuna2,4x6m - UC Rent e-pood","isPartOf":{"@id":"https:\/\/shop.ucrent.ee\/#website"},"primaryImageOfPage":{"@id":"https:\/\/shop.ucrent.ee\/fi\/toode\/containex-basic-toimisto-ja-tyomaakontti-panoraami-ikkuna24x6m#primaryimage"},"image":{"@id":"https:\/\/shop.ucrent.ee\/fi\/toode\/containex-basic-toimisto-ja-tyomaakontti-panoraami-ikkuna24x6m#primaryimage"},"thumbnailUrl":"https:\/\/shop.ucrent.ee\/wp-content\/uploads\/2025\/11\/Containex-Basic-panoraam-aken-Ucrent-scaled.jpg","datePublished":"2025-11-13T12:01:57+00:00","dateModified":"2026-04-18T03:32:25+00:00","breadcrumb":{"@id":"https:\/\/shop.ucrent.ee\/fi\/toode\/containex-basic-toimisto-ja-tyomaakontti-panoraami-ikkuna24x6m#breadcrumb"},"inLanguage":"fi","potentialAction":[{"@type":"ReadAction","target":["https:\/\/shop.ucrent.ee\/fi\/toode\/containex-basic-toimisto-ja-tyomaakontti-panoraami-ikkuna24x6m"]}]},{"@type":"ImageObject","inLanguage":"fi","@id":"https:\/\/shop.ucrent.ee\/fi\/toode\/containex-basic-toimisto-ja-tyomaakontti-panoraami-ikkuna24x6m#primaryimage","url":"https:\/\/shop.ucrent.ee\/wp-content\/uploads\/2025\/11\/Containex-Basic-panoraam-aken-Ucrent-scaled.jpg","contentUrl":"https:\/\/shop.ucrent.ee\/wp-content\/uploads\/2025\/11\/Containex-Basic-panoraam-aken-Ucrent-scaled.jpg","width":2560,"height":2560},{"@type":"BreadcrumbList","@id":"https:\/\/shop.ucrent.ee\/fi\/toode\/containex-basic-toimisto-ja-tyomaakontti-panoraami-ikkuna24x6m#breadcrumb","itemListElement":[{"@type":"ListItem","position":1,"name":"Home","item":"https:\/\/shop.ucrent.ee\/fi"},{"@type":"ListItem","position":2,"name":"K\u00f5ik tooted","item":"https:\/\/shop.ucrent.ee\/tooted"},{"@type":"ListItem","position":3,"name":"Containex BASIC toimisto- ja ty\u00f6maakontti + panoraami ikkuna2,4x6m"}]},{"@type":"WebSite","@id":"https:\/\/shop.ucrent.ee\/#website","url":"https:\/\/shop.ucrent.ee\/","name":"UC Rent e-pood","description":"","potentialAction":[{"@type":"SearchAction","target":{"@type":"EntryPoint","urlTemplate":"https:\/\/shop.ucrent.ee\/?s={search_term_string}"},"query-input":{"@type":"PropertyValueSpecification","valueRequired":true,"valueName":"search_term_string"}}],"inLanguage":"fi"}]}},"_links":{"self":[{"href":"https:\/\/shop.ucrent.ee\/fi\/wp-json\/wp\/v2\/product\/625835","targetHints":{"allow":["GET"]}}],"collection":[{"href":"https:\/\/shop.ucrent.ee\/fi\/wp-json\/wp\/v2\/product"}],"about":[{"href":"https:\/\/shop.ucrent.ee\/fi\/wp-json\/wp\/v2\/types\/product"}],"wp:featuredmedia":[{"embeddable":true,"href":"https:\/\/shop.ucrent.ee\/fi\/wp-json\/wp\/v2\/media\/625836"}],"wp:attachment":[{"href":"https:\/\/shop.ucrent.ee\/fi\/wp-json\/wp\/v2\/media?parent=625835"}],"wp:term":[{"taxonomy":"product_brand","embeddable":true,"href":"https:\/\/shop.ucrent.ee\/fi\/wp-json\/wp\/v2\/product_brand?post=625835"},{"taxonomy":"product_cat","embeddable":true,"href":"https:\/\/shop.ucrent.ee\/fi\/wp-json\/wp\/v2\/product_cat?post=625835"},{"taxonomy":"product_tag","embeddable":true,"href":"https:\/\/shop.ucrent.ee\/fi\/wp-json\/wp\/v2\/product_tag?post=625835"}],"curies":[{"name":"wp","href":"https:\/\/api.w.org\/{rel}","templated":true}]}}