{"id":626123,"date":"2026-01-02T13:30:35","date_gmt":"2026-01-02T11:30:35","guid":{"rendered":"https:\/\/shop.ucrent.ee\/toode\/kaytetty-6-m-pop-up-teltan-sivukate-valkoinen"},"modified":"2026-04-09T18:00:35","modified_gmt":"2026-04-09T15:00:35","slug":"kaytetty-6-m-pop-up-teltan-sivukate-valkoinen","status":"publish","type":"product","link":"https:\/\/shop.ucrent.ee\/fi\/toode\/kaytetty-6-m-pop-up-teltan-sivukate-valkoinen","title":{"rendered":"K\u00e4ytetty 6 m pop-up -teltan sivukate, valkoinen"},"content":{"rendered":"<p>K\u00e4ytetty pop-up -teltan sivukate.<br \/>\nSaattaa olla likaa, pieni\u00e4 reiki\u00e4 tms.<\/p>\n","protected":false},"excerpt":{"rendered":"K\u00e4ytetty pop-up -teltan sivukate. Saattaa olla likaa, pieni\u00e4 reiki\u00e4 tms.","protected":false},"featured_media":0,"template":"","meta":{"_acf_changed":false},"product_brand":[],"product_cat":[668],"product_tag":[],"class_list":{"0":"post-626123","1":"product","2":"type-product","3":"status-publish","5":"product_cat-kasutatud_pop_up_telgid_fi","7":"first","8":"instock","9":"sale","10":"taxable","11":"shipping-taxable","12":"purchasable","13":"product-type-simple"},"acf":[],"yoast_head":"<!-- This site is optimized with the Yoast SEO plugin v27.0 - https:\/\/yoast.com\/product\/yoast-seo-wordpress\/ -->\n<title>K\u00e4ytetty 6 m pop-up -teltan sivukate, valkoinen - UC Rent e-pood<\/title>\n<meta name=\"robots\" content=\"index, follow, max-snippet:-1, max-image-preview:large, max-video-preview:-1\" \/>\n<link rel=\"canonical\" href=\"https:\/\/shop.ucrent.ee\/fi\/toode\/kaytetty-6-m-pop-up-teltan-sivukate-valkoinen\" \/>\n<meta property=\"og:locale\" content=\"fi_FI\" \/>\n<meta property=\"og:type\" content=\"article\" \/>\n<meta property=\"og:title\" content=\"K\u00e4ytetty 6 m pop-up -teltan sivukate, valkoinen - UC Rent e-pood\" \/>\n<meta property=\"og:description\" content=\"K\u00e4ytetty pop-up -teltan sivukate. Saattaa olla likaa, pieni\u00e4 reiki\u00e4 tms.\" \/>\n<meta property=\"og:url\" content=\"https:\/\/shop.ucrent.ee\/fi\/toode\/kaytetty-6-m-pop-up-teltan-sivukate-valkoinen\" \/>\n<meta property=\"og:site_name\" content=\"UC Rent e-pood\" \/>\n<meta property=\"article:modified_time\" content=\"2026-04-09T15:00:35+00:00\" \/>\n<meta property=\"og:image\" content=\"https:\/\/shop.ucrent.ee\/wp-content\/uploads\/2020\/01\/Fb-share_uc.png\" \/>\n\t<meta property=\"og:image:width\" content=\"1800\" \/>\n\t<meta property=\"og:image:height\" content=\"945\" \/>\n\t<meta property=\"og:image:type\" content=\"image\/png\" \/>\n<meta name=\"twitter:card\" content=\"summary_large_image\" \/>\n<script type=\"application\/ld+json\" class=\"yoast-schema-graph\">{\"@context\":\"https:\/\/schema.org\",\"@graph\":[{\"@type\":\"WebPage\",\"@id\":\"https:\/\/shop.ucrent.ee\/fi\/toode\/kaytetty-6-m-pop-up-teltan-sivukate-valkoinen\",\"url\":\"https:\/\/shop.ucrent.ee\/fi\/toode\/kaytetty-6-m-pop-up-teltan-sivukate-valkoinen\",\"name\":\"K\u00e4ytetty 6 m pop-up -teltan sivukate, valkoinen - UC Rent e-pood\",\"isPartOf\":{\"@id\":\"https:\/\/shop.ucrent.ee\/#website\"},\"datePublished\":\"2026-01-02T11:30:35+00:00\",\"dateModified\":\"2026-04-09T15:00:35+00:00\",\"breadcrumb\":{\"@id\":\"https:\/\/shop.ucrent.ee\/fi\/toode\/kaytetty-6-m-pop-up-teltan-sivukate-valkoinen#breadcrumb\"},\"inLanguage\":\"fi\",\"potentialAction\":[{\"@type\":\"ReadAction\",\"target\":[\"https:\/\/shop.ucrent.ee\/fi\/toode\/kaytetty-6-m-pop-up-teltan-sivukate-valkoinen\"]}]},{\"@type\":\"BreadcrumbList\",\"@id\":\"https:\/\/shop.ucrent.ee\/fi\/toode\/kaytetty-6-m-pop-up-teltan-sivukate-valkoinen#breadcrumb\",\"itemListElement\":[{\"@type\":\"ListItem\",\"position\":1,\"name\":\"Home\",\"item\":\"https:\/\/shop.ucrent.ee\/fi\"},{\"@type\":\"ListItem\",\"position\":2,\"name\":\"K\u00f5ik tooted\",\"item\":\"https:\/\/shop.ucrent.ee\/tooted\"},{\"@type\":\"ListItem\",\"position\":3,\"name\":\"K\u00e4ytetty 6 m pop-up -teltan sivukate, valkoinen\"}]},{\"@type\":\"WebSite\",\"@id\":\"https:\/\/shop.ucrent.ee\/#website\",\"url\":\"https:\/\/shop.ucrent.ee\/\",\"name\":\"UC Rent e-pood\",\"description\":\"\",\"potentialAction\":[{\"@type\":\"SearchAction\",\"target\":{\"@type\":\"EntryPoint\",\"urlTemplate\":\"https:\/\/shop.ucrent.ee\/?s={search_term_string}\"},\"query-input\":{\"@type\":\"PropertyValueSpecification\",\"valueRequired\":true,\"valueName\":\"search_term_string\"}}],\"inLanguage\":\"fi\"}]}<\/script>\n<!-- \/ Yoast SEO plugin. -->","yoast_head_json":{"title":"K\u00e4ytetty 6 m pop-up -teltan sivukate, valkoinen - UC Rent e-pood","robots":{"index":"index","follow":"follow","max-snippet":"max-snippet:-1","max-image-preview":"max-image-preview:large","max-video-preview":"max-video-preview:-1"},"canonical":"https:\/\/shop.ucrent.ee\/fi\/toode\/kaytetty-6-m-pop-up-teltan-sivukate-valkoinen","og_locale":"fi_FI","og_type":"article","og_title":"K\u00e4ytetty 6 m pop-up -teltan sivukate, valkoinen - UC Rent e-pood","og_description":"K\u00e4ytetty pop-up -teltan sivukate. Saattaa olla likaa, pieni\u00e4 reiki\u00e4 tms.","og_url":"https:\/\/shop.ucrent.ee\/fi\/toode\/kaytetty-6-m-pop-up-teltan-sivukate-valkoinen","og_site_name":"UC Rent e-pood","article_modified_time":"2026-04-09T15:00:35+00:00","og_image":[{"width":1800,"height":945,"url":"https:\/\/shop.ucrent.ee\/wp-content\/uploads\/2020\/01\/Fb-share_uc.png","type":"image\/png"}],"twitter_card":"summary_large_image","schema":{"@context":"https:\/\/schema.org","@graph":[{"@type":"WebPage","@id":"https:\/\/shop.ucrent.ee\/fi\/toode\/kaytetty-6-m-pop-up-teltan-sivukate-valkoinen","url":"https:\/\/shop.ucrent.ee\/fi\/toode\/kaytetty-6-m-pop-up-teltan-sivukate-valkoinen","name":"K\u00e4ytetty 6 m pop-up -teltan sivukate, valkoinen - UC Rent e-pood","isPartOf":{"@id":"https:\/\/shop.ucrent.ee\/#website"},"datePublished":"2026-01-02T11:30:35+00:00","dateModified":"2026-04-09T15:00:35+00:00","breadcrumb":{"@id":"https:\/\/shop.ucrent.ee\/fi\/toode\/kaytetty-6-m-pop-up-teltan-sivukate-valkoinen#breadcrumb"},"inLanguage":"fi","potentialAction":[{"@type":"ReadAction","target":["https:\/\/shop.ucrent.ee\/fi\/toode\/kaytetty-6-m-pop-up-teltan-sivukate-valkoinen"]}]},{"@type":"BreadcrumbList","@id":"https:\/\/shop.ucrent.ee\/fi\/toode\/kaytetty-6-m-pop-up-teltan-sivukate-valkoinen#breadcrumb","itemListElement":[{"@type":"ListItem","position":1,"name":"Home","item":"https:\/\/shop.ucrent.ee\/fi"},{"@type":"ListItem","position":2,"name":"K\u00f5ik tooted","item":"https:\/\/shop.ucrent.ee\/tooted"},{"@type":"ListItem","position":3,"name":"K\u00e4ytetty 6 m pop-up -teltan sivukate, valkoinen"}]},{"@type":"WebSite","@id":"https:\/\/shop.ucrent.ee\/#website","url":"https:\/\/shop.ucrent.ee\/","name":"UC Rent e-pood","description":"","potentialAction":[{"@type":"SearchAction","target":{"@type":"EntryPoint","urlTemplate":"https:\/\/shop.ucrent.ee\/?s={search_term_string}"},"query-input":{"@type":"PropertyValueSpecification","valueRequired":true,"valueName":"search_term_string"}}],"inLanguage":"fi"}]}},"_links":{"self":[{"href":"https:\/\/shop.ucrent.ee\/fi\/wp-json\/wp\/v2\/product\/626123","targetHints":{"allow":["GET"]}}],"collection":[{"href":"https:\/\/shop.ucrent.ee\/fi\/wp-json\/wp\/v2\/product"}],"about":[{"href":"https:\/\/shop.ucrent.ee\/fi\/wp-json\/wp\/v2\/types\/product"}],"wp:attachment":[{"href":"https:\/\/shop.ucrent.ee\/fi\/wp-json\/wp\/v2\/media?parent=626123"}],"wp:term":[{"taxonomy":"product_brand","embeddable":true,"href":"https:\/\/shop.ucrent.ee\/fi\/wp-json\/wp\/v2\/product_brand?post=626123"},{"taxonomy":"product_cat","embeddable":true,"href":"https:\/\/shop.ucrent.ee\/fi\/wp-json\/wp\/v2\/product_cat?post=626123"},{"taxonomy":"product_tag","embeddable":true,"href":"https:\/\/shop.ucrent.ee\/fi\/wp-json\/wp\/v2\/product_tag?post=626123"}],"curies":[{"name":"wp","href":"https:\/\/api.w.org\/{rel}","templated":true}]}}