{"id":626316,"date":"2026-02-03T14:02:46","date_gmt":"2026-02-03T12:02:46","guid":{"rendered":"https:\/\/shop.ucrent.ee\/toode\/containex-standard-pu-kontti-24x6m-wc-ja-suihkutiloilla"},"modified":"2026-04-21T15:20:18","modified_gmt":"2026-04-21T12:20:18","slug":"containex-standard-pu-kontti-24x6m-wc-ja-suihkutiloilla","status":"publish","type":"product","link":"https:\/\/shop.ucrent.ee\/fi\/toode\/containex-standard-pu-kontti-24x6m-wc-ja-suihkutiloilla","title":{"rendered":"Containex standard PU kontti 2,4x6m wc- ja suihkutiloilla &#8211; tilattava tuote"},"content":{"rendered":"<p>Containexin l\u00e4mp\u00f6eristetty PU kontti 2,4\u00d76 m WC:ll\u00e4 ja suihkulla.<br \/>\nUlkov\u00e4ri: vaaleanharmaa RAL 7035 tai tummanharmaa RAL 7016, sis\u00e4v\u00e4ri: valkoinen.<br \/>\nToimitussis\u00e4lt\u00f6: 2 avattavaa l\u00e4mp\u00f6lasitettua ikkunaa ulkopuolisilla suojarullaverhoilla sek\u00e4 lukittava l\u00e4mp\u00f6eristetty metallinen ovi 875 \u00d7 2125 mm, lukko ja kahva, pistorasiat, kattovalaisimet ja kytkimet, termostaatilla varustetut patterit, s\u00e4hk\u00f6keskus,<br \/>\nulkoinen 32A s\u00e4hk\u00f6pistorasia, s\u00e4hk\u00f6inen ilmanvaihto.<br \/>\nKylpyhuone: l\u00e4mminvesivaraaja, suihkukaappi, pesuallas ja hana, WC-istuin huuhtelus\u00e4ili\u00f6ll\u00e4, peili, pesukonevalmius,<br \/>\nvesi- ja viem\u00e4riputkien p\u00e4\u00e4t tuotu sein\u00e4st\u00e4 ulos.<br \/>\nKopin sein\u00e4t koostuvat moduuleista: sivusein\u00e4 5 moduulista ja p\u00e4\u00e4tysein\u00e4 2 moduulista, mik\u00e4 mahdollistaa ikkunoiden ja ovien vapaan sijoittelun.<br \/>\nSein\u00e4t on ulkopuolelta verhoiltu galvanoidulla ter\u00e4slevyll\u00e4, katto on saumattu ja sinkitty tai maalattu pelti. Sis\u00e4puoli on viimeistelty maalatulla ter\u00e4slevyll\u00e4, ja lattialla on kosteudenkest\u00e4v\u00e4 PVC-pinnoite.<br \/>\nL\u00e4mm\u00f6neristys: sein\u00e4t: PU 60 mm, lattia: mineraalivilla 100 mm, katto: mineraalivilla 100 mm.<br \/>\nTarjoamissamme konteissa on CE-merkint\u00e4, joka takaa EU-vaatimusten mukaiset s\u00e4hk\u00f6laitteistot ja rakennuslaadun.<br \/>\nKontit t\u00e4ytt\u00e4v\u00e4t ISO-standardit.<br \/>\nTILAUSTUOTE \u2013 l\u00e4het\u00e4 kysely!<\/p>\n","protected":false},"excerpt":{"rendered":"Containexin l\u00e4mp\u00f6eristetty PU kontti 2,4\u00d76 m WC:ll\u00e4 ja suihkulla. Ulkov\u00e4ri: vaaleanharmaa RAL 7035 tai tummanharmaa RAL 7016, sis\u00e4v\u00e4ri: valkoinen. Toimitussis\u00e4lt\u00f6: 2 avattavaa l\u00e4mp\u00f6lasitettua ikkunaa ulkopuolisilla suojarullaverhoilla sek\u00e4 lukittava l\u00e4mp\u00f6eristetty metallinen ovi 875 \u00d7 2125 mm, lukko ja kahva, pistorasiat, kattovalaisimet ja kytkimet, termostaatilla varustetut patterit, s\u00e4hk\u00f6keskus, ulkoinen 32A s\u00e4hk\u00f6pistorasia, s\u00e4hk\u00f6inen ilmanvaihto. Kylpyhuone: l\u00e4mminvesivaraaja, suihkukaappi, pesuallas&#8230; <a class=\"view-article\" href=\"https:\/\/shop.ucrent.ee\/fi\/toode\/containex-standard-pu-kontti-24x6m-wc-ja-suihkutiloilla\">View Article<\/a>","protected":false},"featured_media":626317,"template":"","meta":{"_acf_changed":false},"product_brand":[],"product_cat":[639],"product_tag":[],"class_list":{"0":"post-626316","1":"product","2":"type-product","3":"status-publish","4":"has-post-thumbnail","6":"product_cat-e-pood_soojak_2_4_x_6m_fi","8":"first","9":"instock","10":"taxable","11":"shipping-taxable","12":"purchasable","13":"product-type-simple"},"acf":[],"yoast_head":"<!-- This site is optimized with the Yoast SEO plugin v27.0 - https:\/\/yoast.com\/product\/yoast-seo-wordpress\/ -->\n<title>Containex standard PU kontti 2,4x6m wc- ja suihkutiloilla - tilattava tuote - UC Rent e-pood<\/title>\n<meta name=\"robots\" content=\"index, follow, max-snippet:-1, max-image-preview:large, max-video-preview:-1\" \/>\n<link rel=\"canonical\" href=\"https:\/\/shop.ucrent.ee\/fi\/toode\/containex-standard-pu-kontti-24x6m-wc-ja-suihkutiloilla\" \/>\n<meta property=\"og:locale\" content=\"fi_FI\" \/>\n<meta property=\"og:type\" content=\"article\" \/>\n<meta property=\"og:title\" content=\"Containex standard PU kontti 2,4x6m wc- ja suihkutiloilla - tilattava tuote - UC Rent e-pood\" \/>\n<meta property=\"og:description\" content=\"Containexin l\u00e4mp\u00f6eristetty PU kontti 2,4\u00d76 m WC:ll\u00e4 ja suihkulla. Ulkov\u00e4ri: vaaleanharmaa RAL 7035 tai tummanharmaa RAL 7016, sis\u00e4v\u00e4ri: valkoinen. Toimitussis\u00e4lt\u00f6: 2 avattavaa l\u00e4mp\u00f6lasitettua ikkunaa ulkopuolisilla suojarullaverhoilla sek\u00e4 lukittava l\u00e4mp\u00f6eristetty metallinen ovi 875 \u00d7 2125 mm, lukko ja kahva, pistorasiat, kattovalaisimet ja kytkimet, termostaatilla varustetut patterit, s\u00e4hk\u00f6keskus, ulkoinen 32A s\u00e4hk\u00f6pistorasia, s\u00e4hk\u00f6inen ilmanvaihto. Kylpyhuone: l\u00e4mminvesivaraaja, suihkukaappi, pesuallas... View Article\" \/>\n<meta property=\"og:url\" content=\"https:\/\/shop.ucrent.ee\/fi\/toode\/containex-standard-pu-kontti-24x6m-wc-ja-suihkutiloilla\" \/>\n<meta property=\"og:site_name\" content=\"UC Rent e-pood\" \/>\n<meta property=\"article:modified_time\" content=\"2026-04-21T12:20:18+00:00\" \/>\n<meta property=\"og:image\" content=\"https:\/\/shop.ucrent.ee\/wp-content\/uploads\/2026\/02\/Sanitaarsoojak-24x6m-UC-Rent-Sales-rotated.jpg\" \/>\n\t<meta property=\"og:image:width\" content=\"1500\" \/>\n\t<meta property=\"og:image:height\" content=\"2000\" \/>\n\t<meta property=\"og:image:type\" content=\"image\/jpeg\" \/>\n<meta name=\"twitter:card\" content=\"summary_large_image\" \/>\n<meta name=\"twitter:label1\" content=\"Arvioitu lukuaika\" \/>\n\t<meta name=\"twitter:data1\" content=\"1 minuutti\" \/>\n<script type=\"application\/ld+json\" class=\"yoast-schema-graph\">{\"@context\":\"https:\/\/schema.org\",\"@graph\":[{\"@type\":\"WebPage\",\"@id\":\"https:\/\/shop.ucrent.ee\/fi\/toode\/containex-standard-pu-kontti-24x6m-wc-ja-suihkutiloilla\",\"url\":\"https:\/\/shop.ucrent.ee\/fi\/toode\/containex-standard-pu-kontti-24x6m-wc-ja-suihkutiloilla\",\"name\":\"Containex standard PU kontti 2,4x6m wc- ja suihkutiloilla - tilattava tuote - UC Rent e-pood\",\"isPartOf\":{\"@id\":\"https:\/\/shop.ucrent.ee\/#website\"},\"primaryImageOfPage\":{\"@id\":\"https:\/\/shop.ucrent.ee\/fi\/toode\/containex-standard-pu-kontti-24x6m-wc-ja-suihkutiloilla#primaryimage\"},\"image\":{\"@id\":\"https:\/\/shop.ucrent.ee\/fi\/toode\/containex-standard-pu-kontti-24x6m-wc-ja-suihkutiloilla#primaryimage\"},\"thumbnailUrl\":\"https:\/\/shop.ucrent.ee\/wp-content\/uploads\/2026\/02\/Sanitaarsoojak-24x6m-UC-Rent-Sales-rotated.jpg\",\"datePublished\":\"2026-02-03T12:02:46+00:00\",\"dateModified\":\"2026-04-21T12:20:18+00:00\",\"breadcrumb\":{\"@id\":\"https:\/\/shop.ucrent.ee\/fi\/toode\/containex-standard-pu-kontti-24x6m-wc-ja-suihkutiloilla#breadcrumb\"},\"inLanguage\":\"fi\",\"potentialAction\":[{\"@type\":\"ReadAction\",\"target\":[\"https:\/\/shop.ucrent.ee\/fi\/toode\/containex-standard-pu-kontti-24x6m-wc-ja-suihkutiloilla\"]}]},{\"@type\":\"ImageObject\",\"inLanguage\":\"fi\",\"@id\":\"https:\/\/shop.ucrent.ee\/fi\/toode\/containex-standard-pu-kontti-24x6m-wc-ja-suihkutiloilla#primaryimage\",\"url\":\"https:\/\/shop.ucrent.ee\/wp-content\/uploads\/2026\/02\/Sanitaarsoojak-24x6m-UC-Rent-Sales-rotated.jpg\",\"contentUrl\":\"https:\/\/shop.ucrent.ee\/wp-content\/uploads\/2026\/02\/Sanitaarsoojak-24x6m-UC-Rent-Sales-rotated.jpg\",\"width\":1500,\"height\":2000},{\"@type\":\"BreadcrumbList\",\"@id\":\"https:\/\/shop.ucrent.ee\/fi\/toode\/containex-standard-pu-kontti-24x6m-wc-ja-suihkutiloilla#breadcrumb\",\"itemListElement\":[{\"@type\":\"ListItem\",\"position\":1,\"name\":\"Home\",\"item\":\"https:\/\/shop.ucrent.ee\/fi\"},{\"@type\":\"ListItem\",\"position\":2,\"name\":\"K\u00f5ik tooted\",\"item\":\"https:\/\/shop.ucrent.ee\/tooted\"},{\"@type\":\"ListItem\",\"position\":3,\"name\":\"Containex standard PU kontti 2,4x6m wc- ja suihkutiloilla &#8211; tilattava tuote\"}]},{\"@type\":\"WebSite\",\"@id\":\"https:\/\/shop.ucrent.ee\/#website\",\"url\":\"https:\/\/shop.ucrent.ee\/\",\"name\":\"UC Rent e-pood\",\"description\":\"\",\"potentialAction\":[{\"@type\":\"SearchAction\",\"target\":{\"@type\":\"EntryPoint\",\"urlTemplate\":\"https:\/\/shop.ucrent.ee\/?s={search_term_string}\"},\"query-input\":{\"@type\":\"PropertyValueSpecification\",\"valueRequired\":true,\"valueName\":\"search_term_string\"}}],\"inLanguage\":\"fi\"}]}<\/script>\n<!-- \/ Yoast SEO plugin. -->","yoast_head_json":{"title":"Containex standard PU kontti 2,4x6m wc- ja suihkutiloilla - tilattava tuote - UC Rent e-pood","robots":{"index":"index","follow":"follow","max-snippet":"max-snippet:-1","max-image-preview":"max-image-preview:large","max-video-preview":"max-video-preview:-1"},"canonical":"https:\/\/shop.ucrent.ee\/fi\/toode\/containex-standard-pu-kontti-24x6m-wc-ja-suihkutiloilla","og_locale":"fi_FI","og_type":"article","og_title":"Containex standard PU kontti 2,4x6m wc- ja suihkutiloilla - tilattava tuote - UC Rent e-pood","og_description":"Containexin l\u00e4mp\u00f6eristetty PU kontti 2,4\u00d76 m WC:ll\u00e4 ja suihkulla. Ulkov\u00e4ri: vaaleanharmaa RAL 7035 tai tummanharmaa RAL 7016, sis\u00e4v\u00e4ri: valkoinen. Toimitussis\u00e4lt\u00f6: 2 avattavaa l\u00e4mp\u00f6lasitettua ikkunaa ulkopuolisilla suojarullaverhoilla sek\u00e4 lukittava l\u00e4mp\u00f6eristetty metallinen ovi 875 \u00d7 2125 mm, lukko ja kahva, pistorasiat, kattovalaisimet ja kytkimet, termostaatilla varustetut patterit, s\u00e4hk\u00f6keskus, ulkoinen 32A s\u00e4hk\u00f6pistorasia, s\u00e4hk\u00f6inen ilmanvaihto. Kylpyhuone: l\u00e4mminvesivaraaja, suihkukaappi, pesuallas... View Article","og_url":"https:\/\/shop.ucrent.ee\/fi\/toode\/containex-standard-pu-kontti-24x6m-wc-ja-suihkutiloilla","og_site_name":"UC Rent e-pood","article_modified_time":"2026-04-21T12:20:18+00:00","og_image":[{"width":1500,"height":2000,"url":"https:\/\/shop.ucrent.ee\/wp-content\/uploads\/2026\/02\/Sanitaarsoojak-24x6m-UC-Rent-Sales-rotated.jpg","type":"image\/jpeg"}],"twitter_card":"summary_large_image","twitter_misc":{"Arvioitu lukuaika":"1 minuutti"},"schema":{"@context":"https:\/\/schema.org","@graph":[{"@type":"WebPage","@id":"https:\/\/shop.ucrent.ee\/fi\/toode\/containex-standard-pu-kontti-24x6m-wc-ja-suihkutiloilla","url":"https:\/\/shop.ucrent.ee\/fi\/toode\/containex-standard-pu-kontti-24x6m-wc-ja-suihkutiloilla","name":"Containex standard PU kontti 2,4x6m wc- ja suihkutiloilla - tilattava tuote - UC Rent e-pood","isPartOf":{"@id":"https:\/\/shop.ucrent.ee\/#website"},"primaryImageOfPage":{"@id":"https:\/\/shop.ucrent.ee\/fi\/toode\/containex-standard-pu-kontti-24x6m-wc-ja-suihkutiloilla#primaryimage"},"image":{"@id":"https:\/\/shop.ucrent.ee\/fi\/toode\/containex-standard-pu-kontti-24x6m-wc-ja-suihkutiloilla#primaryimage"},"thumbnailUrl":"https:\/\/shop.ucrent.ee\/wp-content\/uploads\/2026\/02\/Sanitaarsoojak-24x6m-UC-Rent-Sales-rotated.jpg","datePublished":"2026-02-03T12:02:46+00:00","dateModified":"2026-04-21T12:20:18+00:00","breadcrumb":{"@id":"https:\/\/shop.ucrent.ee\/fi\/toode\/containex-standard-pu-kontti-24x6m-wc-ja-suihkutiloilla#breadcrumb"},"inLanguage":"fi","potentialAction":[{"@type":"ReadAction","target":["https:\/\/shop.ucrent.ee\/fi\/toode\/containex-standard-pu-kontti-24x6m-wc-ja-suihkutiloilla"]}]},{"@type":"ImageObject","inLanguage":"fi","@id":"https:\/\/shop.ucrent.ee\/fi\/toode\/containex-standard-pu-kontti-24x6m-wc-ja-suihkutiloilla#primaryimage","url":"https:\/\/shop.ucrent.ee\/wp-content\/uploads\/2026\/02\/Sanitaarsoojak-24x6m-UC-Rent-Sales-rotated.jpg","contentUrl":"https:\/\/shop.ucrent.ee\/wp-content\/uploads\/2026\/02\/Sanitaarsoojak-24x6m-UC-Rent-Sales-rotated.jpg","width":1500,"height":2000},{"@type":"BreadcrumbList","@id":"https:\/\/shop.ucrent.ee\/fi\/toode\/containex-standard-pu-kontti-24x6m-wc-ja-suihkutiloilla#breadcrumb","itemListElement":[{"@type":"ListItem","position":1,"name":"Home","item":"https:\/\/shop.ucrent.ee\/fi"},{"@type":"ListItem","position":2,"name":"K\u00f5ik tooted","item":"https:\/\/shop.ucrent.ee\/tooted"},{"@type":"ListItem","position":3,"name":"Containex standard PU kontti 2,4x6m wc- ja suihkutiloilla &#8211; tilattava tuote"}]},{"@type":"WebSite","@id":"https:\/\/shop.ucrent.ee\/#website","url":"https:\/\/shop.ucrent.ee\/","name":"UC Rent e-pood","description":"","potentialAction":[{"@type":"SearchAction","target":{"@type":"EntryPoint","urlTemplate":"https:\/\/shop.ucrent.ee\/?s={search_term_string}"},"query-input":{"@type":"PropertyValueSpecification","valueRequired":true,"valueName":"search_term_string"}}],"inLanguage":"fi"}]}},"_links":{"self":[{"href":"https:\/\/shop.ucrent.ee\/fi\/wp-json\/wp\/v2\/product\/626316","targetHints":{"allow":["GET"]}}],"collection":[{"href":"https:\/\/shop.ucrent.ee\/fi\/wp-json\/wp\/v2\/product"}],"about":[{"href":"https:\/\/shop.ucrent.ee\/fi\/wp-json\/wp\/v2\/types\/product"}],"wp:featuredmedia":[{"embeddable":true,"href":"https:\/\/shop.ucrent.ee\/fi\/wp-json\/wp\/v2\/media\/626317"}],"wp:attachment":[{"href":"https:\/\/shop.ucrent.ee\/fi\/wp-json\/wp\/v2\/media?parent=626316"}],"wp:term":[{"taxonomy":"product_brand","embeddable":true,"href":"https:\/\/shop.ucrent.ee\/fi\/wp-json\/wp\/v2\/product_brand?post=626316"},{"taxonomy":"product_cat","embeddable":true,"href":"https:\/\/shop.ucrent.ee\/fi\/wp-json\/wp\/v2\/product_cat?post=626316"},{"taxonomy":"product_tag","embeddable":true,"href":"https:\/\/shop.ucrent.ee\/fi\/wp-json\/wp\/v2\/product_tag?post=626316"}],"curies":[{"name":"wp","href":"https:\/\/api.w.org\/{rel}","templated":true}]}}