{"id":626459,"date":"2026-03-04T13:30:07","date_gmt":"2026-03-04T11:30:07","guid":{"rendered":"https:\/\/shop.ucrent.ee\/toode\/containex-standard-kontti-24-x-6-m-minikeittiolla-ja-wclla"},"modified":"2026-04-20T12:45:10","modified_gmt":"2026-04-20T09:45:10","slug":"containex-standard-kontti-24-x-6-m-minikeittiolla-ja-wclla","status":"publish","type":"product","link":"https:\/\/shop.ucrent.ee\/fi\/toode\/containex-standard-kontti-24-x-6-m-minikeittiolla-ja-wclla","title":{"rendered":"Containex standard kontti 2,4 \u00d7 6 m, minikeitti\u00f6ll\u00e4 ja WC:ll\u00e4"},"content":{"rendered":"<p>Containex standard kontti 2,4 \u00d7 6 m, minikeitti\u00f6ll\u00e4 ja WC:ll\u00e4<br \/>\nUlkomitat: 2,44 \u00d7 6,06 \u00d7 k 2,59 m<br \/>\nUlkov\u00e4ri: vaaleanharmaa RAL 7035, sis\u00e4v\u00e4ritys: valkoinen<br \/>\nSis\u00e4lt\u00e4\u00e4: 2 avattavaa k\u00e4\u00e4nt\u00f6ikkunaa ulkoisilla turmas\u00e4lekaihtimilla, lukittava eristetty metallinen ovi 875 \u00d7 2125 mm, lukko ja kahva, pistorasiat, kattovalaisimet ja kytkimet, termostaattiradiaattorit, s\u00e4hk\u00f6keskus, ulkoinen 32A pistorasia, s\u00e4hk\u00f6puhallin<br \/>\nMinikeitti\u00f6: allaskaappi, pesuallas, hana, j\u00e4\u00e4kaappi, liesi, pikak\u00e4ytt\u00f6inen l\u00e4mminvesivaraaja, putkity\u00f6t valmiina<br \/>\nWC: pikak\u00e4ytt\u00f6inen l\u00e4mminvesivaraaja, pesuallas, WC-istuin s\u00e4ili\u00f6ll\u00e4, hana, peili, avattava ikkuna, patteri, s\u00e4hk\u00f6puhallin, vesijohto- ja viem\u00e4riputkien p\u00e4\u00e4t ulkosein\u00e4n puolella<br \/>\nSein\u00e4t ulkopuolelta galvanoitua ter\u00e4slevy\u00e4, katto taitettua ja galvanoitua tai maalattua pelti\u00e4, sis\u00e4puolella laminoitu lastulevy, lattia kosteudenkest\u00e4v\u00e4 PVC<br \/>\nL\u00e4mm\u00f6neriste: sein\u00e4t MV 100 mm, lattia MV 100 mm, katto MV 100 mm<br \/>\nKonttien CE-merkint\u00e4 takaa EU-vaatimusten mukaiset s\u00e4hk\u00f6j\u00e4rjestelm\u00e4t ja rakennuslaadun<br \/>\nKontit t\u00e4ytt\u00e4v\u00e4t ISO-standardit<\/p>\n","protected":false},"excerpt":{"rendered":"Containex standard kontti 2,4 \u00d7 6 m, minikeitti\u00f6ll\u00e4 ja WC:ll\u00e4 Ulkomitat: 2,44 \u00d7 6,06 \u00d7 k 2,59 m Ulkov\u00e4ri: vaaleanharmaa RAL 7035, sis\u00e4v\u00e4ritys: valkoinen Sis\u00e4lt\u00e4\u00e4: 2 avattavaa k\u00e4\u00e4nt\u00f6ikkunaa ulkoisilla turmas\u00e4lekaihtimilla, lukittava eristetty metallinen ovi 875 \u00d7 2125 mm, lukko ja kahva, pistorasiat, kattovalaisimet ja kytkimet, termostaattiradiaattorit, s\u00e4hk\u00f6keskus, ulkoinen 32A pistorasia, s\u00e4hk\u00f6puhallin Minikeitti\u00f6: allaskaappi, pesuallas, hana,&#8230; <a class=\"view-article\" href=\"https:\/\/shop.ucrent.ee\/fi\/toode\/containex-standard-kontti-24-x-6-m-minikeittiolla-ja-wclla\">View Article<\/a>","protected":false},"featured_media":626453,"template":"","meta":{"_acf_changed":false},"product_brand":[],"product_cat":[639],"product_tag":[],"class_list":{"0":"post-626459","1":"product","2":"type-product","3":"status-publish","4":"has-post-thumbnail","6":"product_cat-e-pood_soojak_2_4_x_6m_fi","8":"first","9":"instock","10":"sale","11":"taxable","12":"shipping-taxable","13":"purchasable","14":"product-type-simple"},"acf":[],"yoast_head":"<!-- This site is optimized with the Yoast SEO plugin v27.0 - https:\/\/yoast.com\/product\/yoast-seo-wordpress\/ -->\n<title>Containex standard kontti 2,4 \u00d7 6 m, minikeitti\u00f6ll\u00e4 ja WC:ll\u00e4 - UC Rent e-pood<\/title>\n<meta name=\"robots\" content=\"index, follow, max-snippet:-1, max-image-preview:large, max-video-preview:-1\" \/>\n<link rel=\"canonical\" href=\"https:\/\/shop.ucrent.ee\/fi\/toode\/containex-standard-kontti-24-x-6-m-minikeittiolla-ja-wclla\" \/>\n<meta property=\"og:locale\" content=\"fi_FI\" \/>\n<meta property=\"og:type\" content=\"article\" \/>\n<meta property=\"og:title\" content=\"Containex standard kontti 2,4 \u00d7 6 m, minikeitti\u00f6ll\u00e4 ja WC:ll\u00e4 - UC Rent e-pood\" \/>\n<meta property=\"og:description\" content=\"Containex standard kontti 2,4 \u00d7 6 m, minikeitti\u00f6ll\u00e4 ja WC:ll\u00e4 Ulkomitat: 2,44 \u00d7 6,06 \u00d7 k 2,59 m Ulkov\u00e4ri: vaaleanharmaa RAL 7035, sis\u00e4v\u00e4ritys: valkoinen Sis\u00e4lt\u00e4\u00e4: 2 avattavaa k\u00e4\u00e4nt\u00f6ikkunaa ulkoisilla turmas\u00e4lekaihtimilla, lukittava eristetty metallinen ovi 875 \u00d7 2125 mm, lukko ja kahva, pistorasiat, kattovalaisimet ja kytkimet, termostaattiradiaattorit, s\u00e4hk\u00f6keskus, ulkoinen 32A pistorasia, s\u00e4hk\u00f6puhallin Minikeitti\u00f6: allaskaappi, pesuallas, hana,... View Article\" \/>\n<meta property=\"og:url\" content=\"https:\/\/shop.ucrent.ee\/fi\/toode\/containex-standard-kontti-24-x-6-m-minikeittiolla-ja-wclla\" \/>\n<meta property=\"og:site_name\" content=\"UC Rent e-pood\" \/>\n<meta property=\"article:modified_time\" content=\"2026-04-20T09:45:10+00:00\" \/>\n<meta property=\"og:image\" content=\"https:\/\/shop.ucrent.ee\/wp-content\/uploads\/2026\/03\/Soojak-24x6m-kook-ja-wc-ucrent-scaled.jpg\" \/>\n\t<meta property=\"og:image:width\" content=\"2560\" \/>\n\t<meta property=\"og:image:height\" content=\"2560\" \/>\n\t<meta property=\"og:image:type\" content=\"image\/jpeg\" \/>\n<meta name=\"twitter:card\" content=\"summary_large_image\" \/>\n<meta name=\"twitter:label1\" content=\"Arvioitu lukuaika\" \/>\n\t<meta name=\"twitter:data1\" content=\"1 minuutti\" \/>\n<script type=\"application\/ld+json\" class=\"yoast-schema-graph\">{\"@context\":\"https:\/\/schema.org\",\"@graph\":[{\"@type\":\"WebPage\",\"@id\":\"https:\/\/shop.ucrent.ee\/fi\/toode\/containex-standard-kontti-24-x-6-m-minikeittiolla-ja-wclla\",\"url\":\"https:\/\/shop.ucrent.ee\/fi\/toode\/containex-standard-kontti-24-x-6-m-minikeittiolla-ja-wclla\",\"name\":\"Containex standard kontti 2,4 \u00d7 6 m, minikeitti\u00f6ll\u00e4 ja WC:ll\u00e4 - UC Rent e-pood\",\"isPartOf\":{\"@id\":\"https:\/\/shop.ucrent.ee\/#website\"},\"primaryImageOfPage\":{\"@id\":\"https:\/\/shop.ucrent.ee\/fi\/toode\/containex-standard-kontti-24-x-6-m-minikeittiolla-ja-wclla#primaryimage\"},\"image\":{\"@id\":\"https:\/\/shop.ucrent.ee\/fi\/toode\/containex-standard-kontti-24-x-6-m-minikeittiolla-ja-wclla#primaryimage\"},\"thumbnailUrl\":\"https:\/\/shop.ucrent.ee\/wp-content\/uploads\/2026\/03\/Soojak-24x6m-kook-ja-wc-ucrent-scaled.jpg\",\"datePublished\":\"2026-03-04T11:30:07+00:00\",\"dateModified\":\"2026-04-20T09:45:10+00:00\",\"breadcrumb\":{\"@id\":\"https:\/\/shop.ucrent.ee\/fi\/toode\/containex-standard-kontti-24-x-6-m-minikeittiolla-ja-wclla#breadcrumb\"},\"inLanguage\":\"fi\",\"potentialAction\":[{\"@type\":\"ReadAction\",\"target\":[\"https:\/\/shop.ucrent.ee\/fi\/toode\/containex-standard-kontti-24-x-6-m-minikeittiolla-ja-wclla\"]}]},{\"@type\":\"ImageObject\",\"inLanguage\":\"fi\",\"@id\":\"https:\/\/shop.ucrent.ee\/fi\/toode\/containex-standard-kontti-24-x-6-m-minikeittiolla-ja-wclla#primaryimage\",\"url\":\"https:\/\/shop.ucrent.ee\/wp-content\/uploads\/2026\/03\/Soojak-24x6m-kook-ja-wc-ucrent-scaled.jpg\",\"contentUrl\":\"https:\/\/shop.ucrent.ee\/wp-content\/uploads\/2026\/03\/Soojak-24x6m-kook-ja-wc-ucrent-scaled.jpg\",\"width\":2560,\"height\":2560},{\"@type\":\"BreadcrumbList\",\"@id\":\"https:\/\/shop.ucrent.ee\/fi\/toode\/containex-standard-kontti-24-x-6-m-minikeittiolla-ja-wclla#breadcrumb\",\"itemListElement\":[{\"@type\":\"ListItem\",\"position\":1,\"name\":\"Home\",\"item\":\"https:\/\/shop.ucrent.ee\/fi\"},{\"@type\":\"ListItem\",\"position\":2,\"name\":\"K\u00f5ik tooted\",\"item\":\"https:\/\/shop.ucrent.ee\/tooted\"},{\"@type\":\"ListItem\",\"position\":3,\"name\":\"Containex standard kontti 2,4 \u00d7 6 m, minikeitti\u00f6ll\u00e4 ja WC:ll\u00e4\"}]},{\"@type\":\"WebSite\",\"@id\":\"https:\/\/shop.ucrent.ee\/#website\",\"url\":\"https:\/\/shop.ucrent.ee\/\",\"name\":\"UC Rent e-pood\",\"description\":\"\",\"potentialAction\":[{\"@type\":\"SearchAction\",\"target\":{\"@type\":\"EntryPoint\",\"urlTemplate\":\"https:\/\/shop.ucrent.ee\/?s={search_term_string}\"},\"query-input\":{\"@type\":\"PropertyValueSpecification\",\"valueRequired\":true,\"valueName\":\"search_term_string\"}}],\"inLanguage\":\"fi\"}]}<\/script>\n<!-- \/ Yoast SEO plugin. -->","yoast_head_json":{"title":"Containex standard kontti 2,4 \u00d7 6 m, minikeitti\u00f6ll\u00e4 ja WC:ll\u00e4 - UC Rent e-pood","robots":{"index":"index","follow":"follow","max-snippet":"max-snippet:-1","max-image-preview":"max-image-preview:large","max-video-preview":"max-video-preview:-1"},"canonical":"https:\/\/shop.ucrent.ee\/fi\/toode\/containex-standard-kontti-24-x-6-m-minikeittiolla-ja-wclla","og_locale":"fi_FI","og_type":"article","og_title":"Containex standard kontti 2,4 \u00d7 6 m, minikeitti\u00f6ll\u00e4 ja WC:ll\u00e4 - UC Rent e-pood","og_description":"Containex standard kontti 2,4 \u00d7 6 m, minikeitti\u00f6ll\u00e4 ja WC:ll\u00e4 Ulkomitat: 2,44 \u00d7 6,06 \u00d7 k 2,59 m Ulkov\u00e4ri: vaaleanharmaa RAL 7035, sis\u00e4v\u00e4ritys: valkoinen Sis\u00e4lt\u00e4\u00e4: 2 avattavaa k\u00e4\u00e4nt\u00f6ikkunaa ulkoisilla turmas\u00e4lekaihtimilla, lukittava eristetty metallinen ovi 875 \u00d7 2125 mm, lukko ja kahva, pistorasiat, kattovalaisimet ja kytkimet, termostaattiradiaattorit, s\u00e4hk\u00f6keskus, ulkoinen 32A pistorasia, s\u00e4hk\u00f6puhallin Minikeitti\u00f6: allaskaappi, pesuallas, hana,... View Article","og_url":"https:\/\/shop.ucrent.ee\/fi\/toode\/containex-standard-kontti-24-x-6-m-minikeittiolla-ja-wclla","og_site_name":"UC Rent e-pood","article_modified_time":"2026-04-20T09:45:10+00:00","og_image":[{"width":2560,"height":2560,"url":"https:\/\/shop.ucrent.ee\/wp-content\/uploads\/2026\/03\/Soojak-24x6m-kook-ja-wc-ucrent-scaled.jpg","type":"image\/jpeg"}],"twitter_card":"summary_large_image","twitter_misc":{"Arvioitu lukuaika":"1 minuutti"},"schema":{"@context":"https:\/\/schema.org","@graph":[{"@type":"WebPage","@id":"https:\/\/shop.ucrent.ee\/fi\/toode\/containex-standard-kontti-24-x-6-m-minikeittiolla-ja-wclla","url":"https:\/\/shop.ucrent.ee\/fi\/toode\/containex-standard-kontti-24-x-6-m-minikeittiolla-ja-wclla","name":"Containex standard kontti 2,4 \u00d7 6 m, minikeitti\u00f6ll\u00e4 ja WC:ll\u00e4 - UC Rent e-pood","isPartOf":{"@id":"https:\/\/shop.ucrent.ee\/#website"},"primaryImageOfPage":{"@id":"https:\/\/shop.ucrent.ee\/fi\/toode\/containex-standard-kontti-24-x-6-m-minikeittiolla-ja-wclla#primaryimage"},"image":{"@id":"https:\/\/shop.ucrent.ee\/fi\/toode\/containex-standard-kontti-24-x-6-m-minikeittiolla-ja-wclla#primaryimage"},"thumbnailUrl":"https:\/\/shop.ucrent.ee\/wp-content\/uploads\/2026\/03\/Soojak-24x6m-kook-ja-wc-ucrent-scaled.jpg","datePublished":"2026-03-04T11:30:07+00:00","dateModified":"2026-04-20T09:45:10+00:00","breadcrumb":{"@id":"https:\/\/shop.ucrent.ee\/fi\/toode\/containex-standard-kontti-24-x-6-m-minikeittiolla-ja-wclla#breadcrumb"},"inLanguage":"fi","potentialAction":[{"@type":"ReadAction","target":["https:\/\/shop.ucrent.ee\/fi\/toode\/containex-standard-kontti-24-x-6-m-minikeittiolla-ja-wclla"]}]},{"@type":"ImageObject","inLanguage":"fi","@id":"https:\/\/shop.ucrent.ee\/fi\/toode\/containex-standard-kontti-24-x-6-m-minikeittiolla-ja-wclla#primaryimage","url":"https:\/\/shop.ucrent.ee\/wp-content\/uploads\/2026\/03\/Soojak-24x6m-kook-ja-wc-ucrent-scaled.jpg","contentUrl":"https:\/\/shop.ucrent.ee\/wp-content\/uploads\/2026\/03\/Soojak-24x6m-kook-ja-wc-ucrent-scaled.jpg","width":2560,"height":2560},{"@type":"BreadcrumbList","@id":"https:\/\/shop.ucrent.ee\/fi\/toode\/containex-standard-kontti-24-x-6-m-minikeittiolla-ja-wclla#breadcrumb","itemListElement":[{"@type":"ListItem","position":1,"name":"Home","item":"https:\/\/shop.ucrent.ee\/fi"},{"@type":"ListItem","position":2,"name":"K\u00f5ik tooted","item":"https:\/\/shop.ucrent.ee\/tooted"},{"@type":"ListItem","position":3,"name":"Containex standard kontti 2,4 \u00d7 6 m, minikeitti\u00f6ll\u00e4 ja WC:ll\u00e4"}]},{"@type":"WebSite","@id":"https:\/\/shop.ucrent.ee\/#website","url":"https:\/\/shop.ucrent.ee\/","name":"UC Rent e-pood","description":"","potentialAction":[{"@type":"SearchAction","target":{"@type":"EntryPoint","urlTemplate":"https:\/\/shop.ucrent.ee\/?s={search_term_string}"},"query-input":{"@type":"PropertyValueSpecification","valueRequired":true,"valueName":"search_term_string"}}],"inLanguage":"fi"}]}},"_links":{"self":[{"href":"https:\/\/shop.ucrent.ee\/fi\/wp-json\/wp\/v2\/product\/626459","targetHints":{"allow":["GET"]}}],"collection":[{"href":"https:\/\/shop.ucrent.ee\/fi\/wp-json\/wp\/v2\/product"}],"about":[{"href":"https:\/\/shop.ucrent.ee\/fi\/wp-json\/wp\/v2\/types\/product"}],"wp:featuredmedia":[{"embeddable":true,"href":"https:\/\/shop.ucrent.ee\/fi\/wp-json\/wp\/v2\/media\/626453"}],"wp:attachment":[{"href":"https:\/\/shop.ucrent.ee\/fi\/wp-json\/wp\/v2\/media?parent=626459"}],"wp:term":[{"taxonomy":"product_brand","embeddable":true,"href":"https:\/\/shop.ucrent.ee\/fi\/wp-json\/wp\/v2\/product_brand?post=626459"},{"taxonomy":"product_cat","embeddable":true,"href":"https:\/\/shop.ucrent.ee\/fi\/wp-json\/wp\/v2\/product_cat?post=626459"},{"taxonomy":"product_tag","embeddable":true,"href":"https:\/\/shop.ucrent.ee\/fi\/wp-json\/wp\/v2\/product_tag?post=626459"}],"curies":[{"name":"wp","href":"https:\/\/api.w.org\/{rel}","templated":true}]}}