{"id":626476,"date":"2026-03-05T11:17:43","date_gmt":"2026-03-05T09:17:43","guid":{"rendered":"https:\/\/shop.ucrent.ee\/toode\/containex-standardi-pu-kontti-24-x-6-m-toimisto-kulunvalvonta-vastaanotto"},"modified":"2026-04-15T07:17:48","modified_gmt":"2026-04-15T04:17:48","slug":"containex-standardi-pu-kontti-24-x-6-m-toimisto-kulunvalvonta-vastaanotto","status":"publish","type":"product","link":"https:\/\/shop.ucrent.ee\/fi\/toode\/containex-standardi-pu-kontti-24-x-6-m-toimisto-kulunvalvonta-vastaanotto","title":{"rendered":"Containex standardi PU-kontti 2,4 x 6 m, toimisto \u2013 kulunvalvonta \/ vastaanotto"},"content":{"rendered":"<p>Containex standardi PU-kontti 2,4 x 6 m, toimisto \u2013 kulunvalvonta \/ vastaanotto<br \/>\nUlkomitat: 2,44 x 6,06 m x h 2,59 m<br \/>\nPaino: noin 2500 kg<br \/>\nLattian kantavuus: 200 kg\/m\u00b2, tilauksesta jopa 800 kg\/m\u00b2<br \/>\nUlkov\u00e4ri: tummanharmaa RAL 7016 tai vaaleanharmaa RAL 7035, sis\u00e4v\u00e4ri valkoinen<br \/>\nRatkaisu sis\u00e4lt\u00e4\u00e4: 7 avattavaa eristyslasi-ikkunaa ulkopuolisilla suojarullakaihtimilla, 2 lattiasta kattoon ulottuvaa panoraamaikkunaa, 3 lasiovea, kattovalaisimet, pistorasiat, verkkokaapelit, s\u00e4hk\u00f6keskus, ulkoinen 32A s\u00e4hk\u00f6pistoke<br \/>\nPalvelutiski<br \/>\nSein\u00e4t ovat moduulirakenteisia: sivusein\u00e4 koostuu 5 moduulista ja p\u00e4\u00e4tysein\u00e4 2 moduulista, mik\u00e4 mahdollistaa ikkunoiden ja ovien vapaan sijoittelun<br \/>\nUlkosein\u00e4t ovat sinkitty\u00e4 ter\u00e4spelti\u00e4, katto on saumattu ja sinkitty tai maalattu pelti; sis\u00e4sein\u00e4t maalattua ter\u00e4spelti\u00e4 ja katto laminoitu<br \/>\nEristys: sein\u00e4t PU 60 mm (vastaa 100 mm mineraalivillaa), lattia 100 mm mineraalivillaa, katto 100 mm mineraalivillaa<br \/>\nTarjoamissamme konteissa on CE-merkint\u00e4, joka takaa EU-vaatimusten mukaiset s\u00e4hk\u00f6j\u00e4rjestelm\u00e4t ja rakennuslaadun<br \/>\nKontit t\u00e4ytt\u00e4v\u00e4t ISO-standardin vaatimukset<br \/>\nL\u00e4mmitys ja j\u00e4\u00e4hdytys ilmal\u00e4mp\u00f6pumpulla<br \/>\nTilaustuote<\/p>\n","protected":false},"excerpt":{"rendered":"Containex standardi PU-kontti 2,4 x 6 m, toimisto \u2013 kulunvalvonta \/ vastaanotto Ulkomitat: 2,44 x 6,06 m x h 2,59 m Paino: noin 2500 kg Lattian kantavuus: 200 kg\/m\u00b2, tilauksesta jopa 800 kg\/m\u00b2 Ulkov\u00e4ri: tummanharmaa RAL 7016 tai vaaleanharmaa RAL 7035, sis\u00e4v\u00e4ri valkoinen Ratkaisu sis\u00e4lt\u00e4\u00e4: 7 avattavaa eristyslasi-ikkunaa ulkopuolisilla suojarullakaihtimilla, 2 lattiasta kattoon ulottuvaa panoraamaikkunaa,&#8230; <a class=\"view-article\" href=\"https:\/\/shop.ucrent.ee\/fi\/toode\/containex-standardi-pu-kontti-24-x-6-m-toimisto-kulunvalvonta-vastaanotto\">View Article<\/a>","protected":false},"featured_media":626466,"template":"","meta":{"_acf_changed":false},"product_brand":[],"product_cat":[639],"product_tag":[],"class_list":{"0":"post-626476","1":"product","2":"type-product","3":"status-publish","4":"has-post-thumbnail","6":"product_cat-e-pood_soojak_2_4_x_6m_fi","8":"first","9":"instock","10":"taxable","11":"shipping-taxable","12":"purchasable","13":"product-type-simple"},"acf":[],"yoast_head":"<!-- This site is optimized with the Yoast SEO plugin v27.0 - https:\/\/yoast.com\/product\/yoast-seo-wordpress\/ -->\n<title>Containex standardi PU-kontti 2,4 x 6 m, toimisto \u2013 kulunvalvonta \/ vastaanotto - UC Rent e-pood<\/title>\n<meta name=\"robots\" content=\"index, follow, max-snippet:-1, max-image-preview:large, max-video-preview:-1\" \/>\n<link rel=\"canonical\" href=\"https:\/\/shop.ucrent.ee\/fi\/toode\/containex-standardi-pu-kontti-24-x-6-m-toimisto-kulunvalvonta-vastaanotto\" \/>\n<meta property=\"og:locale\" content=\"fi_FI\" \/>\n<meta property=\"og:type\" content=\"article\" \/>\n<meta property=\"og:title\" content=\"Containex standardi PU-kontti 2,4 x 6 m, toimisto \u2013 kulunvalvonta \/ vastaanotto - UC Rent e-pood\" \/>\n<meta property=\"og:description\" content=\"Containex standardi PU-kontti 2,4 x 6 m, toimisto \u2013 kulunvalvonta \/ vastaanotto Ulkomitat: 2,44 x 6,06 m x h 2,59 m Paino: noin 2500 kg Lattian kantavuus: 200 kg\/m\u00b2, tilauksesta jopa 800 kg\/m\u00b2 Ulkov\u00e4ri: tummanharmaa RAL 7016 tai vaaleanharmaa RAL 7035, sis\u00e4v\u00e4ri valkoinen Ratkaisu sis\u00e4lt\u00e4\u00e4: 7 avattavaa eristyslasi-ikkunaa ulkopuolisilla suojarullakaihtimilla, 2 lattiasta kattoon ulottuvaa panoraamaikkunaa,... View Article\" \/>\n<meta property=\"og:url\" content=\"https:\/\/shop.ucrent.ee\/fi\/toode\/containex-standardi-pu-kontti-24-x-6-m-toimisto-kulunvalvonta-vastaanotto\" \/>\n<meta property=\"og:site_name\" content=\"UC Rent e-pood\" \/>\n<meta property=\"article:modified_time\" content=\"2026-04-15T04:17:48+00:00\" \/>\n<meta property=\"og:image\" content=\"https:\/\/shop.ucrent.ee\/wp-content\/uploads\/2026\/03\/Containex-soojak-PU-24x6m-UC-Rent-scaled.jpg\" \/>\n\t<meta property=\"og:image:width\" content=\"2560\" \/>\n\t<meta property=\"og:image:height\" content=\"2560\" \/>\n\t<meta property=\"og:image:type\" content=\"image\/jpeg\" \/>\n<meta name=\"twitter:card\" content=\"summary_large_image\" \/>\n<meta name=\"twitter:label1\" content=\"Arvioitu lukuaika\" \/>\n\t<meta name=\"twitter:data1\" content=\"1 minuutti\" \/>\n<script type=\"application\/ld+json\" class=\"yoast-schema-graph\">{\"@context\":\"https:\/\/schema.org\",\"@graph\":[{\"@type\":\"WebPage\",\"@id\":\"https:\/\/shop.ucrent.ee\/fi\/toode\/containex-standardi-pu-kontti-24-x-6-m-toimisto-kulunvalvonta-vastaanotto\",\"url\":\"https:\/\/shop.ucrent.ee\/fi\/toode\/containex-standardi-pu-kontti-24-x-6-m-toimisto-kulunvalvonta-vastaanotto\",\"name\":\"Containex standardi PU-kontti 2,4 x 6 m, toimisto \u2013 kulunvalvonta \/ vastaanotto - UC Rent e-pood\",\"isPartOf\":{\"@id\":\"https:\/\/shop.ucrent.ee\/#website\"},\"primaryImageOfPage\":{\"@id\":\"https:\/\/shop.ucrent.ee\/fi\/toode\/containex-standardi-pu-kontti-24-x-6-m-toimisto-kulunvalvonta-vastaanotto#primaryimage\"},\"image\":{\"@id\":\"https:\/\/shop.ucrent.ee\/fi\/toode\/containex-standardi-pu-kontti-24-x-6-m-toimisto-kulunvalvonta-vastaanotto#primaryimage\"},\"thumbnailUrl\":\"https:\/\/shop.ucrent.ee\/wp-content\/uploads\/2026\/03\/Containex-soojak-PU-24x6m-UC-Rent-scaled.jpg\",\"datePublished\":\"2026-03-05T09:17:43+00:00\",\"dateModified\":\"2026-04-15T04:17:48+00:00\",\"breadcrumb\":{\"@id\":\"https:\/\/shop.ucrent.ee\/fi\/toode\/containex-standardi-pu-kontti-24-x-6-m-toimisto-kulunvalvonta-vastaanotto#breadcrumb\"},\"inLanguage\":\"fi\",\"potentialAction\":[{\"@type\":\"ReadAction\",\"target\":[\"https:\/\/shop.ucrent.ee\/fi\/toode\/containex-standardi-pu-kontti-24-x-6-m-toimisto-kulunvalvonta-vastaanotto\"]}]},{\"@type\":\"ImageObject\",\"inLanguage\":\"fi\",\"@id\":\"https:\/\/shop.ucrent.ee\/fi\/toode\/containex-standardi-pu-kontti-24-x-6-m-toimisto-kulunvalvonta-vastaanotto#primaryimage\",\"url\":\"https:\/\/shop.ucrent.ee\/wp-content\/uploads\/2026\/03\/Containex-soojak-PU-24x6m-UC-Rent-scaled.jpg\",\"contentUrl\":\"https:\/\/shop.ucrent.ee\/wp-content\/uploads\/2026\/03\/Containex-soojak-PU-24x6m-UC-Rent-scaled.jpg\",\"width\":2560,\"height\":2560},{\"@type\":\"BreadcrumbList\",\"@id\":\"https:\/\/shop.ucrent.ee\/fi\/toode\/containex-standardi-pu-kontti-24-x-6-m-toimisto-kulunvalvonta-vastaanotto#breadcrumb\",\"itemListElement\":[{\"@type\":\"ListItem\",\"position\":1,\"name\":\"Home\",\"item\":\"https:\/\/shop.ucrent.ee\/fi\"},{\"@type\":\"ListItem\",\"position\":2,\"name\":\"K\u00f5ik tooted\",\"item\":\"https:\/\/shop.ucrent.ee\/tooted\"},{\"@type\":\"ListItem\",\"position\":3,\"name\":\"Containex standardi PU-kontti 2,4 x 6 m, toimisto \u2013 kulunvalvonta \/ vastaanotto\"}]},{\"@type\":\"WebSite\",\"@id\":\"https:\/\/shop.ucrent.ee\/#website\",\"url\":\"https:\/\/shop.ucrent.ee\/\",\"name\":\"UC Rent e-pood\",\"description\":\"\",\"potentialAction\":[{\"@type\":\"SearchAction\",\"target\":{\"@type\":\"EntryPoint\",\"urlTemplate\":\"https:\/\/shop.ucrent.ee\/?s={search_term_string}\"},\"query-input\":{\"@type\":\"PropertyValueSpecification\",\"valueRequired\":true,\"valueName\":\"search_term_string\"}}],\"inLanguage\":\"fi\"}]}<\/script>\n<!-- \/ Yoast SEO plugin. -->","yoast_head_json":{"title":"Containex standardi PU-kontti 2,4 x 6 m, toimisto \u2013 kulunvalvonta \/ vastaanotto - UC Rent e-pood","robots":{"index":"index","follow":"follow","max-snippet":"max-snippet:-1","max-image-preview":"max-image-preview:large","max-video-preview":"max-video-preview:-1"},"canonical":"https:\/\/shop.ucrent.ee\/fi\/toode\/containex-standardi-pu-kontti-24-x-6-m-toimisto-kulunvalvonta-vastaanotto","og_locale":"fi_FI","og_type":"article","og_title":"Containex standardi PU-kontti 2,4 x 6 m, toimisto \u2013 kulunvalvonta \/ vastaanotto - UC Rent e-pood","og_description":"Containex standardi PU-kontti 2,4 x 6 m, toimisto \u2013 kulunvalvonta \/ vastaanotto Ulkomitat: 2,44 x 6,06 m x h 2,59 m Paino: noin 2500 kg Lattian kantavuus: 200 kg\/m\u00b2, tilauksesta jopa 800 kg\/m\u00b2 Ulkov\u00e4ri: tummanharmaa RAL 7016 tai vaaleanharmaa RAL 7035, sis\u00e4v\u00e4ri valkoinen Ratkaisu sis\u00e4lt\u00e4\u00e4: 7 avattavaa eristyslasi-ikkunaa ulkopuolisilla suojarullakaihtimilla, 2 lattiasta kattoon ulottuvaa panoraamaikkunaa,... View Article","og_url":"https:\/\/shop.ucrent.ee\/fi\/toode\/containex-standardi-pu-kontti-24-x-6-m-toimisto-kulunvalvonta-vastaanotto","og_site_name":"UC Rent e-pood","article_modified_time":"2026-04-15T04:17:48+00:00","og_image":[{"width":2560,"height":2560,"url":"https:\/\/shop.ucrent.ee\/wp-content\/uploads\/2026\/03\/Containex-soojak-PU-24x6m-UC-Rent-scaled.jpg","type":"image\/jpeg"}],"twitter_card":"summary_large_image","twitter_misc":{"Arvioitu lukuaika":"1 minuutti"},"schema":{"@context":"https:\/\/schema.org","@graph":[{"@type":"WebPage","@id":"https:\/\/shop.ucrent.ee\/fi\/toode\/containex-standardi-pu-kontti-24-x-6-m-toimisto-kulunvalvonta-vastaanotto","url":"https:\/\/shop.ucrent.ee\/fi\/toode\/containex-standardi-pu-kontti-24-x-6-m-toimisto-kulunvalvonta-vastaanotto","name":"Containex standardi PU-kontti 2,4 x 6 m, toimisto \u2013 kulunvalvonta \/ vastaanotto - UC Rent e-pood","isPartOf":{"@id":"https:\/\/shop.ucrent.ee\/#website"},"primaryImageOfPage":{"@id":"https:\/\/shop.ucrent.ee\/fi\/toode\/containex-standardi-pu-kontti-24-x-6-m-toimisto-kulunvalvonta-vastaanotto#primaryimage"},"image":{"@id":"https:\/\/shop.ucrent.ee\/fi\/toode\/containex-standardi-pu-kontti-24-x-6-m-toimisto-kulunvalvonta-vastaanotto#primaryimage"},"thumbnailUrl":"https:\/\/shop.ucrent.ee\/wp-content\/uploads\/2026\/03\/Containex-soojak-PU-24x6m-UC-Rent-scaled.jpg","datePublished":"2026-03-05T09:17:43+00:00","dateModified":"2026-04-15T04:17:48+00:00","breadcrumb":{"@id":"https:\/\/shop.ucrent.ee\/fi\/toode\/containex-standardi-pu-kontti-24-x-6-m-toimisto-kulunvalvonta-vastaanotto#breadcrumb"},"inLanguage":"fi","potentialAction":[{"@type":"ReadAction","target":["https:\/\/shop.ucrent.ee\/fi\/toode\/containex-standardi-pu-kontti-24-x-6-m-toimisto-kulunvalvonta-vastaanotto"]}]},{"@type":"ImageObject","inLanguage":"fi","@id":"https:\/\/shop.ucrent.ee\/fi\/toode\/containex-standardi-pu-kontti-24-x-6-m-toimisto-kulunvalvonta-vastaanotto#primaryimage","url":"https:\/\/shop.ucrent.ee\/wp-content\/uploads\/2026\/03\/Containex-soojak-PU-24x6m-UC-Rent-scaled.jpg","contentUrl":"https:\/\/shop.ucrent.ee\/wp-content\/uploads\/2026\/03\/Containex-soojak-PU-24x6m-UC-Rent-scaled.jpg","width":2560,"height":2560},{"@type":"BreadcrumbList","@id":"https:\/\/shop.ucrent.ee\/fi\/toode\/containex-standardi-pu-kontti-24-x-6-m-toimisto-kulunvalvonta-vastaanotto#breadcrumb","itemListElement":[{"@type":"ListItem","position":1,"name":"Home","item":"https:\/\/shop.ucrent.ee\/fi"},{"@type":"ListItem","position":2,"name":"K\u00f5ik tooted","item":"https:\/\/shop.ucrent.ee\/tooted"},{"@type":"ListItem","position":3,"name":"Containex standardi PU-kontti 2,4 x 6 m, toimisto \u2013 kulunvalvonta \/ vastaanotto"}]},{"@type":"WebSite","@id":"https:\/\/shop.ucrent.ee\/#website","url":"https:\/\/shop.ucrent.ee\/","name":"UC Rent e-pood","description":"","potentialAction":[{"@type":"SearchAction","target":{"@type":"EntryPoint","urlTemplate":"https:\/\/shop.ucrent.ee\/?s={search_term_string}"},"query-input":{"@type":"PropertyValueSpecification","valueRequired":true,"valueName":"search_term_string"}}],"inLanguage":"fi"}]}},"_links":{"self":[{"href":"https:\/\/shop.ucrent.ee\/fi\/wp-json\/wp\/v2\/product\/626476","targetHints":{"allow":["GET"]}}],"collection":[{"href":"https:\/\/shop.ucrent.ee\/fi\/wp-json\/wp\/v2\/product"}],"about":[{"href":"https:\/\/shop.ucrent.ee\/fi\/wp-json\/wp\/v2\/types\/product"}],"wp:featuredmedia":[{"embeddable":true,"href":"https:\/\/shop.ucrent.ee\/fi\/wp-json\/wp\/v2\/media\/626466"}],"wp:attachment":[{"href":"https:\/\/shop.ucrent.ee\/fi\/wp-json\/wp\/v2\/media?parent=626476"}],"wp:term":[{"taxonomy":"product_brand","embeddable":true,"href":"https:\/\/shop.ucrent.ee\/fi\/wp-json\/wp\/v2\/product_brand?post=626476"},{"taxonomy":"product_cat","embeddable":true,"href":"https:\/\/shop.ucrent.ee\/fi\/wp-json\/wp\/v2\/product_cat?post=626476"},{"taxonomy":"product_tag","embeddable":true,"href":"https:\/\/shop.ucrent.ee\/fi\/wp-json\/wp\/v2\/product_tag?post=626476"}],"curies":[{"name":"wp","href":"https:\/\/api.w.org\/{rel}","templated":true}]}}