{"id":626526,"date":"2026-03-13T10:47:49","date_gmt":"2026-03-13T08:47:49","guid":{"rendered":"https:\/\/shop.ucrent.ee\/toode\/merikontti-sivulta-avattava-20os-one-way-jalkitoimituksena-tilattavissa"},"modified":"2026-04-09T03:18:25","modified_gmt":"2026-04-09T00:18:25","slug":"merikontti-sivulta-avattava-20os-one-way-jalkitoimituksena-tilattavissa","status":"publish","type":"product","link":"https:\/\/shop.ucrent.ee\/fi\/toode\/merikontti-sivulta-avattava-20os-one-way-jalkitoimituksena-tilattavissa","title":{"rendered":"Merikontti, sivulta avattava 20OS, one way \u2013 j\u00e4lkitoimituksena tilattavissa"},"content":{"rendered":"<p>Merikontti, sivulta avattava 20OS<br \/>\nUlkomitat: 2,44 \u00d7 6,06 \u00d7 K 2,59 m<br \/>\nKontissa on laadukas lattia.<br \/>\nUlkov\u00e4ri saatavuuden mukaan tai tilauksesta.<br \/>\nUudenveroinen \/ One way -kontti, pinnassa voi esiinty\u00e4 kosmeettisia vaurioita.<\/p>\n","protected":false},"excerpt":{"rendered":"Merikontti, sivulta avattava 20OS Ulkomitat: 2,44 \u00d7 6,06 \u00d7 K 2,59 m Kontissa on laadukas lattia. Ulkov\u00e4ri saatavuuden mukaan tai tilauksesta. Uudenveroinen \/ One way -kontti, pinnassa voi esiinty\u00e4 kosmeettisia vaurioita.","protected":false},"featured_media":626515,"template":"","meta":{"_acf_changed":false},"product_brand":[],"product_cat":[898],"product_tag":[],"class_list":{"0":"post-626526","1":"product","2":"type-product","3":"status-publish","4":"has-post-thumbnail","6":"product_cat-laokonteinerid_fi","8":"first","9":"instock","10":"taxable","11":"shipping-taxable","12":"purchasable","13":"product-type-simple"},"acf":[],"yoast_head":"<!-- This site is optimized with the Yoast SEO plugin v27.0 - https:\/\/yoast.com\/product\/yoast-seo-wordpress\/ -->\n<title>Merikontti, sivulta avattava 20OS, one way \u2013 j\u00e4lkitoimituksena tilattavissa - UC Rent e-pood<\/title>\n<meta name=\"robots\" content=\"index, follow, max-snippet:-1, max-image-preview:large, max-video-preview:-1\" \/>\n<link rel=\"canonical\" href=\"https:\/\/shop.ucrent.ee\/fi\/toode\/merikontti-sivulta-avattava-20os-one-way-jalkitoimituksena-tilattavissa\" \/>\n<meta property=\"og:locale\" content=\"fi_FI\" \/>\n<meta property=\"og:type\" content=\"article\" \/>\n<meta property=\"og:title\" content=\"Merikontti, sivulta avattava 20OS, one way \u2013 j\u00e4lkitoimituksena tilattavissa - UC Rent e-pood\" \/>\n<meta property=\"og:description\" content=\"Merikontti, sivulta avattava 20OS Ulkomitat: 2,44 \u00d7 6,06 \u00d7 K 2,59 m Kontissa on laadukas lattia. Ulkov\u00e4ri saatavuuden mukaan tai tilauksesta. Uudenveroinen \/ One way -kontti, pinnassa voi esiinty\u00e4 kosmeettisia vaurioita.\" \/>\n<meta property=\"og:url\" content=\"https:\/\/shop.ucrent.ee\/fi\/toode\/merikontti-sivulta-avattava-20os-one-way-jalkitoimituksena-tilattavissa\" \/>\n<meta property=\"og:site_name\" content=\"UC Rent e-pood\" \/>\n<meta property=\"article:modified_time\" content=\"2026-04-09T00:18:25+00:00\" \/>\n<meta property=\"og:image\" content=\"https:\/\/shop.ucrent.ee\/wp-content\/uploads\/2026\/03\/Merekonteiner-20OS-24x6m-UC-Sales.jpg\" \/>\n\t<meta property=\"og:image:width\" content=\"1024\" \/>\n\t<meta property=\"og:image:height\" content=\"768\" \/>\n\t<meta property=\"og:image:type\" content=\"image\/jpeg\" \/>\n<meta name=\"twitter:card\" content=\"summary_large_image\" \/>\n<script type=\"application\/ld+json\" class=\"yoast-schema-graph\">{\"@context\":\"https:\/\/schema.org\",\"@graph\":[{\"@type\":\"WebPage\",\"@id\":\"https:\/\/shop.ucrent.ee\/fi\/toode\/merikontti-sivulta-avattava-20os-one-way-jalkitoimituksena-tilattavissa\",\"url\":\"https:\/\/shop.ucrent.ee\/fi\/toode\/merikontti-sivulta-avattava-20os-one-way-jalkitoimituksena-tilattavissa\",\"name\":\"Merikontti, sivulta avattava 20OS, one way \u2013 j\u00e4lkitoimituksena tilattavissa - UC Rent e-pood\",\"isPartOf\":{\"@id\":\"https:\/\/shop.ucrent.ee\/#website\"},\"primaryImageOfPage\":{\"@id\":\"https:\/\/shop.ucrent.ee\/fi\/toode\/merikontti-sivulta-avattava-20os-one-way-jalkitoimituksena-tilattavissa#primaryimage\"},\"image\":{\"@id\":\"https:\/\/shop.ucrent.ee\/fi\/toode\/merikontti-sivulta-avattava-20os-one-way-jalkitoimituksena-tilattavissa#primaryimage\"},\"thumbnailUrl\":\"https:\/\/shop.ucrent.ee\/wp-content\/uploads\/2026\/03\/Merekonteiner-20OS-24x6m-UC-Sales.jpg\",\"datePublished\":\"2026-03-13T08:47:49+00:00\",\"dateModified\":\"2026-04-09T00:18:25+00:00\",\"breadcrumb\":{\"@id\":\"https:\/\/shop.ucrent.ee\/fi\/toode\/merikontti-sivulta-avattava-20os-one-way-jalkitoimituksena-tilattavissa#breadcrumb\"},\"inLanguage\":\"fi\",\"potentialAction\":[{\"@type\":\"ReadAction\",\"target\":[\"https:\/\/shop.ucrent.ee\/fi\/toode\/merikontti-sivulta-avattava-20os-one-way-jalkitoimituksena-tilattavissa\"]}]},{\"@type\":\"ImageObject\",\"inLanguage\":\"fi\",\"@id\":\"https:\/\/shop.ucrent.ee\/fi\/toode\/merikontti-sivulta-avattava-20os-one-way-jalkitoimituksena-tilattavissa#primaryimage\",\"url\":\"https:\/\/shop.ucrent.ee\/wp-content\/uploads\/2026\/03\/Merekonteiner-20OS-24x6m-UC-Sales.jpg\",\"contentUrl\":\"https:\/\/shop.ucrent.ee\/wp-content\/uploads\/2026\/03\/Merekonteiner-20OS-24x6m-UC-Sales.jpg\",\"width\":1024,\"height\":768,\"caption\":\"_cuva\"},{\"@type\":\"BreadcrumbList\",\"@id\":\"https:\/\/shop.ucrent.ee\/fi\/toode\/merikontti-sivulta-avattava-20os-one-way-jalkitoimituksena-tilattavissa#breadcrumb\",\"itemListElement\":[{\"@type\":\"ListItem\",\"position\":1,\"name\":\"Home\",\"item\":\"https:\/\/shop.ucrent.ee\/fi\"},{\"@type\":\"ListItem\",\"position\":2,\"name\":\"K\u00f5ik tooted\",\"item\":\"https:\/\/shop.ucrent.ee\/tooted\"},{\"@type\":\"ListItem\",\"position\":3,\"name\":\"Merikontti, sivulta avattava 20OS, one way \u2013 j\u00e4lkitoimituksena tilattavissa\"}]},{\"@type\":\"WebSite\",\"@id\":\"https:\/\/shop.ucrent.ee\/#website\",\"url\":\"https:\/\/shop.ucrent.ee\/\",\"name\":\"UC Rent e-pood\",\"description\":\"\",\"potentialAction\":[{\"@type\":\"SearchAction\",\"target\":{\"@type\":\"EntryPoint\",\"urlTemplate\":\"https:\/\/shop.ucrent.ee\/?s={search_term_string}\"},\"query-input\":{\"@type\":\"PropertyValueSpecification\",\"valueRequired\":true,\"valueName\":\"search_term_string\"}}],\"inLanguage\":\"fi\"}]}<\/script>\n<!-- \/ Yoast SEO plugin. -->","yoast_head_json":{"title":"Merikontti, sivulta avattava 20OS, one way \u2013 j\u00e4lkitoimituksena tilattavissa - UC Rent e-pood","robots":{"index":"index","follow":"follow","max-snippet":"max-snippet:-1","max-image-preview":"max-image-preview:large","max-video-preview":"max-video-preview:-1"},"canonical":"https:\/\/shop.ucrent.ee\/fi\/toode\/merikontti-sivulta-avattava-20os-one-way-jalkitoimituksena-tilattavissa","og_locale":"fi_FI","og_type":"article","og_title":"Merikontti, sivulta avattava 20OS, one way \u2013 j\u00e4lkitoimituksena tilattavissa - UC Rent e-pood","og_description":"Merikontti, sivulta avattava 20OS Ulkomitat: 2,44 \u00d7 6,06 \u00d7 K 2,59 m Kontissa on laadukas lattia. Ulkov\u00e4ri saatavuuden mukaan tai tilauksesta. Uudenveroinen \/ One way -kontti, pinnassa voi esiinty\u00e4 kosmeettisia vaurioita.","og_url":"https:\/\/shop.ucrent.ee\/fi\/toode\/merikontti-sivulta-avattava-20os-one-way-jalkitoimituksena-tilattavissa","og_site_name":"UC Rent e-pood","article_modified_time":"2026-04-09T00:18:25+00:00","og_image":[{"width":1024,"height":768,"url":"https:\/\/shop.ucrent.ee\/wp-content\/uploads\/2026\/03\/Merekonteiner-20OS-24x6m-UC-Sales.jpg","type":"image\/jpeg"}],"twitter_card":"summary_large_image","schema":{"@context":"https:\/\/schema.org","@graph":[{"@type":"WebPage","@id":"https:\/\/shop.ucrent.ee\/fi\/toode\/merikontti-sivulta-avattava-20os-one-way-jalkitoimituksena-tilattavissa","url":"https:\/\/shop.ucrent.ee\/fi\/toode\/merikontti-sivulta-avattava-20os-one-way-jalkitoimituksena-tilattavissa","name":"Merikontti, sivulta avattava 20OS, one way \u2013 j\u00e4lkitoimituksena tilattavissa - UC Rent e-pood","isPartOf":{"@id":"https:\/\/shop.ucrent.ee\/#website"},"primaryImageOfPage":{"@id":"https:\/\/shop.ucrent.ee\/fi\/toode\/merikontti-sivulta-avattava-20os-one-way-jalkitoimituksena-tilattavissa#primaryimage"},"image":{"@id":"https:\/\/shop.ucrent.ee\/fi\/toode\/merikontti-sivulta-avattava-20os-one-way-jalkitoimituksena-tilattavissa#primaryimage"},"thumbnailUrl":"https:\/\/shop.ucrent.ee\/wp-content\/uploads\/2026\/03\/Merekonteiner-20OS-24x6m-UC-Sales.jpg","datePublished":"2026-03-13T08:47:49+00:00","dateModified":"2026-04-09T00:18:25+00:00","breadcrumb":{"@id":"https:\/\/shop.ucrent.ee\/fi\/toode\/merikontti-sivulta-avattava-20os-one-way-jalkitoimituksena-tilattavissa#breadcrumb"},"inLanguage":"fi","potentialAction":[{"@type":"ReadAction","target":["https:\/\/shop.ucrent.ee\/fi\/toode\/merikontti-sivulta-avattava-20os-one-way-jalkitoimituksena-tilattavissa"]}]},{"@type":"ImageObject","inLanguage":"fi","@id":"https:\/\/shop.ucrent.ee\/fi\/toode\/merikontti-sivulta-avattava-20os-one-way-jalkitoimituksena-tilattavissa#primaryimage","url":"https:\/\/shop.ucrent.ee\/wp-content\/uploads\/2026\/03\/Merekonteiner-20OS-24x6m-UC-Sales.jpg","contentUrl":"https:\/\/shop.ucrent.ee\/wp-content\/uploads\/2026\/03\/Merekonteiner-20OS-24x6m-UC-Sales.jpg","width":1024,"height":768,"caption":"_cuva"},{"@type":"BreadcrumbList","@id":"https:\/\/shop.ucrent.ee\/fi\/toode\/merikontti-sivulta-avattava-20os-one-way-jalkitoimituksena-tilattavissa#breadcrumb","itemListElement":[{"@type":"ListItem","position":1,"name":"Home","item":"https:\/\/shop.ucrent.ee\/fi"},{"@type":"ListItem","position":2,"name":"K\u00f5ik tooted","item":"https:\/\/shop.ucrent.ee\/tooted"},{"@type":"ListItem","position":3,"name":"Merikontti, sivulta avattava 20OS, one way \u2013 j\u00e4lkitoimituksena tilattavissa"}]},{"@type":"WebSite","@id":"https:\/\/shop.ucrent.ee\/#website","url":"https:\/\/shop.ucrent.ee\/","name":"UC Rent e-pood","description":"","potentialAction":[{"@type":"SearchAction","target":{"@type":"EntryPoint","urlTemplate":"https:\/\/shop.ucrent.ee\/?s={search_term_string}"},"query-input":{"@type":"PropertyValueSpecification","valueRequired":true,"valueName":"search_term_string"}}],"inLanguage":"fi"}]}},"_links":{"self":[{"href":"https:\/\/shop.ucrent.ee\/fi\/wp-json\/wp\/v2\/product\/626526","targetHints":{"allow":["GET"]}}],"collection":[{"href":"https:\/\/shop.ucrent.ee\/fi\/wp-json\/wp\/v2\/product"}],"about":[{"href":"https:\/\/shop.ucrent.ee\/fi\/wp-json\/wp\/v2\/types\/product"}],"wp:featuredmedia":[{"embeddable":true,"href":"https:\/\/shop.ucrent.ee\/fi\/wp-json\/wp\/v2\/media\/626515"}],"wp:attachment":[{"href":"https:\/\/shop.ucrent.ee\/fi\/wp-json\/wp\/v2\/media?parent=626526"}],"wp:term":[{"taxonomy":"product_brand","embeddable":true,"href":"https:\/\/shop.ucrent.ee\/fi\/wp-json\/wp\/v2\/product_brand?post=626526"},{"taxonomy":"product_cat","embeddable":true,"href":"https:\/\/shop.ucrent.ee\/fi\/wp-json\/wp\/v2\/product_cat?post=626526"},{"taxonomy":"product_tag","embeddable":true,"href":"https:\/\/shop.ucrent.ee\/fi\/wp-json\/wp\/v2\/product_tag?post=626526"}],"curies":[{"name":"wp","href":"https:\/\/api.w.org\/{rel}","templated":true}]}}