{"id":626642,"date":"2026-04-08T08:48:13","date_gmt":"2026-04-08T05:48:13","guid":{"rendered":"https:\/\/shop.ucrent.ee\/toode\/henchman-kolmijalkatikas-30-m"},"modified":"2026-04-09T16:32:39","modified_gmt":"2026-04-09T13:32:39","slug":"henchman-kolmijalkatikas-30-m","status":"publish","type":"product","link":"https:\/\/shop.ucrent.ee\/fi\/toode\/henchman-kolmijalkatikas-30-m","title":{"rendered":"Henchman kolmijalkatikas 3,0 m"},"content":{"rendered":"<p>T\u00e4ysin s\u00e4\u00e4dett\u00e4v\u00e4 kolmijalkatikas on varustettu kolmella itsen\u00e4isesti s\u00e4\u00e4dett\u00e4v\u00e4ll\u00e4 jalalla, mik\u00e4 mahdollistaa tikkaiden k\u00e4yt\u00f6n kaikilla alustoilla ja takaa turvallisuuden korkealla ty\u00f6skennelt\u00e4ess\u00e4.<br \/>\nMateriaali: alumiini<br \/>\nTy\u00f6tason korkeus: 2,1 m, joka antaa ty\u00f6skentelykorkeuden jopa 4,2 m<br \/>\nPaino: 12 kg<br \/>\nTason syvyys: 25 cm<br \/>\nMitat kokoontaitettuna: 300 \u00d7 150 \u00d7 20 cm<br \/>\nKantavuus: 150 kg<br \/>\nSertifikaatti: EN131<\/p>\n","protected":false},"excerpt":{"rendered":"T\u00e4ysin s\u00e4\u00e4dett\u00e4v\u00e4 kolmijalkatikas on varustettu kolmella itsen\u00e4isesti s\u00e4\u00e4dett\u00e4v\u00e4ll\u00e4 jalalla, mik\u00e4 mahdollistaa tikkaiden k\u00e4yt\u00f6n kaikilla alustoilla ja takaa turvallisuuden korkealla ty\u00f6skennelt\u00e4ess\u00e4. Materiaali: alumiini Ty\u00f6tason korkeus: 2,1 m, joka antaa ty\u00f6skentelykorkeuden jopa 4,2 m Paino: 12 kg Tason syvyys: 25 cm Mitat kokoontaitettuna: 300 \u00d7 150 \u00d7 20 cm Kantavuus: 150 kg Sertifikaatti: EN131","protected":false},"featured_media":626658,"template":"","meta":{"_acf_changed":false},"product_brand":[],"product_cat":[934],"product_tag":[],"class_list":{"0":"post-626642","1":"product","2":"type-product","3":"status-publish","4":"has-post-thumbnail","6":"product_cat-tikkaat-henchman","8":"first","9":"instock","10":"taxable","11":"shipping-taxable","12":"purchasable","13":"product-type-simple"},"acf":[],"yoast_head":"<!-- This site is optimized with the Yoast SEO plugin v27.0 - https:\/\/yoast.com\/product\/yoast-seo-wordpress\/ -->\n<title>Henchman kolmijalkatikas 3,0 m - UC Rent e-pood<\/title>\n<meta name=\"robots\" content=\"index, follow, max-snippet:-1, max-image-preview:large, max-video-preview:-1\" \/>\n<link rel=\"canonical\" href=\"https:\/\/shop.ucrent.ee\/fi\/toode\/henchman-kolmijalkatikas-30-m\" \/>\n<meta property=\"og:locale\" content=\"fi_FI\" \/>\n<meta property=\"og:type\" content=\"article\" \/>\n<meta property=\"og:title\" content=\"Henchman kolmijalkatikas 3,0 m - UC Rent e-pood\" \/>\n<meta property=\"og:description\" content=\"T\u00e4ysin s\u00e4\u00e4dett\u00e4v\u00e4 kolmijalkatikas on varustettu kolmella itsen\u00e4isesti s\u00e4\u00e4dett\u00e4v\u00e4ll\u00e4 jalalla, mik\u00e4 mahdollistaa tikkaiden k\u00e4yt\u00f6n kaikilla alustoilla ja takaa turvallisuuden korkealla ty\u00f6skennelt\u00e4ess\u00e4. Materiaali: alumiini Ty\u00f6tason korkeus: 2,1 m, joka antaa ty\u00f6skentelykorkeuden jopa 4,2 m Paino: 12 kg Tason syvyys: 25 cm Mitat kokoontaitettuna: 300 \u00d7 150 \u00d7 20 cm Kantavuus: 150 kg Sertifikaatti: EN131\" \/>\n<meta property=\"og:url\" content=\"https:\/\/shop.ucrent.ee\/fi\/toode\/henchman-kolmijalkatikas-30-m\" \/>\n<meta property=\"og:site_name\" content=\"UC Rent e-pood\" \/>\n<meta property=\"article:modified_time\" content=\"2026-04-09T13:32:39+00:00\" \/>\n<meta property=\"og:image\" content=\"https:\/\/shop.ucrent.ee\/wp-content\/uploads\/2026\/04\/Henchman-taielikult-reguleeritav-kolmjalgsed-redelid-UC-Sales2.jpg\" \/>\n\t<meta property=\"og:image:width\" content=\"1224\" \/>\n\t<meta property=\"og:image:height\" content=\"1117\" \/>\n\t<meta property=\"og:image:type\" content=\"image\/jpeg\" \/>\n<meta name=\"twitter:card\" content=\"summary_large_image\" \/>\n<script type=\"application\/ld+json\" class=\"yoast-schema-graph\">{\"@context\":\"https:\/\/schema.org\",\"@graph\":[{\"@type\":\"WebPage\",\"@id\":\"https:\/\/shop.ucrent.ee\/fi\/toode\/henchman-kolmijalkatikas-30-m\",\"url\":\"https:\/\/shop.ucrent.ee\/fi\/toode\/henchman-kolmijalkatikas-30-m\",\"name\":\"Henchman kolmijalkatikas 3,0 m - UC Rent e-pood\",\"isPartOf\":{\"@id\":\"https:\/\/shop.ucrent.ee\/#website\"},\"primaryImageOfPage\":{\"@id\":\"https:\/\/shop.ucrent.ee\/fi\/toode\/henchman-kolmijalkatikas-30-m#primaryimage\"},\"image\":{\"@id\":\"https:\/\/shop.ucrent.ee\/fi\/toode\/henchman-kolmijalkatikas-30-m#primaryimage\"},\"thumbnailUrl\":\"https:\/\/shop.ucrent.ee\/wp-content\/uploads\/2026\/04\/Henchman-taielikult-reguleeritav-kolmjalgsed-redelid-UC-Sales2.jpg\",\"datePublished\":\"2026-04-08T05:48:13+00:00\",\"dateModified\":\"2026-04-09T13:32:39+00:00\",\"breadcrumb\":{\"@id\":\"https:\/\/shop.ucrent.ee\/fi\/toode\/henchman-kolmijalkatikas-30-m#breadcrumb\"},\"inLanguage\":\"fi\",\"potentialAction\":[{\"@type\":\"ReadAction\",\"target\":[\"https:\/\/shop.ucrent.ee\/fi\/toode\/henchman-kolmijalkatikas-30-m\"]}]},{\"@type\":\"ImageObject\",\"inLanguage\":\"fi\",\"@id\":\"https:\/\/shop.ucrent.ee\/fi\/toode\/henchman-kolmijalkatikas-30-m#primaryimage\",\"url\":\"https:\/\/shop.ucrent.ee\/wp-content\/uploads\/2026\/04\/Henchman-taielikult-reguleeritav-kolmjalgsed-redelid-UC-Sales2.jpg\",\"contentUrl\":\"https:\/\/shop.ucrent.ee\/wp-content\/uploads\/2026\/04\/Henchman-taielikult-reguleeritav-kolmjalgsed-redelid-UC-Sales2.jpg\",\"width\":1224,\"height\":1117},{\"@type\":\"BreadcrumbList\",\"@id\":\"https:\/\/shop.ucrent.ee\/fi\/toode\/henchman-kolmijalkatikas-30-m#breadcrumb\",\"itemListElement\":[{\"@type\":\"ListItem\",\"position\":1,\"name\":\"Home\",\"item\":\"https:\/\/shop.ucrent.ee\/fi\"},{\"@type\":\"ListItem\",\"position\":2,\"name\":\"K\u00f5ik tooted\",\"item\":\"https:\/\/shop.ucrent.ee\/tooted\"},{\"@type\":\"ListItem\",\"position\":3,\"name\":\"Henchman kolmijalkatikas 3,0 m\"}]},{\"@type\":\"WebSite\",\"@id\":\"https:\/\/shop.ucrent.ee\/#website\",\"url\":\"https:\/\/shop.ucrent.ee\/\",\"name\":\"UC Rent e-pood\",\"description\":\"\",\"potentialAction\":[{\"@type\":\"SearchAction\",\"target\":{\"@type\":\"EntryPoint\",\"urlTemplate\":\"https:\/\/shop.ucrent.ee\/?s={search_term_string}\"},\"query-input\":{\"@type\":\"PropertyValueSpecification\",\"valueRequired\":true,\"valueName\":\"search_term_string\"}}],\"inLanguage\":\"fi\"}]}<\/script>\n<!-- \/ Yoast SEO plugin. -->","yoast_head_json":{"title":"Henchman kolmijalkatikas 3,0 m - UC Rent e-pood","robots":{"index":"index","follow":"follow","max-snippet":"max-snippet:-1","max-image-preview":"max-image-preview:large","max-video-preview":"max-video-preview:-1"},"canonical":"https:\/\/shop.ucrent.ee\/fi\/toode\/henchman-kolmijalkatikas-30-m","og_locale":"fi_FI","og_type":"article","og_title":"Henchman kolmijalkatikas 3,0 m - UC Rent e-pood","og_description":"T\u00e4ysin s\u00e4\u00e4dett\u00e4v\u00e4 kolmijalkatikas on varustettu kolmella itsen\u00e4isesti s\u00e4\u00e4dett\u00e4v\u00e4ll\u00e4 jalalla, mik\u00e4 mahdollistaa tikkaiden k\u00e4yt\u00f6n kaikilla alustoilla ja takaa turvallisuuden korkealla ty\u00f6skennelt\u00e4ess\u00e4. Materiaali: alumiini Ty\u00f6tason korkeus: 2,1 m, joka antaa ty\u00f6skentelykorkeuden jopa 4,2 m Paino: 12 kg Tason syvyys: 25 cm Mitat kokoontaitettuna: 300 \u00d7 150 \u00d7 20 cm Kantavuus: 150 kg Sertifikaatti: EN131","og_url":"https:\/\/shop.ucrent.ee\/fi\/toode\/henchman-kolmijalkatikas-30-m","og_site_name":"UC Rent e-pood","article_modified_time":"2026-04-09T13:32:39+00:00","og_image":[{"width":1224,"height":1117,"url":"https:\/\/shop.ucrent.ee\/wp-content\/uploads\/2026\/04\/Henchman-taielikult-reguleeritav-kolmjalgsed-redelid-UC-Sales2.jpg","type":"image\/jpeg"}],"twitter_card":"summary_large_image","schema":{"@context":"https:\/\/schema.org","@graph":[{"@type":"WebPage","@id":"https:\/\/shop.ucrent.ee\/fi\/toode\/henchman-kolmijalkatikas-30-m","url":"https:\/\/shop.ucrent.ee\/fi\/toode\/henchman-kolmijalkatikas-30-m","name":"Henchman kolmijalkatikas 3,0 m - UC Rent e-pood","isPartOf":{"@id":"https:\/\/shop.ucrent.ee\/#website"},"primaryImageOfPage":{"@id":"https:\/\/shop.ucrent.ee\/fi\/toode\/henchman-kolmijalkatikas-30-m#primaryimage"},"image":{"@id":"https:\/\/shop.ucrent.ee\/fi\/toode\/henchman-kolmijalkatikas-30-m#primaryimage"},"thumbnailUrl":"https:\/\/shop.ucrent.ee\/wp-content\/uploads\/2026\/04\/Henchman-taielikult-reguleeritav-kolmjalgsed-redelid-UC-Sales2.jpg","datePublished":"2026-04-08T05:48:13+00:00","dateModified":"2026-04-09T13:32:39+00:00","breadcrumb":{"@id":"https:\/\/shop.ucrent.ee\/fi\/toode\/henchman-kolmijalkatikas-30-m#breadcrumb"},"inLanguage":"fi","potentialAction":[{"@type":"ReadAction","target":["https:\/\/shop.ucrent.ee\/fi\/toode\/henchman-kolmijalkatikas-30-m"]}]},{"@type":"ImageObject","inLanguage":"fi","@id":"https:\/\/shop.ucrent.ee\/fi\/toode\/henchman-kolmijalkatikas-30-m#primaryimage","url":"https:\/\/shop.ucrent.ee\/wp-content\/uploads\/2026\/04\/Henchman-taielikult-reguleeritav-kolmjalgsed-redelid-UC-Sales2.jpg","contentUrl":"https:\/\/shop.ucrent.ee\/wp-content\/uploads\/2026\/04\/Henchman-taielikult-reguleeritav-kolmjalgsed-redelid-UC-Sales2.jpg","width":1224,"height":1117},{"@type":"BreadcrumbList","@id":"https:\/\/shop.ucrent.ee\/fi\/toode\/henchman-kolmijalkatikas-30-m#breadcrumb","itemListElement":[{"@type":"ListItem","position":1,"name":"Home","item":"https:\/\/shop.ucrent.ee\/fi"},{"@type":"ListItem","position":2,"name":"K\u00f5ik tooted","item":"https:\/\/shop.ucrent.ee\/tooted"},{"@type":"ListItem","position":3,"name":"Henchman kolmijalkatikas 3,0 m"}]},{"@type":"WebSite","@id":"https:\/\/shop.ucrent.ee\/#website","url":"https:\/\/shop.ucrent.ee\/","name":"UC Rent e-pood","description":"","potentialAction":[{"@type":"SearchAction","target":{"@type":"EntryPoint","urlTemplate":"https:\/\/shop.ucrent.ee\/?s={search_term_string}"},"query-input":{"@type":"PropertyValueSpecification","valueRequired":true,"valueName":"search_term_string"}}],"inLanguage":"fi"}]}},"_links":{"self":[{"href":"https:\/\/shop.ucrent.ee\/fi\/wp-json\/wp\/v2\/product\/626642","targetHints":{"allow":["GET"]}}],"collection":[{"href":"https:\/\/shop.ucrent.ee\/fi\/wp-json\/wp\/v2\/product"}],"about":[{"href":"https:\/\/shop.ucrent.ee\/fi\/wp-json\/wp\/v2\/types\/product"}],"wp:featuredmedia":[{"embeddable":true,"href":"https:\/\/shop.ucrent.ee\/fi\/wp-json\/wp\/v2\/media\/626658"}],"wp:attachment":[{"href":"https:\/\/shop.ucrent.ee\/fi\/wp-json\/wp\/v2\/media?parent=626642"}],"wp:term":[{"taxonomy":"product_brand","embeddable":true,"href":"https:\/\/shop.ucrent.ee\/fi\/wp-json\/wp\/v2\/product_brand?post=626642"},{"taxonomy":"product_cat","embeddable":true,"href":"https:\/\/shop.ucrent.ee\/fi\/wp-json\/wp\/v2\/product_cat?post=626642"},{"taxonomy":"product_tag","embeddable":true,"href":"https:\/\/shop.ucrent.ee\/fi\/wp-json\/wp\/v2\/product_tag?post=626642"}],"curies":[{"name":"wp","href":"https:\/\/api.w.org\/{rel}","templated":true}]}}