{"id":626689,"date":"2026-04-08T10:18:49","date_gmt":"2026-04-08T07:18:49","guid":{"rendered":"https:\/\/shop.ucrent.ee\/toode\/henchman-nostohihnat"},"modified":"2026-04-09T16:02:36","modified_gmt":"2026-04-09T13:02:36","slug":"henchman-nostohihnat","status":"publish","type":"product","link":"https:\/\/shop.ucrent.ee\/fi\/toode\/henchman-nostohihnat","title":{"rendered":"Henchman nostohihnat"},"content":{"rendered":"<p>Valjaat on tarkoitettu pensasleikkureille, trimmereille ja muille puutarhaty\u00f6kaluille.<br \/>\nHenchman-nostovaljaat ottavat kantaakseen jopa 100 % raskaiden puutarhaty\u00f6kalujen painosta.<br \/>\nNe mahdollistavat 3\u201315 kg painavien k\u00e4sity\u00f6kalujen k\u00e4yt\u00f6n tarjoten jopa 7,5 kg tuen.<br \/>\nSopivat erilaisiin ty\u00f6kaluihin ja ty\u00f6teht\u00e4viin, siirt\u00e4en kuormituksen hartioilta lantiolle.<br \/>\nValjaat eiv\u00e4t rajoita liikkumista, mahdollistaen mukavan, varman ja turvallisen ty\u00f6skentelyn my\u00f6s pidemm\u00e4n aikaa.<br \/>\nValmistettu ruostumattomasta alumiinista ja s\u00e4\u00e4dett\u00e4viss\u00e4 k\u00e4ytt\u00e4j\u00e4n pituuden ja ty\u00f6asennon mukaan.<br \/>\nMiten se toimii?<br \/>\nPue valjaat kuin reppu ja kiinnit\u00e4 vy\u00f6 tukevasti.<br \/>\nKiinnit\u00e4 ty\u00f6kalu \u2013 valjaat tukevat jopa 7,5 kg painosta.<br \/>\nAloita ty\u00f6 \u2013 ty\u00f6kalu tuntuu kevyemm\u00e4lt\u00e4 ja liikkumistasi tukee k\u00e4\u00e4ntyv\u00e4 tukivarsi.<br \/>\n\u00c4l\u00e4 k\u00e4yt\u00e4 tikkailla \u2013 turvallisuussyist\u00e4!<\/p>\n","protected":false},"excerpt":{"rendered":"Valjaat on tarkoitettu pensasleikkureille, trimmereille ja muille puutarhaty\u00f6kaluille. Henchman-nostovaljaat ottavat kantaakseen jopa 100 % raskaiden puutarhaty\u00f6kalujen painosta. Ne mahdollistavat 3\u201315 kg painavien k\u00e4sity\u00f6kalujen k\u00e4yt\u00f6n tarjoten jopa 7,5 kg tuen. Sopivat erilaisiin ty\u00f6kaluihin ja ty\u00f6teht\u00e4viin, siirt\u00e4en kuormituksen hartioilta lantiolle. Valjaat eiv\u00e4t rajoita liikkumista, mahdollistaen mukavan, varman ja turvallisen ty\u00f6skentelyn my\u00f6s pidemm\u00e4n aikaa. Valmistettu ruostumattomasta alumiinista ja&#8230; <a class=\"view-article\" href=\"https:\/\/shop.ucrent.ee\/fi\/toode\/henchman-nostohihnat\">View Article<\/a>","protected":false},"featured_media":626683,"template":"","meta":{"_acf_changed":false},"product_brand":[],"product_cat":[934],"product_tag":[],"class_list":{"0":"post-626689","1":"product","2":"type-product","3":"status-publish","4":"has-post-thumbnail","6":"product_cat-tikkaat-henchman","8":"first","9":"instock","10":"taxable","11":"shipping-taxable","12":"purchasable","13":"product-type-simple"},"acf":[],"yoast_head":"<!-- This site is optimized with the Yoast SEO plugin v27.0 - https:\/\/yoast.com\/product\/yoast-seo-wordpress\/ -->\n<title>Henchman nostohihnat - UC Rent e-pood<\/title>\n<meta name=\"robots\" content=\"index, follow, max-snippet:-1, max-image-preview:large, max-video-preview:-1\" \/>\n<link rel=\"canonical\" href=\"https:\/\/shop.ucrent.ee\/fi\/toode\/henchman-nostohihnat\" \/>\n<meta property=\"og:locale\" content=\"fi_FI\" \/>\n<meta property=\"og:type\" content=\"article\" \/>\n<meta property=\"og:title\" content=\"Henchman nostohihnat - UC Rent e-pood\" \/>\n<meta property=\"og:description\" content=\"Valjaat on tarkoitettu pensasleikkureille, trimmereille ja muille puutarhaty\u00f6kaluille. Henchman-nostovaljaat ottavat kantaakseen jopa 100 % raskaiden puutarhaty\u00f6kalujen painosta. Ne mahdollistavat 3\u201315 kg painavien k\u00e4sity\u00f6kalujen k\u00e4yt\u00f6n tarjoten jopa 7,5 kg tuen. Sopivat erilaisiin ty\u00f6kaluihin ja ty\u00f6teht\u00e4viin, siirt\u00e4en kuormituksen hartioilta lantiolle. Valjaat eiv\u00e4t rajoita liikkumista, mahdollistaen mukavan, varman ja turvallisen ty\u00f6skentelyn my\u00f6s pidemm\u00e4n aikaa. Valmistettu ruostumattomasta alumiinista ja... View Article\" \/>\n<meta property=\"og:url\" content=\"https:\/\/shop.ucrent.ee\/fi\/toode\/henchman-nostohihnat\" \/>\n<meta property=\"og:site_name\" content=\"UC Rent e-pood\" \/>\n<meta property=\"article:modified_time\" content=\"2026-04-09T13:02:36+00:00\" \/>\n<meta property=\"og:image\" content=\"https:\/\/shop.ucrent.ee\/wp-content\/uploads\/2026\/04\/Tosterakmed-UC-Sales6.jpg\" \/>\n\t<meta property=\"og:image:width\" content=\"1116\" \/>\n\t<meta property=\"og:image:height\" content=\"1109\" \/>\n\t<meta property=\"og:image:type\" content=\"image\/jpeg\" \/>\n<meta name=\"twitter:card\" content=\"summary_large_image\" \/>\n<meta name=\"twitter:label1\" content=\"Arvioitu lukuaika\" \/>\n\t<meta name=\"twitter:data1\" content=\"1 minuutti\" \/>\n<script type=\"application\/ld+json\" class=\"yoast-schema-graph\">{\"@context\":\"https:\/\/schema.org\",\"@graph\":[{\"@type\":\"WebPage\",\"@id\":\"https:\/\/shop.ucrent.ee\/fi\/toode\/henchman-nostohihnat\",\"url\":\"https:\/\/shop.ucrent.ee\/fi\/toode\/henchman-nostohihnat\",\"name\":\"Henchman nostohihnat - UC Rent e-pood\",\"isPartOf\":{\"@id\":\"https:\/\/shop.ucrent.ee\/#website\"},\"primaryImageOfPage\":{\"@id\":\"https:\/\/shop.ucrent.ee\/fi\/toode\/henchman-nostohihnat#primaryimage\"},\"image\":{\"@id\":\"https:\/\/shop.ucrent.ee\/fi\/toode\/henchman-nostohihnat#primaryimage\"},\"thumbnailUrl\":\"https:\/\/shop.ucrent.ee\/wp-content\/uploads\/2026\/04\/Tosterakmed-UC-Sales6.jpg\",\"datePublished\":\"2026-04-08T07:18:49+00:00\",\"dateModified\":\"2026-04-09T13:02:36+00:00\",\"breadcrumb\":{\"@id\":\"https:\/\/shop.ucrent.ee\/fi\/toode\/henchman-nostohihnat#breadcrumb\"},\"inLanguage\":\"fi\",\"potentialAction\":[{\"@type\":\"ReadAction\",\"target\":[\"https:\/\/shop.ucrent.ee\/fi\/toode\/henchman-nostohihnat\"]}]},{\"@type\":\"ImageObject\",\"inLanguage\":\"fi\",\"@id\":\"https:\/\/shop.ucrent.ee\/fi\/toode\/henchman-nostohihnat#primaryimage\",\"url\":\"https:\/\/shop.ucrent.ee\/wp-content\/uploads\/2026\/04\/Tosterakmed-UC-Sales6.jpg\",\"contentUrl\":\"https:\/\/shop.ucrent.ee\/wp-content\/uploads\/2026\/04\/Tosterakmed-UC-Sales6.jpg\",\"width\":1116,\"height\":1109},{\"@type\":\"BreadcrumbList\",\"@id\":\"https:\/\/shop.ucrent.ee\/fi\/toode\/henchman-nostohihnat#breadcrumb\",\"itemListElement\":[{\"@type\":\"ListItem\",\"position\":1,\"name\":\"Home\",\"item\":\"https:\/\/shop.ucrent.ee\/fi\"},{\"@type\":\"ListItem\",\"position\":2,\"name\":\"K\u00f5ik tooted\",\"item\":\"https:\/\/shop.ucrent.ee\/tooted\"},{\"@type\":\"ListItem\",\"position\":3,\"name\":\"Henchman nostohihnat\"}]},{\"@type\":\"WebSite\",\"@id\":\"https:\/\/shop.ucrent.ee\/#website\",\"url\":\"https:\/\/shop.ucrent.ee\/\",\"name\":\"UC Rent e-pood\",\"description\":\"\",\"potentialAction\":[{\"@type\":\"SearchAction\",\"target\":{\"@type\":\"EntryPoint\",\"urlTemplate\":\"https:\/\/shop.ucrent.ee\/?s={search_term_string}\"},\"query-input\":{\"@type\":\"PropertyValueSpecification\",\"valueRequired\":true,\"valueName\":\"search_term_string\"}}],\"inLanguage\":\"fi\"}]}<\/script>\n<!-- \/ Yoast SEO plugin. -->","yoast_head_json":{"title":"Henchman nostohihnat - UC Rent e-pood","robots":{"index":"index","follow":"follow","max-snippet":"max-snippet:-1","max-image-preview":"max-image-preview:large","max-video-preview":"max-video-preview:-1"},"canonical":"https:\/\/shop.ucrent.ee\/fi\/toode\/henchman-nostohihnat","og_locale":"fi_FI","og_type":"article","og_title":"Henchman nostohihnat - UC Rent e-pood","og_description":"Valjaat on tarkoitettu pensasleikkureille, trimmereille ja muille puutarhaty\u00f6kaluille. Henchman-nostovaljaat ottavat kantaakseen jopa 100 % raskaiden puutarhaty\u00f6kalujen painosta. Ne mahdollistavat 3\u201315 kg painavien k\u00e4sity\u00f6kalujen k\u00e4yt\u00f6n tarjoten jopa 7,5 kg tuen. Sopivat erilaisiin ty\u00f6kaluihin ja ty\u00f6teht\u00e4viin, siirt\u00e4en kuormituksen hartioilta lantiolle. Valjaat eiv\u00e4t rajoita liikkumista, mahdollistaen mukavan, varman ja turvallisen ty\u00f6skentelyn my\u00f6s pidemm\u00e4n aikaa. Valmistettu ruostumattomasta alumiinista ja... View Article","og_url":"https:\/\/shop.ucrent.ee\/fi\/toode\/henchman-nostohihnat","og_site_name":"UC Rent e-pood","article_modified_time":"2026-04-09T13:02:36+00:00","og_image":[{"width":1116,"height":1109,"url":"https:\/\/shop.ucrent.ee\/wp-content\/uploads\/2026\/04\/Tosterakmed-UC-Sales6.jpg","type":"image\/jpeg"}],"twitter_card":"summary_large_image","twitter_misc":{"Arvioitu lukuaika":"1 minuutti"},"schema":{"@context":"https:\/\/schema.org","@graph":[{"@type":"WebPage","@id":"https:\/\/shop.ucrent.ee\/fi\/toode\/henchman-nostohihnat","url":"https:\/\/shop.ucrent.ee\/fi\/toode\/henchman-nostohihnat","name":"Henchman nostohihnat - UC Rent e-pood","isPartOf":{"@id":"https:\/\/shop.ucrent.ee\/#website"},"primaryImageOfPage":{"@id":"https:\/\/shop.ucrent.ee\/fi\/toode\/henchman-nostohihnat#primaryimage"},"image":{"@id":"https:\/\/shop.ucrent.ee\/fi\/toode\/henchman-nostohihnat#primaryimage"},"thumbnailUrl":"https:\/\/shop.ucrent.ee\/wp-content\/uploads\/2026\/04\/Tosterakmed-UC-Sales6.jpg","datePublished":"2026-04-08T07:18:49+00:00","dateModified":"2026-04-09T13:02:36+00:00","breadcrumb":{"@id":"https:\/\/shop.ucrent.ee\/fi\/toode\/henchman-nostohihnat#breadcrumb"},"inLanguage":"fi","potentialAction":[{"@type":"ReadAction","target":["https:\/\/shop.ucrent.ee\/fi\/toode\/henchman-nostohihnat"]}]},{"@type":"ImageObject","inLanguage":"fi","@id":"https:\/\/shop.ucrent.ee\/fi\/toode\/henchman-nostohihnat#primaryimage","url":"https:\/\/shop.ucrent.ee\/wp-content\/uploads\/2026\/04\/Tosterakmed-UC-Sales6.jpg","contentUrl":"https:\/\/shop.ucrent.ee\/wp-content\/uploads\/2026\/04\/Tosterakmed-UC-Sales6.jpg","width":1116,"height":1109},{"@type":"BreadcrumbList","@id":"https:\/\/shop.ucrent.ee\/fi\/toode\/henchman-nostohihnat#breadcrumb","itemListElement":[{"@type":"ListItem","position":1,"name":"Home","item":"https:\/\/shop.ucrent.ee\/fi"},{"@type":"ListItem","position":2,"name":"K\u00f5ik tooted","item":"https:\/\/shop.ucrent.ee\/tooted"},{"@type":"ListItem","position":3,"name":"Henchman nostohihnat"}]},{"@type":"WebSite","@id":"https:\/\/shop.ucrent.ee\/#website","url":"https:\/\/shop.ucrent.ee\/","name":"UC Rent e-pood","description":"","potentialAction":[{"@type":"SearchAction","target":{"@type":"EntryPoint","urlTemplate":"https:\/\/shop.ucrent.ee\/?s={search_term_string}"},"query-input":{"@type":"PropertyValueSpecification","valueRequired":true,"valueName":"search_term_string"}}],"inLanguage":"fi"}]}},"_links":{"self":[{"href":"https:\/\/shop.ucrent.ee\/fi\/wp-json\/wp\/v2\/product\/626689","targetHints":{"allow":["GET"]}}],"collection":[{"href":"https:\/\/shop.ucrent.ee\/fi\/wp-json\/wp\/v2\/product"}],"about":[{"href":"https:\/\/shop.ucrent.ee\/fi\/wp-json\/wp\/v2\/types\/product"}],"wp:featuredmedia":[{"embeddable":true,"href":"https:\/\/shop.ucrent.ee\/fi\/wp-json\/wp\/v2\/media\/626683"}],"wp:attachment":[{"href":"https:\/\/shop.ucrent.ee\/fi\/wp-json\/wp\/v2\/media?parent=626689"}],"wp:term":[{"taxonomy":"product_brand","embeddable":true,"href":"https:\/\/shop.ucrent.ee\/fi\/wp-json\/wp\/v2\/product_brand?post=626689"},{"taxonomy":"product_cat","embeddable":true,"href":"https:\/\/shop.ucrent.ee\/fi\/wp-json\/wp\/v2\/product_cat?post=626689"},{"taxonomy":"product_tag","embeddable":true,"href":"https:\/\/shop.ucrent.ee\/fi\/wp-json\/wp\/v2\/product_tag?post=626689"}],"curies":[{"name":"wp","href":"https:\/\/api.w.org\/{rel}","templated":true}]}}