{"id":626743,"date":"2026-04-21T10:22:12","date_gmt":"2026-04-21T07:22:12","guid":{"rendered":"https:\/\/shop.ucrent.ee\/toode\/containex-xl-moduulikontti-3x6-m-panoraamaikkunoilla-ja-ilmalampopumpulla"},"modified":"2026-04-21T17:21:35","modified_gmt":"2026-04-21T14:21:35","slug":"containex-xl-moduulikontti-3x6-m-panoraamaikkunoilla-ja-ilmalampopumpulla","status":"publish","type":"product","link":"https:\/\/shop.ucrent.ee\/fi\/toode\/containex-xl-moduulikontti-3x6-m-panoraamaikkunoilla-ja-ilmalampopumpulla","title":{"rendered":"Containex XL -moduulikontti 3\u00d76 m panoraamaikkunoilla ja ilmal\u00e4mp\u00f6pumpulla."},"content":{"rendered":"<p>Uusi Containex XL -moduulikontti 3\u00d76 m panoraamaikkunoilla ja ilmal\u00e4mp\u00f6pumpulla.<br \/>\nTekniset tiedot:<br \/>\nUlkomitat: 2,99 \u00d7 6,06 m \u00d7 h 2,8 m<br \/>\nSis\u00e4mitat: 2,80 \u00d7 5,86 m \u00d7 h 2,50 m<br \/>\nPaino: ~2650 kg<br \/>\nLattian kantavuus: 200 kg\/m\u00b2, voidaan lis\u00e4t\u00e4 jopa 800 kg\/m\u00b2<br \/>\nUlkov\u00e4ri: tummanharmaa RAL 7016, sis\u00e4v\u00e4ri: valkoinen<br \/>\nEristys: sein\u00e4t PU 60 mm, lattia mineraalivilla 100 mm, katto mineraalivilla 140 mm<br \/>\nVarustelu: 1 avattava standardi-ikkuna ulkoisella suojarullaverholla, 2 panoraamaikkunaa, eristetty metallinen ovi 1\/2 lasilla 875\u00d72125 mm, lukko ja kahva,<br \/>\n2 valaisinta, 5 pistorasiaa, termostaattiohjattu patteri 2 kW, s\u00e4hk\u00f6keskus, ulkoinen liit\u00e4nt\u00e4 32 A.<br \/>\nLis\u00e4l\u00e4mmitys ja j\u00e4\u00e4hdytys ilmal\u00e4mp\u00f6pumpulla.<br \/>\nOvien ja ikkunoiden sijainti on valittavissa; voidaan tilata ilman ilmal\u00e4mp\u00f6pumppua sek\u00e4 lis\u00e4t\u00e4 ikkunoita, ovia jne.<br \/>\nTarjoamamme kontit ovat CE-merkittyj\u00e4, mik\u00e4 takaa EU-vaatimusten mukaiset s\u00e4hk\u00f6j\u00e4rjestelm\u00e4t ja rakennuslaadun.<br \/>\nKontit t\u00e4ytt\u00e4v\u00e4t ISO-standardin vaatimukset.<\/p>\n","protected":false},"excerpt":{"rendered":"Uusi Containex XL -moduulikontti 3\u00d76 m panoraamaikkunoilla ja ilmal\u00e4mp\u00f6pumpulla. Tekniset tiedot: Ulkomitat: 2,99 \u00d7 6,06 m \u00d7 h 2,8 m Sis\u00e4mitat: 2,80 \u00d7 5,86 m \u00d7 h 2,50 m Paino: ~2650 kg Lattian kantavuus: 200 kg\/m\u00b2, voidaan lis\u00e4t\u00e4 jopa 800 kg\/m\u00b2 Ulkov\u00e4ri: tummanharmaa RAL 7016, sis\u00e4v\u00e4ri: valkoinen Eristys: sein\u00e4t PU 60 mm, lattia mineraalivilla 100&#8230; <a class=\"view-article\" href=\"https:\/\/shop.ucrent.ee\/fi\/toode\/containex-xl-moduulikontti-3x6-m-panoraamaikkunoilla-ja-ilmalampopumpulla\">View Article<\/a>","protected":false},"featured_media":626732,"template":"","meta":{"_acf_changed":false},"product_brand":[],"product_cat":[882],"product_tag":[],"class_list":{"0":"post-626743","1":"product","2":"type-product","3":"status-publish","4":"has-post-thumbnail","6":"product_cat-konttit-3x6m","8":"first","9":"instock","10":"taxable","11":"shipping-taxable","12":"purchasable","13":"product-type-simple"},"acf":[],"yoast_head":"<!-- This site is optimized with the Yoast SEO plugin v27.0 - https:\/\/yoast.com\/product\/yoast-seo-wordpress\/ -->\n<title>Containex XL -moduulikontti 3\u00d76 m panoraamaikkunoilla ja ilmal\u00e4mp\u00f6pumpulla. - UC Rent e-pood<\/title>\n<meta name=\"robots\" content=\"index, follow, max-snippet:-1, max-image-preview:large, max-video-preview:-1\" \/>\n<link rel=\"canonical\" href=\"https:\/\/shop.ucrent.ee\/fi\/toode\/containex-xl-moduulikontti-3x6-m-panoraamaikkunoilla-ja-ilmalampopumpulla\" \/>\n<meta property=\"og:locale\" content=\"fi_FI\" \/>\n<meta property=\"og:type\" content=\"article\" \/>\n<meta property=\"og:title\" content=\"Containex XL -moduulikontti 3\u00d76 m panoraamaikkunoilla ja ilmal\u00e4mp\u00f6pumpulla. - UC Rent e-pood\" \/>\n<meta property=\"og:description\" content=\"Uusi Containex XL -moduulikontti 3\u00d76 m panoraamaikkunoilla ja ilmal\u00e4mp\u00f6pumpulla. Tekniset tiedot: Ulkomitat: 2,99 \u00d7 6,06 m \u00d7 h 2,8 m Sis\u00e4mitat: 2,80 \u00d7 5,86 m \u00d7 h 2,50 m Paino: ~2650 kg Lattian kantavuus: 200 kg\/m\u00b2, voidaan lis\u00e4t\u00e4 jopa 800 kg\/m\u00b2 Ulkov\u00e4ri: tummanharmaa RAL 7016, sis\u00e4v\u00e4ri: valkoinen Eristys: sein\u00e4t PU 60 mm, lattia mineraalivilla 100... View Article\" \/>\n<meta property=\"og:url\" content=\"https:\/\/shop.ucrent.ee\/fi\/toode\/containex-xl-moduulikontti-3x6-m-panoraamaikkunoilla-ja-ilmalampopumpulla\" \/>\n<meta property=\"og:site_name\" content=\"UC Rent e-pood\" \/>\n<meta property=\"article:modified_time\" content=\"2026-04-21T14:21:35+00:00\" \/>\n<meta property=\"og:image\" content=\"https:\/\/shop.ucrent.ee\/wp-content\/uploads\/2026\/04\/Containex-XL-soojak-3x6m-UC-Sales-scaled.jpg\" \/>\n\t<meta property=\"og:image:width\" content=\"2560\" \/>\n\t<meta property=\"og:image:height\" content=\"2560\" \/>\n\t<meta property=\"og:image:type\" content=\"image\/jpeg\" \/>\n<meta name=\"twitter:card\" content=\"summary_large_image\" \/>\n<meta name=\"twitter:label1\" content=\"Arvioitu lukuaika\" \/>\n\t<meta name=\"twitter:data1\" content=\"1 minuutti\" \/>\n<script type=\"application\/ld+json\" class=\"yoast-schema-graph\">{\"@context\":\"https:\/\/schema.org\",\"@graph\":[{\"@type\":\"WebPage\",\"@id\":\"https:\/\/shop.ucrent.ee\/fi\/toode\/containex-xl-moduulikontti-3x6-m-panoraamaikkunoilla-ja-ilmalampopumpulla\",\"url\":\"https:\/\/shop.ucrent.ee\/fi\/toode\/containex-xl-moduulikontti-3x6-m-panoraamaikkunoilla-ja-ilmalampopumpulla\",\"name\":\"Containex XL -moduulikontti 3\u00d76 m panoraamaikkunoilla ja ilmal\u00e4mp\u00f6pumpulla. - UC Rent e-pood\",\"isPartOf\":{\"@id\":\"https:\/\/shop.ucrent.ee\/#website\"},\"primaryImageOfPage\":{\"@id\":\"https:\/\/shop.ucrent.ee\/fi\/toode\/containex-xl-moduulikontti-3x6-m-panoraamaikkunoilla-ja-ilmalampopumpulla#primaryimage\"},\"image\":{\"@id\":\"https:\/\/shop.ucrent.ee\/fi\/toode\/containex-xl-moduulikontti-3x6-m-panoraamaikkunoilla-ja-ilmalampopumpulla#primaryimage\"},\"thumbnailUrl\":\"https:\/\/shop.ucrent.ee\/wp-content\/uploads\/2026\/04\/Containex-XL-soojak-3x6m-UC-Sales-scaled.jpg\",\"datePublished\":\"2026-04-21T07:22:12+00:00\",\"dateModified\":\"2026-04-21T14:21:35+00:00\",\"breadcrumb\":{\"@id\":\"https:\/\/shop.ucrent.ee\/fi\/toode\/containex-xl-moduulikontti-3x6-m-panoraamaikkunoilla-ja-ilmalampopumpulla#breadcrumb\"},\"inLanguage\":\"fi\",\"potentialAction\":[{\"@type\":\"ReadAction\",\"target\":[\"https:\/\/shop.ucrent.ee\/fi\/toode\/containex-xl-moduulikontti-3x6-m-panoraamaikkunoilla-ja-ilmalampopumpulla\"]}]},{\"@type\":\"ImageObject\",\"inLanguage\":\"fi\",\"@id\":\"https:\/\/shop.ucrent.ee\/fi\/toode\/containex-xl-moduulikontti-3x6-m-panoraamaikkunoilla-ja-ilmalampopumpulla#primaryimage\",\"url\":\"https:\/\/shop.ucrent.ee\/wp-content\/uploads\/2026\/04\/Containex-XL-soojak-3x6m-UC-Sales-scaled.jpg\",\"contentUrl\":\"https:\/\/shop.ucrent.ee\/wp-content\/uploads\/2026\/04\/Containex-XL-soojak-3x6m-UC-Sales-scaled.jpg\",\"width\":2560,\"height\":2560},{\"@type\":\"BreadcrumbList\",\"@id\":\"https:\/\/shop.ucrent.ee\/fi\/toode\/containex-xl-moduulikontti-3x6-m-panoraamaikkunoilla-ja-ilmalampopumpulla#breadcrumb\",\"itemListElement\":[{\"@type\":\"ListItem\",\"position\":1,\"name\":\"Home\",\"item\":\"https:\/\/shop.ucrent.ee\/fi\"},{\"@type\":\"ListItem\",\"position\":2,\"name\":\"K\u00f5ik tooted\",\"item\":\"https:\/\/shop.ucrent.ee\/tooted\"},{\"@type\":\"ListItem\",\"position\":3,\"name\":\"Containex XL -moduulikontti 3\u00d76 m panoraamaikkunoilla ja ilmal\u00e4mp\u00f6pumpulla.\"}]},{\"@type\":\"WebSite\",\"@id\":\"https:\/\/shop.ucrent.ee\/#website\",\"url\":\"https:\/\/shop.ucrent.ee\/\",\"name\":\"UC Rent e-pood\",\"description\":\"\",\"potentialAction\":[{\"@type\":\"SearchAction\",\"target\":{\"@type\":\"EntryPoint\",\"urlTemplate\":\"https:\/\/shop.ucrent.ee\/?s={search_term_string}\"},\"query-input\":{\"@type\":\"PropertyValueSpecification\",\"valueRequired\":true,\"valueName\":\"search_term_string\"}}],\"inLanguage\":\"fi\"}]}<\/script>\n<!-- \/ Yoast SEO plugin. -->","yoast_head_json":{"title":"Containex XL -moduulikontti 3\u00d76 m panoraamaikkunoilla ja ilmal\u00e4mp\u00f6pumpulla. - UC Rent e-pood","robots":{"index":"index","follow":"follow","max-snippet":"max-snippet:-1","max-image-preview":"max-image-preview:large","max-video-preview":"max-video-preview:-1"},"canonical":"https:\/\/shop.ucrent.ee\/fi\/toode\/containex-xl-moduulikontti-3x6-m-panoraamaikkunoilla-ja-ilmalampopumpulla","og_locale":"fi_FI","og_type":"article","og_title":"Containex XL -moduulikontti 3\u00d76 m panoraamaikkunoilla ja ilmal\u00e4mp\u00f6pumpulla. - UC Rent e-pood","og_description":"Uusi Containex XL -moduulikontti 3\u00d76 m panoraamaikkunoilla ja ilmal\u00e4mp\u00f6pumpulla. Tekniset tiedot: Ulkomitat: 2,99 \u00d7 6,06 m \u00d7 h 2,8 m Sis\u00e4mitat: 2,80 \u00d7 5,86 m \u00d7 h 2,50 m Paino: ~2650 kg Lattian kantavuus: 200 kg\/m\u00b2, voidaan lis\u00e4t\u00e4 jopa 800 kg\/m\u00b2 Ulkov\u00e4ri: tummanharmaa RAL 7016, sis\u00e4v\u00e4ri: valkoinen Eristys: sein\u00e4t PU 60 mm, lattia mineraalivilla 100... View Article","og_url":"https:\/\/shop.ucrent.ee\/fi\/toode\/containex-xl-moduulikontti-3x6-m-panoraamaikkunoilla-ja-ilmalampopumpulla","og_site_name":"UC Rent e-pood","article_modified_time":"2026-04-21T14:21:35+00:00","og_image":[{"width":2560,"height":2560,"url":"https:\/\/shop.ucrent.ee\/wp-content\/uploads\/2026\/04\/Containex-XL-soojak-3x6m-UC-Sales-scaled.jpg","type":"image\/jpeg"}],"twitter_card":"summary_large_image","twitter_misc":{"Arvioitu lukuaika":"1 minuutti"},"schema":{"@context":"https:\/\/schema.org","@graph":[{"@type":"WebPage","@id":"https:\/\/shop.ucrent.ee\/fi\/toode\/containex-xl-moduulikontti-3x6-m-panoraamaikkunoilla-ja-ilmalampopumpulla","url":"https:\/\/shop.ucrent.ee\/fi\/toode\/containex-xl-moduulikontti-3x6-m-panoraamaikkunoilla-ja-ilmalampopumpulla","name":"Containex XL -moduulikontti 3\u00d76 m panoraamaikkunoilla ja ilmal\u00e4mp\u00f6pumpulla. - UC Rent e-pood","isPartOf":{"@id":"https:\/\/shop.ucrent.ee\/#website"},"primaryImageOfPage":{"@id":"https:\/\/shop.ucrent.ee\/fi\/toode\/containex-xl-moduulikontti-3x6-m-panoraamaikkunoilla-ja-ilmalampopumpulla#primaryimage"},"image":{"@id":"https:\/\/shop.ucrent.ee\/fi\/toode\/containex-xl-moduulikontti-3x6-m-panoraamaikkunoilla-ja-ilmalampopumpulla#primaryimage"},"thumbnailUrl":"https:\/\/shop.ucrent.ee\/wp-content\/uploads\/2026\/04\/Containex-XL-soojak-3x6m-UC-Sales-scaled.jpg","datePublished":"2026-04-21T07:22:12+00:00","dateModified":"2026-04-21T14:21:35+00:00","breadcrumb":{"@id":"https:\/\/shop.ucrent.ee\/fi\/toode\/containex-xl-moduulikontti-3x6-m-panoraamaikkunoilla-ja-ilmalampopumpulla#breadcrumb"},"inLanguage":"fi","potentialAction":[{"@type":"ReadAction","target":["https:\/\/shop.ucrent.ee\/fi\/toode\/containex-xl-moduulikontti-3x6-m-panoraamaikkunoilla-ja-ilmalampopumpulla"]}]},{"@type":"ImageObject","inLanguage":"fi","@id":"https:\/\/shop.ucrent.ee\/fi\/toode\/containex-xl-moduulikontti-3x6-m-panoraamaikkunoilla-ja-ilmalampopumpulla#primaryimage","url":"https:\/\/shop.ucrent.ee\/wp-content\/uploads\/2026\/04\/Containex-XL-soojak-3x6m-UC-Sales-scaled.jpg","contentUrl":"https:\/\/shop.ucrent.ee\/wp-content\/uploads\/2026\/04\/Containex-XL-soojak-3x6m-UC-Sales-scaled.jpg","width":2560,"height":2560},{"@type":"BreadcrumbList","@id":"https:\/\/shop.ucrent.ee\/fi\/toode\/containex-xl-moduulikontti-3x6-m-panoraamaikkunoilla-ja-ilmalampopumpulla#breadcrumb","itemListElement":[{"@type":"ListItem","position":1,"name":"Home","item":"https:\/\/shop.ucrent.ee\/fi"},{"@type":"ListItem","position":2,"name":"K\u00f5ik tooted","item":"https:\/\/shop.ucrent.ee\/tooted"},{"@type":"ListItem","position":3,"name":"Containex XL -moduulikontti 3\u00d76 m panoraamaikkunoilla ja ilmal\u00e4mp\u00f6pumpulla."}]},{"@type":"WebSite","@id":"https:\/\/shop.ucrent.ee\/#website","url":"https:\/\/shop.ucrent.ee\/","name":"UC Rent e-pood","description":"","potentialAction":[{"@type":"SearchAction","target":{"@type":"EntryPoint","urlTemplate":"https:\/\/shop.ucrent.ee\/?s={search_term_string}"},"query-input":{"@type":"PropertyValueSpecification","valueRequired":true,"valueName":"search_term_string"}}],"inLanguage":"fi"}]}},"_links":{"self":[{"href":"https:\/\/shop.ucrent.ee\/fi\/wp-json\/wp\/v2\/product\/626743","targetHints":{"allow":["GET"]}}],"collection":[{"href":"https:\/\/shop.ucrent.ee\/fi\/wp-json\/wp\/v2\/product"}],"about":[{"href":"https:\/\/shop.ucrent.ee\/fi\/wp-json\/wp\/v2\/types\/product"}],"wp:featuredmedia":[{"embeddable":true,"href":"https:\/\/shop.ucrent.ee\/fi\/wp-json\/wp\/v2\/media\/626732"}],"wp:attachment":[{"href":"https:\/\/shop.ucrent.ee\/fi\/wp-json\/wp\/v2\/media?parent=626743"}],"wp:term":[{"taxonomy":"product_brand","embeddable":true,"href":"https:\/\/shop.ucrent.ee\/fi\/wp-json\/wp\/v2\/product_brand?post=626743"},{"taxonomy":"product_cat","embeddable":true,"href":"https:\/\/shop.ucrent.ee\/fi\/wp-json\/wp\/v2\/product_cat?post=626743"},{"taxonomy":"product_tag","embeddable":true,"href":"https:\/\/shop.ucrent.ee\/fi\/wp-json\/wp\/v2\/product_tag?post=626743"}],"curies":[{"name":"wp","href":"https:\/\/api.w.org\/{rel}","templated":true}]}}