{"id":626894,"date":"2026-05-06T10:32:53","date_gmt":"2026-05-06T07:32:53","guid":{"rendered":"https:\/\/shop.ucrent.ee\/toode\/autokatos-35x75-m-harmaa"},"modified":"2026-05-06T14:02:34","modified_gmt":"2026-05-06T11:02:34","slug":"autokatos-35x75-m-harmaa","status":"publish","type":"product","link":"https:\/\/shop.ucrent.ee\/fi\/toode\/autokatos-35x75-m-harmaa","title":{"rendered":"Autokatos 3,5&#215;7,5 m, harmaa"},"content":{"rendered":"<p>Koko: 3,5 \u00d7 7,5 m<br \/>\nPituus: 710 cm<br \/>\nLeveys: 350 cm<br \/>\nKorkeus: 350 cm<br \/>\nOven leveys: 280\u2013290 cm<br \/>\nOven korkeus: 240 cm \u00b1 5 cm<br \/>\nMateriaali: vedenpit\u00e4v\u00e4 kolmikerroksinen PE 210 g\/m\u00b2<br \/>\nV\u00e4ri: harmaa<br \/>\nTer\u00e4sputket \u00d8 45\u00d732\u00d71,2 mm ja 25\u00d71,2 mm<br \/>\nPakkaus:<br \/>\n1 \u00d7 159 \u00d7 61 \u00d7 19 cm, 44 kg<br \/>\n1 \u00d7 122 \u00d7 35 \u00d7 16 cm, 36 kg<br \/>\n1 \u00d7 180 \u00d7 33 \u00d7 16 cm, 51 kg<br \/>\n1 \u00d7 68 \u00d7 58 \u00d7 30 cm, 52 kg<\/p>\n","protected":false},"excerpt":{"rendered":"Koko: 3,5 \u00d7 7,5 m Pituus: 710 cm Leveys: 350 cm Korkeus: 350 cm Oven leveys: 280\u2013290 cm Oven korkeus: 240 cm \u00b1 5 cm Materiaali: vedenpit\u00e4v\u00e4 kolmikerroksinen PE 210 g\/m\u00b2 V\u00e4ri: harmaa Ter\u00e4sputket \u00d8 45\u00d732\u00d71,2 mm ja 25\u00d71,2 mm Pakkaus: 1 \u00d7 159 \u00d7 61 \u00d7 19 cm, 44 kg 1 \u00d7 122 \u00d7&#8230; <a class=\"view-article\" href=\"https:\/\/shop.ucrent.ee\/fi\/toode\/autokatos-35x75-m-harmaa\">View Article<\/a>","protected":false},"featured_media":0,"template":"","meta":{"_acf_changed":false},"product_brand":[],"product_cat":[749],"product_tag":[],"class_list":{"0":"post-626894","1":"product","2":"type-product","3":"status-publish","5":"product_cat-autovarjualused_fi","7":"first","8":"instock","9":"taxable","10":"shipping-taxable","11":"purchasable","12":"product-type-simple"},"acf":[],"yoast_head":"<!-- This site is optimized with the Yoast SEO plugin v27.0 - https:\/\/yoast.com\/product\/yoast-seo-wordpress\/ -->\n<title>Autokatos 3,5x7,5 m, harmaa - UC Rent e-pood<\/title>\n<meta name=\"robots\" content=\"index, follow, max-snippet:-1, max-image-preview:large, max-video-preview:-1\" \/>\n<link rel=\"canonical\" href=\"https:\/\/shop.ucrent.ee\/fi\/toode\/autokatos-35x75-m-harmaa\" \/>\n<meta property=\"og:locale\" content=\"fi_FI\" \/>\n<meta property=\"og:type\" content=\"article\" \/>\n<meta property=\"og:title\" content=\"Autokatos 3,5x7,5 m, harmaa - UC Rent e-pood\" \/>\n<meta property=\"og:description\" content=\"Koko: 3,5 \u00d7 7,5 m Pituus: 710 cm Leveys: 350 cm Korkeus: 350 cm Oven leveys: 280\u2013290 cm Oven korkeus: 240 cm \u00b1 5 cm Materiaali: vedenpit\u00e4v\u00e4 kolmikerroksinen PE 210 g\/m\u00b2 V\u00e4ri: harmaa Ter\u00e4sputket \u00d8 45\u00d732\u00d71,2 mm ja 25\u00d71,2 mm Pakkaus: 1 \u00d7 159 \u00d7 61 \u00d7 19 cm, 44 kg 1 \u00d7 122 \u00d7... View Article\" \/>\n<meta property=\"og:url\" content=\"https:\/\/shop.ucrent.ee\/fi\/toode\/autokatos-35x75-m-harmaa\" \/>\n<meta property=\"og:site_name\" content=\"UC Rent e-pood\" \/>\n<meta property=\"article:modified_time\" content=\"2026-05-06T11:02:34+00:00\" \/>\n<meta property=\"og:image\" content=\"https:\/\/shop.ucrent.ee\/wp-content\/uploads\/2020\/01\/Fb-share_uc.png\" \/>\n\t<meta property=\"og:image:width\" content=\"1800\" \/>\n\t<meta property=\"og:image:height\" content=\"945\" \/>\n\t<meta property=\"og:image:type\" content=\"image\/png\" \/>\n<meta name=\"twitter:card\" content=\"summary_large_image\" \/>\n<script type=\"application\/ld+json\" class=\"yoast-schema-graph\">{\"@context\":\"https:\/\/schema.org\",\"@graph\":[{\"@type\":\"WebPage\",\"@id\":\"https:\/\/shop.ucrent.ee\/fi\/toode\/autokatos-35x75-m-harmaa\",\"url\":\"https:\/\/shop.ucrent.ee\/fi\/toode\/autokatos-35x75-m-harmaa\",\"name\":\"Autokatos 3,5x7,5 m, harmaa - UC Rent e-pood\",\"isPartOf\":{\"@id\":\"https:\/\/shop.ucrent.ee\/#website\"},\"datePublished\":\"2026-05-06T07:32:53+00:00\",\"dateModified\":\"2026-05-06T11:02:34+00:00\",\"breadcrumb\":{\"@id\":\"https:\/\/shop.ucrent.ee\/fi\/toode\/autokatos-35x75-m-harmaa#breadcrumb\"},\"inLanguage\":\"fi\",\"potentialAction\":[{\"@type\":\"ReadAction\",\"target\":[\"https:\/\/shop.ucrent.ee\/fi\/toode\/autokatos-35x75-m-harmaa\"]}]},{\"@type\":\"BreadcrumbList\",\"@id\":\"https:\/\/shop.ucrent.ee\/fi\/toode\/autokatos-35x75-m-harmaa#breadcrumb\",\"itemListElement\":[{\"@type\":\"ListItem\",\"position\":1,\"name\":\"Home\",\"item\":\"https:\/\/shop.ucrent.ee\/fi\"},{\"@type\":\"ListItem\",\"position\":2,\"name\":\"K\u00f5ik tooted\",\"item\":\"https:\/\/shop.ucrent.ee\/tooted\"},{\"@type\":\"ListItem\",\"position\":3,\"name\":\"Autokatos 3,5&#215;7,5 m, harmaa\"}]},{\"@type\":\"WebSite\",\"@id\":\"https:\/\/shop.ucrent.ee\/#website\",\"url\":\"https:\/\/shop.ucrent.ee\/\",\"name\":\"UC Rent e-pood\",\"description\":\"\",\"potentialAction\":[{\"@type\":\"SearchAction\",\"target\":{\"@type\":\"EntryPoint\",\"urlTemplate\":\"https:\/\/shop.ucrent.ee\/?s={search_term_string}\"},\"query-input\":{\"@type\":\"PropertyValueSpecification\",\"valueRequired\":true,\"valueName\":\"search_term_string\"}}],\"inLanguage\":\"fi\"}]}<\/script>\n<!-- \/ Yoast SEO plugin. -->","yoast_head_json":{"title":"Autokatos 3,5x7,5 m, harmaa - UC Rent e-pood","robots":{"index":"index","follow":"follow","max-snippet":"max-snippet:-1","max-image-preview":"max-image-preview:large","max-video-preview":"max-video-preview:-1"},"canonical":"https:\/\/shop.ucrent.ee\/fi\/toode\/autokatos-35x75-m-harmaa","og_locale":"fi_FI","og_type":"article","og_title":"Autokatos 3,5x7,5 m, harmaa - UC Rent e-pood","og_description":"Koko: 3,5 \u00d7 7,5 m Pituus: 710 cm Leveys: 350 cm Korkeus: 350 cm Oven leveys: 280\u2013290 cm Oven korkeus: 240 cm \u00b1 5 cm Materiaali: vedenpit\u00e4v\u00e4 kolmikerroksinen PE 210 g\/m\u00b2 V\u00e4ri: harmaa Ter\u00e4sputket \u00d8 45\u00d732\u00d71,2 mm ja 25\u00d71,2 mm Pakkaus: 1 \u00d7 159 \u00d7 61 \u00d7 19 cm, 44 kg 1 \u00d7 122 \u00d7... View Article","og_url":"https:\/\/shop.ucrent.ee\/fi\/toode\/autokatos-35x75-m-harmaa","og_site_name":"UC Rent e-pood","article_modified_time":"2026-05-06T11:02:34+00:00","og_image":[{"width":1800,"height":945,"url":"https:\/\/shop.ucrent.ee\/wp-content\/uploads\/2020\/01\/Fb-share_uc.png","type":"image\/png"}],"twitter_card":"summary_large_image","schema":{"@context":"https:\/\/schema.org","@graph":[{"@type":"WebPage","@id":"https:\/\/shop.ucrent.ee\/fi\/toode\/autokatos-35x75-m-harmaa","url":"https:\/\/shop.ucrent.ee\/fi\/toode\/autokatos-35x75-m-harmaa","name":"Autokatos 3,5x7,5 m, harmaa - UC Rent e-pood","isPartOf":{"@id":"https:\/\/shop.ucrent.ee\/#website"},"datePublished":"2026-05-06T07:32:53+00:00","dateModified":"2026-05-06T11:02:34+00:00","breadcrumb":{"@id":"https:\/\/shop.ucrent.ee\/fi\/toode\/autokatos-35x75-m-harmaa#breadcrumb"},"inLanguage":"fi","potentialAction":[{"@type":"ReadAction","target":["https:\/\/shop.ucrent.ee\/fi\/toode\/autokatos-35x75-m-harmaa"]}]},{"@type":"BreadcrumbList","@id":"https:\/\/shop.ucrent.ee\/fi\/toode\/autokatos-35x75-m-harmaa#breadcrumb","itemListElement":[{"@type":"ListItem","position":1,"name":"Home","item":"https:\/\/shop.ucrent.ee\/fi"},{"@type":"ListItem","position":2,"name":"K\u00f5ik tooted","item":"https:\/\/shop.ucrent.ee\/tooted"},{"@type":"ListItem","position":3,"name":"Autokatos 3,5&#215;7,5 m, harmaa"}]},{"@type":"WebSite","@id":"https:\/\/shop.ucrent.ee\/#website","url":"https:\/\/shop.ucrent.ee\/","name":"UC Rent e-pood","description":"","potentialAction":[{"@type":"SearchAction","target":{"@type":"EntryPoint","urlTemplate":"https:\/\/shop.ucrent.ee\/?s={search_term_string}"},"query-input":{"@type":"PropertyValueSpecification","valueRequired":true,"valueName":"search_term_string"}}],"inLanguage":"fi"}]}},"_links":{"self":[{"href":"https:\/\/shop.ucrent.ee\/fi\/wp-json\/wp\/v2\/product\/626894","targetHints":{"allow":["GET"]}}],"collection":[{"href":"https:\/\/shop.ucrent.ee\/fi\/wp-json\/wp\/v2\/product"}],"about":[{"href":"https:\/\/shop.ucrent.ee\/fi\/wp-json\/wp\/v2\/types\/product"}],"wp:attachment":[{"href":"https:\/\/shop.ucrent.ee\/fi\/wp-json\/wp\/v2\/media?parent=626894"}],"wp:term":[{"taxonomy":"product_brand","embeddable":true,"href":"https:\/\/shop.ucrent.ee\/fi\/wp-json\/wp\/v2\/product_brand?post=626894"},{"taxonomy":"product_cat","embeddable":true,"href":"https:\/\/shop.ucrent.ee\/fi\/wp-json\/wp\/v2\/product_cat?post=626894"},{"taxonomy":"product_tag","embeddable":true,"href":"https:\/\/shop.ucrent.ee\/fi\/wp-json\/wp\/v2\/product_tag?post=626894"}],"curies":[{"name":"wp","href":"https:\/\/api.w.org\/{rel}","templated":true}]}}