{"id":62899,"date":"2021-09-03T13:46:52","date_gmt":"2021-09-03T10:46:52","guid":{"rendered":"https:\/\/shop.ucrent.ee\/toode\/joustamaton-poytaliina-nice-85cm-x-h-111cm-musta"},"modified":"2026-04-09T16:31:22","modified_gmt":"2026-04-09T13:31:22","slug":"joustamaton-poytaliina-nice-85cm-x-h-111cm-musta","status":"publish","type":"product","link":"https:\/\/shop.ucrent.ee\/fi\/toode\/joustamaton-poytaliina-nice-85cm-x-h-111cm-musta","title":{"rendered":"Joustamaton p\u00f6yt\u00e4liina Nice, 85cm x h-111cm, musta"},"content":{"rendered":"<p>P\u00f6yt\u00e4liina py\u00f6re\u00e4lle juhlap\u00f6yd\u00e4lle,<br \/>\nHalkaisija \u00d8 80-90 cm x h-110 cm.<br \/>\nMateriaali: 100% polyesteri, 140 g \/ m\u00b2<br \/>\nHelppok\u00e4ytt\u00f6inen, helppo silitt\u00e4\u00e4, t\u00e4ydellinen v\u00e4rin s\u00e4ilytt\u00e4minen<br \/>\n\u00d6ko-Tex-luokan 2 sertifikaatti<br \/>\nKonepesu 40 \u00b0 C, ei valkaisua.<br \/>\nSilitys alhaisissa l\u00e4mp\u00f6tiloissa jopa 110 \u00b0 C<br \/>\nRumpukuivaus alhaisessa l\u00e4mp\u00f6tilassa<br \/>\nV\u00e4ri: valkoinen, musta<br \/>\nKoodi: RNI.D85H111 BUR.BLA<\/p>\n","protected":false},"excerpt":{"rendered":"P\u00f6yt\u00e4liina py\u00f6re\u00e4lle juhlap\u00f6yd\u00e4lle, Halkaisija \u00d8 80-90 cm x h-110 cm. Materiaali: 100% polyesteri, 140 g \/ m\u00b2 Helppok\u00e4ytt\u00f6inen, helppo silitt\u00e4\u00e4, t\u00e4ydellinen v\u00e4rin s\u00e4ilytt\u00e4minen \u00d6ko-Tex-luokan 2 sertifikaatti Konepesu 40 \u00b0 C, ei valkaisua. Silitys alhaisissa l\u00e4mp\u00f6tiloissa jopa 110 \u00b0 C Rumpukuivaus alhaisessa l\u00e4mp\u00f6tilassa V\u00e4ri: valkoinen, musta Koodi: RNI.D85H111 BUR.BLA","protected":false},"featured_media":62884,"template":"","meta":{"_acf_changed":false},"product_brand":[],"product_cat":[832],"product_tag":[],"class_list":{"0":"post-62899","1":"product","2":"type-product","3":"status-publish","4":"has-post-thumbnail","6":"product_cat-poydan-ja-tuolin-paalliset","8":"first","9":"instock","10":"taxable","11":"shipping-taxable","12":"purchasable","13":"product-type-simple"},"acf":[],"yoast_head":"<!-- This site is optimized with the Yoast SEO plugin v27.0 - https:\/\/yoast.com\/product\/yoast-seo-wordpress\/ -->\n<title>Joustamaton p\u00f6yt\u00e4liina Nice, 85cm x h-111cm, musta - UC Rent e-pood<\/title>\n<meta name=\"robots\" content=\"index, follow, max-snippet:-1, max-image-preview:large, max-video-preview:-1\" \/>\n<link rel=\"canonical\" href=\"https:\/\/shop.ucrent.ee\/fi\/toode\/joustamaton-poytaliina-nice-85cm-x-h-111cm-musta\" \/>\n<meta property=\"og:locale\" content=\"fi_FI\" \/>\n<meta property=\"og:type\" content=\"article\" \/>\n<meta property=\"og:title\" content=\"Joustamaton p\u00f6yt\u00e4liina Nice, 85cm x h-111cm, musta - UC Rent e-pood\" \/>\n<meta property=\"og:description\" content=\"P\u00f6yt\u00e4liina py\u00f6re\u00e4lle juhlap\u00f6yd\u00e4lle, Halkaisija \u00d8 80-90 cm x h-110 cm. Materiaali: 100% polyesteri, 140 g \/ m\u00b2 Helppok\u00e4ytt\u00f6inen, helppo silitt\u00e4\u00e4, t\u00e4ydellinen v\u00e4rin s\u00e4ilytt\u00e4minen \u00d6ko-Tex-luokan 2 sertifikaatti Konepesu 40 \u00b0 C, ei valkaisua. Silitys alhaisissa l\u00e4mp\u00f6tiloissa jopa 110 \u00b0 C Rumpukuivaus alhaisessa l\u00e4mp\u00f6tilassa V\u00e4ri: valkoinen, musta Koodi: RNI.D85H111 BUR.BLA\" \/>\n<meta property=\"og:url\" content=\"https:\/\/shop.ucrent.ee\/fi\/toode\/joustamaton-poytaliina-nice-85cm-x-h-111cm-musta\" \/>\n<meta property=\"og:site_name\" content=\"UC Rent e-pood\" \/>\n<meta property=\"article:modified_time\" content=\"2026-04-09T13:31:22+00:00\" \/>\n<meta property=\"og:image\" content=\"https:\/\/shop.ucrent.ee\/wp-content\/uploads\/2021\/09\/Nice-must.jpg\" \/>\n\t<meta property=\"og:image:width\" content=\"750\" \/>\n\t<meta property=\"og:image:height\" content=\"750\" \/>\n\t<meta property=\"og:image:type\" content=\"image\/jpeg\" \/>\n<meta name=\"twitter:card\" content=\"summary_large_image\" \/>\n<script type=\"application\/ld+json\" class=\"yoast-schema-graph\">{\"@context\":\"https:\/\/schema.org\",\"@graph\":[{\"@type\":\"WebPage\",\"@id\":\"https:\/\/shop.ucrent.ee\/fi\/toode\/joustamaton-poytaliina-nice-85cm-x-h-111cm-musta\",\"url\":\"https:\/\/shop.ucrent.ee\/fi\/toode\/joustamaton-poytaliina-nice-85cm-x-h-111cm-musta\",\"name\":\"Joustamaton p\u00f6yt\u00e4liina Nice, 85cm x h-111cm, musta - UC Rent e-pood\",\"isPartOf\":{\"@id\":\"https:\/\/shop.ucrent.ee\/#website\"},\"primaryImageOfPage\":{\"@id\":\"https:\/\/shop.ucrent.ee\/fi\/toode\/joustamaton-poytaliina-nice-85cm-x-h-111cm-musta#primaryimage\"},\"image\":{\"@id\":\"https:\/\/shop.ucrent.ee\/fi\/toode\/joustamaton-poytaliina-nice-85cm-x-h-111cm-musta#primaryimage\"},\"thumbnailUrl\":\"https:\/\/shop.ucrent.ee\/wp-content\/uploads\/2021\/09\/Nice-must.jpg\",\"datePublished\":\"2021-09-03T10:46:52+00:00\",\"dateModified\":\"2026-04-09T13:31:22+00:00\",\"breadcrumb\":{\"@id\":\"https:\/\/shop.ucrent.ee\/fi\/toode\/joustamaton-poytaliina-nice-85cm-x-h-111cm-musta#breadcrumb\"},\"inLanguage\":\"fi\",\"potentialAction\":[{\"@type\":\"ReadAction\",\"target\":[\"https:\/\/shop.ucrent.ee\/fi\/toode\/joustamaton-poytaliina-nice-85cm-x-h-111cm-musta\"]}]},{\"@type\":\"ImageObject\",\"inLanguage\":\"fi\",\"@id\":\"https:\/\/shop.ucrent.ee\/fi\/toode\/joustamaton-poytaliina-nice-85cm-x-h-111cm-musta#primaryimage\",\"url\":\"https:\/\/shop.ucrent.ee\/wp-content\/uploads\/2021\/09\/Nice-must.jpg\",\"contentUrl\":\"https:\/\/shop.ucrent.ee\/wp-content\/uploads\/2021\/09\/Nice-must.jpg\",\"width\":750,\"height\":750},{\"@type\":\"BreadcrumbList\",\"@id\":\"https:\/\/shop.ucrent.ee\/fi\/toode\/joustamaton-poytaliina-nice-85cm-x-h-111cm-musta#breadcrumb\",\"itemListElement\":[{\"@type\":\"ListItem\",\"position\":1,\"name\":\"Home\",\"item\":\"https:\/\/shop.ucrent.ee\/fi\"},{\"@type\":\"ListItem\",\"position\":2,\"name\":\"K\u00f5ik tooted\",\"item\":\"https:\/\/shop.ucrent.ee\/tooted\"},{\"@type\":\"ListItem\",\"position\":3,\"name\":\"Joustamaton p\u00f6yt\u00e4liina Nice, 85cm x h-111cm, musta\"}]},{\"@type\":\"WebSite\",\"@id\":\"https:\/\/shop.ucrent.ee\/#website\",\"url\":\"https:\/\/shop.ucrent.ee\/\",\"name\":\"UC Rent e-pood\",\"description\":\"\",\"potentialAction\":[{\"@type\":\"SearchAction\",\"target\":{\"@type\":\"EntryPoint\",\"urlTemplate\":\"https:\/\/shop.ucrent.ee\/?s={search_term_string}\"},\"query-input\":{\"@type\":\"PropertyValueSpecification\",\"valueRequired\":true,\"valueName\":\"search_term_string\"}}],\"inLanguage\":\"fi\"}]}<\/script>\n<!-- \/ Yoast SEO plugin. -->","yoast_head_json":{"title":"Joustamaton p\u00f6yt\u00e4liina Nice, 85cm x h-111cm, musta - UC Rent e-pood","robots":{"index":"index","follow":"follow","max-snippet":"max-snippet:-1","max-image-preview":"max-image-preview:large","max-video-preview":"max-video-preview:-1"},"canonical":"https:\/\/shop.ucrent.ee\/fi\/toode\/joustamaton-poytaliina-nice-85cm-x-h-111cm-musta","og_locale":"fi_FI","og_type":"article","og_title":"Joustamaton p\u00f6yt\u00e4liina Nice, 85cm x h-111cm, musta - UC Rent e-pood","og_description":"P\u00f6yt\u00e4liina py\u00f6re\u00e4lle juhlap\u00f6yd\u00e4lle, Halkaisija \u00d8 80-90 cm x h-110 cm. Materiaali: 100% polyesteri, 140 g \/ m\u00b2 Helppok\u00e4ytt\u00f6inen, helppo silitt\u00e4\u00e4, t\u00e4ydellinen v\u00e4rin s\u00e4ilytt\u00e4minen \u00d6ko-Tex-luokan 2 sertifikaatti Konepesu 40 \u00b0 C, ei valkaisua. Silitys alhaisissa l\u00e4mp\u00f6tiloissa jopa 110 \u00b0 C Rumpukuivaus alhaisessa l\u00e4mp\u00f6tilassa V\u00e4ri: valkoinen, musta Koodi: RNI.D85H111 BUR.BLA","og_url":"https:\/\/shop.ucrent.ee\/fi\/toode\/joustamaton-poytaliina-nice-85cm-x-h-111cm-musta","og_site_name":"UC Rent e-pood","article_modified_time":"2026-04-09T13:31:22+00:00","og_image":[{"width":750,"height":750,"url":"https:\/\/shop.ucrent.ee\/wp-content\/uploads\/2021\/09\/Nice-must.jpg","type":"image\/jpeg"}],"twitter_card":"summary_large_image","schema":{"@context":"https:\/\/schema.org","@graph":[{"@type":"WebPage","@id":"https:\/\/shop.ucrent.ee\/fi\/toode\/joustamaton-poytaliina-nice-85cm-x-h-111cm-musta","url":"https:\/\/shop.ucrent.ee\/fi\/toode\/joustamaton-poytaliina-nice-85cm-x-h-111cm-musta","name":"Joustamaton p\u00f6yt\u00e4liina Nice, 85cm x h-111cm, musta - UC Rent e-pood","isPartOf":{"@id":"https:\/\/shop.ucrent.ee\/#website"},"primaryImageOfPage":{"@id":"https:\/\/shop.ucrent.ee\/fi\/toode\/joustamaton-poytaliina-nice-85cm-x-h-111cm-musta#primaryimage"},"image":{"@id":"https:\/\/shop.ucrent.ee\/fi\/toode\/joustamaton-poytaliina-nice-85cm-x-h-111cm-musta#primaryimage"},"thumbnailUrl":"https:\/\/shop.ucrent.ee\/wp-content\/uploads\/2021\/09\/Nice-must.jpg","datePublished":"2021-09-03T10:46:52+00:00","dateModified":"2026-04-09T13:31:22+00:00","breadcrumb":{"@id":"https:\/\/shop.ucrent.ee\/fi\/toode\/joustamaton-poytaliina-nice-85cm-x-h-111cm-musta#breadcrumb"},"inLanguage":"fi","potentialAction":[{"@type":"ReadAction","target":["https:\/\/shop.ucrent.ee\/fi\/toode\/joustamaton-poytaliina-nice-85cm-x-h-111cm-musta"]}]},{"@type":"ImageObject","inLanguage":"fi","@id":"https:\/\/shop.ucrent.ee\/fi\/toode\/joustamaton-poytaliina-nice-85cm-x-h-111cm-musta#primaryimage","url":"https:\/\/shop.ucrent.ee\/wp-content\/uploads\/2021\/09\/Nice-must.jpg","contentUrl":"https:\/\/shop.ucrent.ee\/wp-content\/uploads\/2021\/09\/Nice-must.jpg","width":750,"height":750},{"@type":"BreadcrumbList","@id":"https:\/\/shop.ucrent.ee\/fi\/toode\/joustamaton-poytaliina-nice-85cm-x-h-111cm-musta#breadcrumb","itemListElement":[{"@type":"ListItem","position":1,"name":"Home","item":"https:\/\/shop.ucrent.ee\/fi"},{"@type":"ListItem","position":2,"name":"K\u00f5ik tooted","item":"https:\/\/shop.ucrent.ee\/tooted"},{"@type":"ListItem","position":3,"name":"Joustamaton p\u00f6yt\u00e4liina Nice, 85cm x h-111cm, musta"}]},{"@type":"WebSite","@id":"https:\/\/shop.ucrent.ee\/#website","url":"https:\/\/shop.ucrent.ee\/","name":"UC Rent e-pood","description":"","potentialAction":[{"@type":"SearchAction","target":{"@type":"EntryPoint","urlTemplate":"https:\/\/shop.ucrent.ee\/?s={search_term_string}"},"query-input":{"@type":"PropertyValueSpecification","valueRequired":true,"valueName":"search_term_string"}}],"inLanguage":"fi"}]}},"_links":{"self":[{"href":"https:\/\/shop.ucrent.ee\/fi\/wp-json\/wp\/v2\/product\/62899","targetHints":{"allow":["GET"]}}],"collection":[{"href":"https:\/\/shop.ucrent.ee\/fi\/wp-json\/wp\/v2\/product"}],"about":[{"href":"https:\/\/shop.ucrent.ee\/fi\/wp-json\/wp\/v2\/types\/product"}],"wp:featuredmedia":[{"embeddable":true,"href":"https:\/\/shop.ucrent.ee\/fi\/wp-json\/wp\/v2\/media\/62884"}],"wp:attachment":[{"href":"https:\/\/shop.ucrent.ee\/fi\/wp-json\/wp\/v2\/media?parent=62899"}],"wp:term":[{"taxonomy":"product_brand","embeddable":true,"href":"https:\/\/shop.ucrent.ee\/fi\/wp-json\/wp\/v2\/product_brand?post=62899"},{"taxonomy":"product_cat","embeddable":true,"href":"https:\/\/shop.ucrent.ee\/fi\/wp-json\/wp\/v2\/product_cat?post=62899"},{"taxonomy":"product_tag","embeddable":true,"href":"https:\/\/shop.ucrent.ee\/fi\/wp-json\/wp\/v2\/product_tag?post=62899"}],"curies":[{"name":"wp","href":"https:\/\/api.w.org\/{rel}","templated":true}]}}