{"id":63198,"date":"2021-09-07T16:01:59","date_gmt":"2021-09-07T13:01:59","guid":{"rendered":"https:\/\/shop.ucrent.ee\/toode\/puhallettava-sohva-1-istuttava-punainen"},"modified":"2026-04-20T12:49:17","modified_gmt":"2026-04-20T09:49:17","slug":"puhallettava-sohva-1-istuttava-punainen","status":"publish","type":"product","link":"https:\/\/shop.ucrent.ee\/fi\/toode\/puhallettava-sohva-1-istuttava-punainen","title":{"rendered":"Puhallettava sohva 1-istuttava PUNAINEN"},"content":{"rendered":"<p>Puhallettava sohva, joka sopii sek\u00e4 sis\u00e4- ett\u00e4 ulkotiloihin.<br \/>\nK\u00e4tev\u00e4 s\u00e4ilytt\u00e4\u00e4, tilaa s\u00e4\u00e4st\u00e4v\u00e4, k\u00e4yt\u00e4nn\u00f6llinen ja tyylik\u00e4s ja klassinen muotoilu.<br \/>\nV\u00e4ri punainen<br \/>\nMateriaali: vahva ja kest\u00e4v\u00e4 PVC<br \/>\nMukana: s\u00e4hk\u00f6pumppu<br \/>\nLeveys 142 cm<br \/>\nSyvyys 110 cm<br \/>\nKorkeus 81 cm<br \/>\nPaino 13,5 kg<\/p>\n","protected":false},"excerpt":{"rendered":"Puhallettava sohva, joka sopii sek\u00e4 sis\u00e4- ett\u00e4 ulkotiloihin. K\u00e4tev\u00e4 s\u00e4ilytt\u00e4\u00e4, tilaa s\u00e4\u00e4st\u00e4v\u00e4, k\u00e4yt\u00e4nn\u00f6llinen ja tyylik\u00e4s ja klassinen muotoilu. V\u00e4ri punainen Materiaali: vahva ja kest\u00e4v\u00e4 PVC Mukana: s\u00e4hk\u00f6pumppu Leveys 142 cm Syvyys 110 cm Korkeus 81 cm Paino 13,5 kg","protected":false},"featured_media":63173,"template":"","meta":{"_acf_changed":false},"product_brand":[],"product_cat":[836],"product_tag":[],"class_list":{"0":"post-63198","1":"product","2":"type-product","3":"status-publish","4":"has-post-thumbnail","6":"product_cat-tuolit","8":"first","9":"instock","10":"taxable","11":"shipping-taxable","12":"purchasable","13":"product-type-simple"},"acf":[],"yoast_head":"<!-- This site is optimized with the Yoast SEO plugin v27.0 - https:\/\/yoast.com\/product\/yoast-seo-wordpress\/ -->\n<title>Puhallettava sohva 1-istuttava PUNAINEN - UC Rent e-pood<\/title>\n<meta name=\"robots\" content=\"index, follow, max-snippet:-1, max-image-preview:large, max-video-preview:-1\" \/>\n<link rel=\"canonical\" href=\"https:\/\/shop.ucrent.ee\/fi\/toode\/puhallettava-sohva-1-istuttava-punainen\" \/>\n<meta property=\"og:locale\" content=\"fi_FI\" \/>\n<meta property=\"og:type\" content=\"article\" \/>\n<meta property=\"og:title\" content=\"Puhallettava sohva 1-istuttava PUNAINEN - UC Rent e-pood\" \/>\n<meta property=\"og:description\" content=\"Puhallettava sohva, joka sopii sek\u00e4 sis\u00e4- ett\u00e4 ulkotiloihin. K\u00e4tev\u00e4 s\u00e4ilytt\u00e4\u00e4, tilaa s\u00e4\u00e4st\u00e4v\u00e4, k\u00e4yt\u00e4nn\u00f6llinen ja tyylik\u00e4s ja klassinen muotoilu. V\u00e4ri punainen Materiaali: vahva ja kest\u00e4v\u00e4 PVC Mukana: s\u00e4hk\u00f6pumppu Leveys 142 cm Syvyys 110 cm Korkeus 81 cm Paino 13,5 kg\" \/>\n<meta property=\"og:url\" content=\"https:\/\/shop.ucrent.ee\/fi\/toode\/puhallettava-sohva-1-istuttava-punainen\" \/>\n<meta property=\"og:site_name\" content=\"UC Rent e-pood\" \/>\n<meta property=\"article:modified_time\" content=\"2026-04-20T09:49:17+00:00\" \/>\n<meta property=\"og:image\" content=\"https:\/\/shop.ucrent.ee\/wp-content\/uploads\/2021\/09\/s-l1600-2.jpg\" \/>\n\t<meta property=\"og:image:width\" content=\"800\" \/>\n\t<meta property=\"og:image:height\" content=\"608\" \/>\n\t<meta property=\"og:image:type\" content=\"image\/jpeg\" \/>\n<meta name=\"twitter:card\" content=\"summary_large_image\" \/>\n<script type=\"application\/ld+json\" class=\"yoast-schema-graph\">{\"@context\":\"https:\/\/schema.org\",\"@graph\":[{\"@type\":\"WebPage\",\"@id\":\"https:\/\/shop.ucrent.ee\/fi\/toode\/puhallettava-sohva-1-istuttava-punainen\",\"url\":\"https:\/\/shop.ucrent.ee\/fi\/toode\/puhallettava-sohva-1-istuttava-punainen\",\"name\":\"Puhallettava sohva 1-istuttava PUNAINEN - UC Rent e-pood\",\"isPartOf\":{\"@id\":\"https:\/\/shop.ucrent.ee\/#website\"},\"primaryImageOfPage\":{\"@id\":\"https:\/\/shop.ucrent.ee\/fi\/toode\/puhallettava-sohva-1-istuttava-punainen#primaryimage\"},\"image\":{\"@id\":\"https:\/\/shop.ucrent.ee\/fi\/toode\/puhallettava-sohva-1-istuttava-punainen#primaryimage\"},\"thumbnailUrl\":\"https:\/\/shop.ucrent.ee\/wp-content\/uploads\/2021\/09\/s-l1600-2.jpg\",\"datePublished\":\"2021-09-07T13:01:59+00:00\",\"dateModified\":\"2026-04-20T09:49:17+00:00\",\"breadcrumb\":{\"@id\":\"https:\/\/shop.ucrent.ee\/fi\/toode\/puhallettava-sohva-1-istuttava-punainen#breadcrumb\"},\"inLanguage\":\"fi\",\"potentialAction\":[{\"@type\":\"ReadAction\",\"target\":[\"https:\/\/shop.ucrent.ee\/fi\/toode\/puhallettava-sohva-1-istuttava-punainen\"]}]},{\"@type\":\"ImageObject\",\"inLanguage\":\"fi\",\"@id\":\"https:\/\/shop.ucrent.ee\/fi\/toode\/puhallettava-sohva-1-istuttava-punainen#primaryimage\",\"url\":\"https:\/\/shop.ucrent.ee\/wp-content\/uploads\/2021\/09\/s-l1600-2.jpg\",\"contentUrl\":\"https:\/\/shop.ucrent.ee\/wp-content\/uploads\/2021\/09\/s-l1600-2.jpg\",\"width\":800,\"height\":608},{\"@type\":\"BreadcrumbList\",\"@id\":\"https:\/\/shop.ucrent.ee\/fi\/toode\/puhallettava-sohva-1-istuttava-punainen#breadcrumb\",\"itemListElement\":[{\"@type\":\"ListItem\",\"position\":1,\"name\":\"Home\",\"item\":\"https:\/\/shop.ucrent.ee\/fi\"},{\"@type\":\"ListItem\",\"position\":2,\"name\":\"K\u00f5ik tooted\",\"item\":\"https:\/\/shop.ucrent.ee\/tooted\"},{\"@type\":\"ListItem\",\"position\":3,\"name\":\"Puhallettava sohva 1-istuttava PUNAINEN\"}]},{\"@type\":\"WebSite\",\"@id\":\"https:\/\/shop.ucrent.ee\/#website\",\"url\":\"https:\/\/shop.ucrent.ee\/\",\"name\":\"UC Rent e-pood\",\"description\":\"\",\"potentialAction\":[{\"@type\":\"SearchAction\",\"target\":{\"@type\":\"EntryPoint\",\"urlTemplate\":\"https:\/\/shop.ucrent.ee\/?s={search_term_string}\"},\"query-input\":{\"@type\":\"PropertyValueSpecification\",\"valueRequired\":true,\"valueName\":\"search_term_string\"}}],\"inLanguage\":\"fi\"}]}<\/script>\n<!-- \/ Yoast SEO plugin. -->","yoast_head_json":{"title":"Puhallettava sohva 1-istuttava PUNAINEN - UC Rent e-pood","robots":{"index":"index","follow":"follow","max-snippet":"max-snippet:-1","max-image-preview":"max-image-preview:large","max-video-preview":"max-video-preview:-1"},"canonical":"https:\/\/shop.ucrent.ee\/fi\/toode\/puhallettava-sohva-1-istuttava-punainen","og_locale":"fi_FI","og_type":"article","og_title":"Puhallettava sohva 1-istuttava PUNAINEN - UC Rent e-pood","og_description":"Puhallettava sohva, joka sopii sek\u00e4 sis\u00e4- ett\u00e4 ulkotiloihin. K\u00e4tev\u00e4 s\u00e4ilytt\u00e4\u00e4, tilaa s\u00e4\u00e4st\u00e4v\u00e4, k\u00e4yt\u00e4nn\u00f6llinen ja tyylik\u00e4s ja klassinen muotoilu. V\u00e4ri punainen Materiaali: vahva ja kest\u00e4v\u00e4 PVC Mukana: s\u00e4hk\u00f6pumppu Leveys 142 cm Syvyys 110 cm Korkeus 81 cm Paino 13,5 kg","og_url":"https:\/\/shop.ucrent.ee\/fi\/toode\/puhallettava-sohva-1-istuttava-punainen","og_site_name":"UC Rent e-pood","article_modified_time":"2026-04-20T09:49:17+00:00","og_image":[{"width":800,"height":608,"url":"https:\/\/shop.ucrent.ee\/wp-content\/uploads\/2021\/09\/s-l1600-2.jpg","type":"image\/jpeg"}],"twitter_card":"summary_large_image","schema":{"@context":"https:\/\/schema.org","@graph":[{"@type":"WebPage","@id":"https:\/\/shop.ucrent.ee\/fi\/toode\/puhallettava-sohva-1-istuttava-punainen","url":"https:\/\/shop.ucrent.ee\/fi\/toode\/puhallettava-sohva-1-istuttava-punainen","name":"Puhallettava sohva 1-istuttava PUNAINEN - UC Rent e-pood","isPartOf":{"@id":"https:\/\/shop.ucrent.ee\/#website"},"primaryImageOfPage":{"@id":"https:\/\/shop.ucrent.ee\/fi\/toode\/puhallettava-sohva-1-istuttava-punainen#primaryimage"},"image":{"@id":"https:\/\/shop.ucrent.ee\/fi\/toode\/puhallettava-sohva-1-istuttava-punainen#primaryimage"},"thumbnailUrl":"https:\/\/shop.ucrent.ee\/wp-content\/uploads\/2021\/09\/s-l1600-2.jpg","datePublished":"2021-09-07T13:01:59+00:00","dateModified":"2026-04-20T09:49:17+00:00","breadcrumb":{"@id":"https:\/\/shop.ucrent.ee\/fi\/toode\/puhallettava-sohva-1-istuttava-punainen#breadcrumb"},"inLanguage":"fi","potentialAction":[{"@type":"ReadAction","target":["https:\/\/shop.ucrent.ee\/fi\/toode\/puhallettava-sohva-1-istuttava-punainen"]}]},{"@type":"ImageObject","inLanguage":"fi","@id":"https:\/\/shop.ucrent.ee\/fi\/toode\/puhallettava-sohva-1-istuttava-punainen#primaryimage","url":"https:\/\/shop.ucrent.ee\/wp-content\/uploads\/2021\/09\/s-l1600-2.jpg","contentUrl":"https:\/\/shop.ucrent.ee\/wp-content\/uploads\/2021\/09\/s-l1600-2.jpg","width":800,"height":608},{"@type":"BreadcrumbList","@id":"https:\/\/shop.ucrent.ee\/fi\/toode\/puhallettava-sohva-1-istuttava-punainen#breadcrumb","itemListElement":[{"@type":"ListItem","position":1,"name":"Home","item":"https:\/\/shop.ucrent.ee\/fi"},{"@type":"ListItem","position":2,"name":"K\u00f5ik tooted","item":"https:\/\/shop.ucrent.ee\/tooted"},{"@type":"ListItem","position":3,"name":"Puhallettava sohva 1-istuttava PUNAINEN"}]},{"@type":"WebSite","@id":"https:\/\/shop.ucrent.ee\/#website","url":"https:\/\/shop.ucrent.ee\/","name":"UC Rent e-pood","description":"","potentialAction":[{"@type":"SearchAction","target":{"@type":"EntryPoint","urlTemplate":"https:\/\/shop.ucrent.ee\/?s={search_term_string}"},"query-input":{"@type":"PropertyValueSpecification","valueRequired":true,"valueName":"search_term_string"}}],"inLanguage":"fi"}]}},"_links":{"self":[{"href":"https:\/\/shop.ucrent.ee\/fi\/wp-json\/wp\/v2\/product\/63198","targetHints":{"allow":["GET"]}}],"collection":[{"href":"https:\/\/shop.ucrent.ee\/fi\/wp-json\/wp\/v2\/product"}],"about":[{"href":"https:\/\/shop.ucrent.ee\/fi\/wp-json\/wp\/v2\/types\/product"}],"wp:featuredmedia":[{"embeddable":true,"href":"https:\/\/shop.ucrent.ee\/fi\/wp-json\/wp\/v2\/media\/63173"}],"wp:attachment":[{"href":"https:\/\/shop.ucrent.ee\/fi\/wp-json\/wp\/v2\/media?parent=63198"}],"wp:term":[{"taxonomy":"product_brand","embeddable":true,"href":"https:\/\/shop.ucrent.ee\/fi\/wp-json\/wp\/v2\/product_brand?post=63198"},{"taxonomy":"product_cat","embeddable":true,"href":"https:\/\/shop.ucrent.ee\/fi\/wp-json\/wp\/v2\/product_cat?post=63198"},{"taxonomy":"product_tag","embeddable":true,"href":"https:\/\/shop.ucrent.ee\/fi\/wp-json\/wp\/v2\/product_tag?post=63198"}],"curies":[{"name":"wp","href":"https:\/\/api.w.org\/{rel}","templated":true}]}}