{"id":65899,"date":"2021-10-25T14:04:39","date_gmt":"2021-10-25T11:04:39","guid":{"rendered":"https:\/\/shop.ucrent.ee\/toode\/runkotelineet-altrad"},"modified":"2026-05-07T11:35:00","modified_gmt":"2026-05-07T08:35:00","slug":"runkotelineet-altrad","status":"publish","type":"product","link":"https:\/\/shop.ucrent.ee\/fi\/toode\/runkotelineet-altrad","title":{"rendered":"Runkotelineet Altrad"},"content":{"rendered":"<p>Ominaisuudet:<br \/>\n\u2013 vakaat ja todella nopeasti pystytett\u00e4v\u00e4t telineettellingud altrad<br \/>\n\u2013 telinej\u00e4rjestelm\u00e4n pystyv\u00e4lit ovat 3,07 m, 2,57 m, 2,07 m ja 1,57 m ja vakiovaakav\u00e4li on 0,73 m ja 1,09 m;<br \/>\n\u2013 rakenne mahdollistaa ty\u00f6tasojen asentamisen pystysuoraan kahden metrin v\u00e4lein (vakiomalli) sek\u00e4 useiden erilaisen tasapin<br \/>\n   tojen asentamisen eri korkeuksiin lis\u00e4tukien ja vinotukien avulla<br \/>\n\u2013 eritt\u00e4in vakaa pystysuorien ja viistojen tukien sek\u00e4 kiinnitystarvikkeiden ansiosta, jotka mahdollistavat telineiden turvallisen kiinnitt\u00e4misen<br \/>\n   rakennukseen<br \/>\n\u2013 voidaan k\u00e4ytt\u00e4\u00e4 my\u00f6s vaativissa rakennuksissa konsoleiden ja kantavien rakenteiden ansiosta<br \/>\n\u2013 helppo ja looginen asennus takaa rakenteiden k\u00e4yt\u00e4nn\u00f6llisyyden sek\u00e4 turvallisuuden<br \/>\n\u2013 voidaan pident\u00e4\u00e4 jopa yli 34 metriin t\u00e4ydent\u00e4vien vakauslaskelmien perusteella<br \/>\nK\u00e4ytt\u00f6: rappaukset; maalaukset; eristysty\u00f6t; sopii my\u00f6s suuremman kuormituksen rakennust\u00f6ihin, kuten muurauksiin \u2013 tarvittavat materiaalit voi pinota 1,09 metri\u00e4 levyisille ty\u00f6tasoille.<br \/>\nMuu k\u00e4ytt\u00f6: kattoon asennettavat ty\u00f6tasot; tukirakenteet ja kantavat rakenteet mainoksille, telineille ja televisiokameroiden alustoille.<br \/>\nTelineet ovat ISO-sertifioituja.<br \/>\n&#8211; Ilmoita l\u00e4hett\u00e4ess\u00e4si hintapyynn\u00f6n:<br \/>\n&#8211; Telineen korkeus: &#8230;..<br \/>\n&#8211; Rakennustelineen leveys: &#8230;..<br \/>\n&#8211; Rakennustelineen korkeus: &#8230;..<\/p>\n","protected":false},"excerpt":{"rendered":"Ominaisuudet: \u2013 vakaat ja todella nopeasti pystytett\u00e4v\u00e4t telineettellingud altrad \u2013 telinej\u00e4rjestelm\u00e4n pystyv\u00e4lit ovat 3,07 m, 2,57 m, 2,07 m ja 1,57 m ja vakiovaakav\u00e4li on 0,73 m ja 1,09 m; \u2013 rakenne mahdollistaa ty\u00f6tasojen asentamisen pystysuoraan kahden metrin v\u00e4lein (vakiomalli) sek\u00e4 useiden erilaisen tasapin tojen asentamisen eri korkeuksiin lis\u00e4tukien ja vinotukien avulla \u2013 eritt\u00e4in vakaa&#8230; <a class=\"view-article\" href=\"https:\/\/shop.ucrent.ee\/fi\/toode\/runkotelineet-altrad\">View Article<\/a>","protected":false},"featured_media":65888,"template":"","meta":{"_acf_changed":false},"product_brand":[],"product_cat":[764],"product_tag":[],"class_list":{"0":"post-65899","1":"product","2":"type-product","3":"status-publish","4":"has-post-thumbnail","6":"product_cat-altrad_raamtelling_fi","8":"first","9":"instock","10":"taxable","11":"shipping-taxable","12":"purchasable","13":"product-type-simple"},"acf":[],"yoast_head":"<!-- This site is optimized with the Yoast SEO plugin v27.0 - https:\/\/yoast.com\/product\/yoast-seo-wordpress\/ -->\n<title>Runkotelineet Altrad - UC Rent e-pood<\/title>\n<meta name=\"robots\" content=\"index, follow, max-snippet:-1, max-image-preview:large, max-video-preview:-1\" \/>\n<link rel=\"canonical\" href=\"https:\/\/shop.ucrent.ee\/fi\/toode\/runkotelineet-altrad\" \/>\n<meta property=\"og:locale\" content=\"fi_FI\" \/>\n<meta property=\"og:type\" content=\"article\" \/>\n<meta property=\"og:title\" content=\"Runkotelineet Altrad - UC Rent e-pood\" \/>\n<meta property=\"og:description\" content=\"Ominaisuudet: \u2013 vakaat ja todella nopeasti pystytett\u00e4v\u00e4t telineettellingud altrad \u2013 telinej\u00e4rjestelm\u00e4n pystyv\u00e4lit ovat 3,07 m, 2,57 m, 2,07 m ja 1,57 m ja vakiovaakav\u00e4li on 0,73 m ja 1,09 m; \u2013 rakenne mahdollistaa ty\u00f6tasojen asentamisen pystysuoraan kahden metrin v\u00e4lein (vakiomalli) sek\u00e4 useiden erilaisen tasapin tojen asentamisen eri korkeuksiin lis\u00e4tukien ja vinotukien avulla \u2013 eritt\u00e4in vakaa... View Article\" \/>\n<meta property=\"og:url\" content=\"https:\/\/shop.ucrent.ee\/fi\/toode\/runkotelineet-altrad\" \/>\n<meta property=\"og:site_name\" content=\"UC Rent e-pood\" \/>\n<meta property=\"article:modified_time\" content=\"2026-05-07T08:35:00+00:00\" \/>\n<meta property=\"og:image\" content=\"https:\/\/shop.ucrent.ee\/wp-content\/uploads\/2021\/10\/raamtelling14.jpg\" \/>\n\t<meta property=\"og:image:width\" content=\"960\" \/>\n\t<meta property=\"og:image:height\" content=\"960\" \/>\n\t<meta property=\"og:image:type\" content=\"image\/jpeg\" \/>\n<meta name=\"twitter:card\" content=\"summary_large_image\" \/>\n<meta name=\"twitter:label1\" content=\"Arvioitu lukuaika\" \/>\n\t<meta name=\"twitter:data1\" content=\"1 minuutti\" \/>\n<script type=\"application\/ld+json\" class=\"yoast-schema-graph\">{\"@context\":\"https:\/\/schema.org\",\"@graph\":[{\"@type\":\"WebPage\",\"@id\":\"https:\/\/shop.ucrent.ee\/fi\/toode\/runkotelineet-altrad\",\"url\":\"https:\/\/shop.ucrent.ee\/fi\/toode\/runkotelineet-altrad\",\"name\":\"Runkotelineet Altrad - UC Rent e-pood\",\"isPartOf\":{\"@id\":\"https:\/\/shop.ucrent.ee\/#website\"},\"primaryImageOfPage\":{\"@id\":\"https:\/\/shop.ucrent.ee\/fi\/toode\/runkotelineet-altrad#primaryimage\"},\"image\":{\"@id\":\"https:\/\/shop.ucrent.ee\/fi\/toode\/runkotelineet-altrad#primaryimage\"},\"thumbnailUrl\":\"https:\/\/shop.ucrent.ee\/wp-content\/uploads\/2021\/10\/raamtelling14.jpg\",\"datePublished\":\"2021-10-25T11:04:39+00:00\",\"dateModified\":\"2026-05-07T08:35:00+00:00\",\"breadcrumb\":{\"@id\":\"https:\/\/shop.ucrent.ee\/fi\/toode\/runkotelineet-altrad#breadcrumb\"},\"inLanguage\":\"fi\",\"potentialAction\":[{\"@type\":\"ReadAction\",\"target\":[\"https:\/\/shop.ucrent.ee\/fi\/toode\/runkotelineet-altrad\"]}]},{\"@type\":\"ImageObject\",\"inLanguage\":\"fi\",\"@id\":\"https:\/\/shop.ucrent.ee\/fi\/toode\/runkotelineet-altrad#primaryimage\",\"url\":\"https:\/\/shop.ucrent.ee\/wp-content\/uploads\/2021\/10\/raamtelling14.jpg\",\"contentUrl\":\"https:\/\/shop.ucrent.ee\/wp-content\/uploads\/2021\/10\/raamtelling14.jpg\",\"width\":960,\"height\":960},{\"@type\":\"BreadcrumbList\",\"@id\":\"https:\/\/shop.ucrent.ee\/fi\/toode\/runkotelineet-altrad#breadcrumb\",\"itemListElement\":[{\"@type\":\"ListItem\",\"position\":1,\"name\":\"Home\",\"item\":\"https:\/\/shop.ucrent.ee\/fi\"},{\"@type\":\"ListItem\",\"position\":2,\"name\":\"K\u00f5ik tooted\",\"item\":\"https:\/\/shop.ucrent.ee\/tooted\"},{\"@type\":\"ListItem\",\"position\":3,\"name\":\"Runkotelineet Altrad\"}]},{\"@type\":\"WebSite\",\"@id\":\"https:\/\/shop.ucrent.ee\/#website\",\"url\":\"https:\/\/shop.ucrent.ee\/\",\"name\":\"UC Rent e-pood\",\"description\":\"\",\"potentialAction\":[{\"@type\":\"SearchAction\",\"target\":{\"@type\":\"EntryPoint\",\"urlTemplate\":\"https:\/\/shop.ucrent.ee\/?s={search_term_string}\"},\"query-input\":{\"@type\":\"PropertyValueSpecification\",\"valueRequired\":true,\"valueName\":\"search_term_string\"}}],\"inLanguage\":\"fi\"}]}<\/script>\n<!-- \/ Yoast SEO plugin. -->","yoast_head_json":{"title":"Runkotelineet Altrad - UC Rent e-pood","robots":{"index":"index","follow":"follow","max-snippet":"max-snippet:-1","max-image-preview":"max-image-preview:large","max-video-preview":"max-video-preview:-1"},"canonical":"https:\/\/shop.ucrent.ee\/fi\/toode\/runkotelineet-altrad","og_locale":"fi_FI","og_type":"article","og_title":"Runkotelineet Altrad - UC Rent e-pood","og_description":"Ominaisuudet: \u2013 vakaat ja todella nopeasti pystytett\u00e4v\u00e4t telineettellingud altrad \u2013 telinej\u00e4rjestelm\u00e4n pystyv\u00e4lit ovat 3,07 m, 2,57 m, 2,07 m ja 1,57 m ja vakiovaakav\u00e4li on 0,73 m ja 1,09 m; \u2013 rakenne mahdollistaa ty\u00f6tasojen asentamisen pystysuoraan kahden metrin v\u00e4lein (vakiomalli) sek\u00e4 useiden erilaisen tasapin tojen asentamisen eri korkeuksiin lis\u00e4tukien ja vinotukien avulla \u2013 eritt\u00e4in vakaa... View Article","og_url":"https:\/\/shop.ucrent.ee\/fi\/toode\/runkotelineet-altrad","og_site_name":"UC Rent e-pood","article_modified_time":"2026-05-07T08:35:00+00:00","og_image":[{"width":960,"height":960,"url":"https:\/\/shop.ucrent.ee\/wp-content\/uploads\/2021\/10\/raamtelling14.jpg","type":"image\/jpeg"}],"twitter_card":"summary_large_image","twitter_misc":{"Arvioitu lukuaika":"1 minuutti"},"schema":{"@context":"https:\/\/schema.org","@graph":[{"@type":"WebPage","@id":"https:\/\/shop.ucrent.ee\/fi\/toode\/runkotelineet-altrad","url":"https:\/\/shop.ucrent.ee\/fi\/toode\/runkotelineet-altrad","name":"Runkotelineet Altrad - UC Rent e-pood","isPartOf":{"@id":"https:\/\/shop.ucrent.ee\/#website"},"primaryImageOfPage":{"@id":"https:\/\/shop.ucrent.ee\/fi\/toode\/runkotelineet-altrad#primaryimage"},"image":{"@id":"https:\/\/shop.ucrent.ee\/fi\/toode\/runkotelineet-altrad#primaryimage"},"thumbnailUrl":"https:\/\/shop.ucrent.ee\/wp-content\/uploads\/2021\/10\/raamtelling14.jpg","datePublished":"2021-10-25T11:04:39+00:00","dateModified":"2026-05-07T08:35:00+00:00","breadcrumb":{"@id":"https:\/\/shop.ucrent.ee\/fi\/toode\/runkotelineet-altrad#breadcrumb"},"inLanguage":"fi","potentialAction":[{"@type":"ReadAction","target":["https:\/\/shop.ucrent.ee\/fi\/toode\/runkotelineet-altrad"]}]},{"@type":"ImageObject","inLanguage":"fi","@id":"https:\/\/shop.ucrent.ee\/fi\/toode\/runkotelineet-altrad#primaryimage","url":"https:\/\/shop.ucrent.ee\/wp-content\/uploads\/2021\/10\/raamtelling14.jpg","contentUrl":"https:\/\/shop.ucrent.ee\/wp-content\/uploads\/2021\/10\/raamtelling14.jpg","width":960,"height":960},{"@type":"BreadcrumbList","@id":"https:\/\/shop.ucrent.ee\/fi\/toode\/runkotelineet-altrad#breadcrumb","itemListElement":[{"@type":"ListItem","position":1,"name":"Home","item":"https:\/\/shop.ucrent.ee\/fi"},{"@type":"ListItem","position":2,"name":"K\u00f5ik tooted","item":"https:\/\/shop.ucrent.ee\/tooted"},{"@type":"ListItem","position":3,"name":"Runkotelineet Altrad"}]},{"@type":"WebSite","@id":"https:\/\/shop.ucrent.ee\/#website","url":"https:\/\/shop.ucrent.ee\/","name":"UC Rent e-pood","description":"","potentialAction":[{"@type":"SearchAction","target":{"@type":"EntryPoint","urlTemplate":"https:\/\/shop.ucrent.ee\/?s={search_term_string}"},"query-input":{"@type":"PropertyValueSpecification","valueRequired":true,"valueName":"search_term_string"}}],"inLanguage":"fi"}]}},"_links":{"self":[{"href":"https:\/\/shop.ucrent.ee\/fi\/wp-json\/wp\/v2\/product\/65899","targetHints":{"allow":["GET"]}}],"collection":[{"href":"https:\/\/shop.ucrent.ee\/fi\/wp-json\/wp\/v2\/product"}],"about":[{"href":"https:\/\/shop.ucrent.ee\/fi\/wp-json\/wp\/v2\/types\/product"}],"wp:featuredmedia":[{"embeddable":true,"href":"https:\/\/shop.ucrent.ee\/fi\/wp-json\/wp\/v2\/media\/65888"}],"wp:attachment":[{"href":"https:\/\/shop.ucrent.ee\/fi\/wp-json\/wp\/v2\/media?parent=65899"}],"wp:term":[{"taxonomy":"product_brand","embeddable":true,"href":"https:\/\/shop.ucrent.ee\/fi\/wp-json\/wp\/v2\/product_brand?post=65899"},{"taxonomy":"product_cat","embeddable":true,"href":"https:\/\/shop.ucrent.ee\/fi\/wp-json\/wp\/v2\/product_cat?post=65899"},{"taxonomy":"product_tag","embeddable":true,"href":"https:\/\/shop.ucrent.ee\/fi\/wp-json\/wp\/v2\/product_tag?post=65899"}],"curies":[{"name":"wp","href":"https:\/\/api.w.org\/{rel}","templated":true}]}}