{"id":8882,"date":"2019-12-23T15:06:44","date_gmt":"2019-12-23T13:06:44","guid":{"rendered":"https:\/\/ucrent.macaw.ee\/toode\/tyotasot-2kpl-saranoidut-tikkaat-4x3-combi-system-krause\/"},"modified":"2026-04-09T16:30:12","modified_gmt":"2026-04-09T13:30:12","slug":"tyotasot-2kpl-saranoidut-tikkaat-4x3-combi-system-krause","status":"publish","type":"product","link":"https:\/\/shop.ucrent.ee\/fi\/toode\/tyotasot-2kpl-saranoidut-tikkaat-4x3-combi-system-krause","title":{"rendered":"Ty\u00f6tasot 2kpl saranoidut tikkaat 4&#215;3 Combi System Krause"},"content":{"rendered":"<p>Ty\u00f6tasot 2kpl, jotka voidaan yhdist\u00e4\u00e4 Stabilo 4&#215;3 -portaikkoon.<br \/>\nTy\u00f6tasoilla on luistamaton ja vedenpit\u00e4v\u00e4 kansi, jonka kantokyky on 150 kg.<\/p>\n","protected":false},"excerpt":{"rendered":"Ty\u00f6tasot 2kpl, jotka voidaan yhdist\u00e4\u00e4 Stabilo 4&#215;3 -portaikkoon. Ty\u00f6tasoilla on luistamaton ja vedenpit\u00e4v\u00e4 kansi, jonka kantokyky on 150 kg.","protected":false},"featured_media":1792,"template":"","meta":{"_acf_changed":false},"product_brand":[],"product_cat":[336],"product_tag":[],"class_list":{"0":"post-8882","1":"product","2":"type-product","3":"status-publish","4":"has-post-thumbnail","6":"product_cat-lisavarustus_ja_muud_tooted_krau_fi","8":"first","9":"instock","10":"taxable","11":"shipping-taxable","12":"purchasable","13":"product-type-simple"},"acf":[],"yoast_head":"<!-- This site is optimized with the Yoast SEO plugin v27.0 - https:\/\/yoast.com\/product\/yoast-seo-wordpress\/ -->\n<title>Ty\u00f6tasot 2kpl saranoidut tikkaat 4x3 Combi System Krause - UC Rent e-pood<\/title>\n<meta name=\"robots\" content=\"index, follow, max-snippet:-1, max-image-preview:large, max-video-preview:-1\" \/>\n<link rel=\"canonical\" href=\"https:\/\/shop.ucrent.ee\/fi\/toode\/tyotasot-2kpl-saranoidut-tikkaat-4x3-combi-system-krause\" \/>\n<meta property=\"og:locale\" content=\"fi_FI\" \/>\n<meta property=\"og:type\" content=\"article\" \/>\n<meta property=\"og:title\" content=\"Ty\u00f6tasot 2kpl saranoidut tikkaat 4x3 Combi System Krause - UC Rent e-pood\" \/>\n<meta property=\"og:description\" content=\"Ty\u00f6tasot 2kpl, jotka voidaan yhdist\u00e4\u00e4 Stabilo 4&#215;3 -portaikkoon. Ty\u00f6tasoilla on luistamaton ja vedenpit\u00e4v\u00e4 kansi, jonka kantokyky on 150 kg.\" \/>\n<meta property=\"og:url\" content=\"https:\/\/shop.ucrent.ee\/fi\/toode\/tyotasot-2kpl-saranoidut-tikkaat-4x3-combi-system-krause\" \/>\n<meta property=\"og:site_name\" content=\"UC Rent e-pood\" \/>\n<meta property=\"article:modified_time\" content=\"2026-04-09T13:30:12+00:00\" \/>\n<meta property=\"og:image\" content=\"https:\/\/shop.ucrent.ee\/wp-content\/uploads\/2019\/11\/T\u00f6\u00f6platvormid.jpg\" \/>\n\t<meta property=\"og:image:width\" content=\"592\" \/>\n\t<meta property=\"og:image:height\" content=\"600\" \/>\n\t<meta property=\"og:image:type\" content=\"image\/jpeg\" \/>\n<meta name=\"twitter:card\" content=\"summary_large_image\" \/>\n<script type=\"application\/ld+json\" class=\"yoast-schema-graph\">{\"@context\":\"https:\/\/schema.org\",\"@graph\":[{\"@type\":\"WebPage\",\"@id\":\"https:\/\/shop.ucrent.ee\/fi\/toode\/tyotasot-2kpl-saranoidut-tikkaat-4x3-combi-system-krause\",\"url\":\"https:\/\/shop.ucrent.ee\/fi\/toode\/tyotasot-2kpl-saranoidut-tikkaat-4x3-combi-system-krause\",\"name\":\"Ty\u00f6tasot 2kpl saranoidut tikkaat 4x3 Combi System Krause - UC Rent e-pood\",\"isPartOf\":{\"@id\":\"https:\/\/shop.ucrent.ee\/#website\"},\"primaryImageOfPage\":{\"@id\":\"https:\/\/shop.ucrent.ee\/fi\/toode\/tyotasot-2kpl-saranoidut-tikkaat-4x3-combi-system-krause#primaryimage\"},\"image\":{\"@id\":\"https:\/\/shop.ucrent.ee\/fi\/toode\/tyotasot-2kpl-saranoidut-tikkaat-4x3-combi-system-krause#primaryimage\"},\"thumbnailUrl\":\"https:\/\/shop.ucrent.ee\/wp-content\/uploads\/2019\/11\/T\u00f6\u00f6platvormid.jpg\",\"datePublished\":\"2019-12-23T13:06:44+00:00\",\"dateModified\":\"2026-04-09T13:30:12+00:00\",\"breadcrumb\":{\"@id\":\"https:\/\/shop.ucrent.ee\/fi\/toode\/tyotasot-2kpl-saranoidut-tikkaat-4x3-combi-system-krause#breadcrumb\"},\"inLanguage\":\"fi\",\"potentialAction\":[{\"@type\":\"ReadAction\",\"target\":[\"https:\/\/shop.ucrent.ee\/fi\/toode\/tyotasot-2kpl-saranoidut-tikkaat-4x3-combi-system-krause\"]}]},{\"@type\":\"ImageObject\",\"inLanguage\":\"fi\",\"@id\":\"https:\/\/shop.ucrent.ee\/fi\/toode\/tyotasot-2kpl-saranoidut-tikkaat-4x3-combi-system-krause#primaryimage\",\"url\":\"https:\/\/shop.ucrent.ee\/wp-content\/uploads\/2019\/11\/T\u00f6\u00f6platvormid.jpg\",\"contentUrl\":\"https:\/\/shop.ucrent.ee\/wp-content\/uploads\/2019\/11\/T\u00f6\u00f6platvormid.jpg\",\"width\":592,\"height\":600},{\"@type\":\"BreadcrumbList\",\"@id\":\"https:\/\/shop.ucrent.ee\/fi\/toode\/tyotasot-2kpl-saranoidut-tikkaat-4x3-combi-system-krause#breadcrumb\",\"itemListElement\":[{\"@type\":\"ListItem\",\"position\":1,\"name\":\"Home\",\"item\":\"https:\/\/shop.ucrent.ee\/fi\"},{\"@type\":\"ListItem\",\"position\":2,\"name\":\"K\u00f5ik tooted\",\"item\":\"https:\/\/shop.ucrent.ee\/tooted\"},{\"@type\":\"ListItem\",\"position\":3,\"name\":\"Ty\u00f6tasot 2kpl saranoidut tikkaat 4&#215;3 Combi System Krause\"}]},{\"@type\":\"WebSite\",\"@id\":\"https:\/\/shop.ucrent.ee\/#website\",\"url\":\"https:\/\/shop.ucrent.ee\/\",\"name\":\"UC Rent e-pood\",\"description\":\"\",\"potentialAction\":[{\"@type\":\"SearchAction\",\"target\":{\"@type\":\"EntryPoint\",\"urlTemplate\":\"https:\/\/shop.ucrent.ee\/?s={search_term_string}\"},\"query-input\":{\"@type\":\"PropertyValueSpecification\",\"valueRequired\":true,\"valueName\":\"search_term_string\"}}],\"inLanguage\":\"fi\"}]}<\/script>\n<!-- \/ Yoast SEO plugin. -->","yoast_head_json":{"title":"Ty\u00f6tasot 2kpl saranoidut tikkaat 4x3 Combi System Krause - UC Rent e-pood","robots":{"index":"index","follow":"follow","max-snippet":"max-snippet:-1","max-image-preview":"max-image-preview:large","max-video-preview":"max-video-preview:-1"},"canonical":"https:\/\/shop.ucrent.ee\/fi\/toode\/tyotasot-2kpl-saranoidut-tikkaat-4x3-combi-system-krause","og_locale":"fi_FI","og_type":"article","og_title":"Ty\u00f6tasot 2kpl saranoidut tikkaat 4x3 Combi System Krause - UC Rent e-pood","og_description":"Ty\u00f6tasot 2kpl, jotka voidaan yhdist\u00e4\u00e4 Stabilo 4&#215;3 -portaikkoon. Ty\u00f6tasoilla on luistamaton ja vedenpit\u00e4v\u00e4 kansi, jonka kantokyky on 150 kg.","og_url":"https:\/\/shop.ucrent.ee\/fi\/toode\/tyotasot-2kpl-saranoidut-tikkaat-4x3-combi-system-krause","og_site_name":"UC Rent e-pood","article_modified_time":"2026-04-09T13:30:12+00:00","og_image":[{"width":592,"height":600,"url":"https:\/\/shop.ucrent.ee\/wp-content\/uploads\/2019\/11\/T\u00f6\u00f6platvormid.jpg","type":"image\/jpeg"}],"twitter_card":"summary_large_image","schema":{"@context":"https:\/\/schema.org","@graph":[{"@type":"WebPage","@id":"https:\/\/shop.ucrent.ee\/fi\/toode\/tyotasot-2kpl-saranoidut-tikkaat-4x3-combi-system-krause","url":"https:\/\/shop.ucrent.ee\/fi\/toode\/tyotasot-2kpl-saranoidut-tikkaat-4x3-combi-system-krause","name":"Ty\u00f6tasot 2kpl saranoidut tikkaat 4x3 Combi System Krause - UC Rent e-pood","isPartOf":{"@id":"https:\/\/shop.ucrent.ee\/#website"},"primaryImageOfPage":{"@id":"https:\/\/shop.ucrent.ee\/fi\/toode\/tyotasot-2kpl-saranoidut-tikkaat-4x3-combi-system-krause#primaryimage"},"image":{"@id":"https:\/\/shop.ucrent.ee\/fi\/toode\/tyotasot-2kpl-saranoidut-tikkaat-4x3-combi-system-krause#primaryimage"},"thumbnailUrl":"https:\/\/shop.ucrent.ee\/wp-content\/uploads\/2019\/11\/T\u00f6\u00f6platvormid.jpg","datePublished":"2019-12-23T13:06:44+00:00","dateModified":"2026-04-09T13:30:12+00:00","breadcrumb":{"@id":"https:\/\/shop.ucrent.ee\/fi\/toode\/tyotasot-2kpl-saranoidut-tikkaat-4x3-combi-system-krause#breadcrumb"},"inLanguage":"fi","potentialAction":[{"@type":"ReadAction","target":["https:\/\/shop.ucrent.ee\/fi\/toode\/tyotasot-2kpl-saranoidut-tikkaat-4x3-combi-system-krause"]}]},{"@type":"ImageObject","inLanguage":"fi","@id":"https:\/\/shop.ucrent.ee\/fi\/toode\/tyotasot-2kpl-saranoidut-tikkaat-4x3-combi-system-krause#primaryimage","url":"https:\/\/shop.ucrent.ee\/wp-content\/uploads\/2019\/11\/T\u00f6\u00f6platvormid.jpg","contentUrl":"https:\/\/shop.ucrent.ee\/wp-content\/uploads\/2019\/11\/T\u00f6\u00f6platvormid.jpg","width":592,"height":600},{"@type":"BreadcrumbList","@id":"https:\/\/shop.ucrent.ee\/fi\/toode\/tyotasot-2kpl-saranoidut-tikkaat-4x3-combi-system-krause#breadcrumb","itemListElement":[{"@type":"ListItem","position":1,"name":"Home","item":"https:\/\/shop.ucrent.ee\/fi"},{"@type":"ListItem","position":2,"name":"K\u00f5ik tooted","item":"https:\/\/shop.ucrent.ee\/tooted"},{"@type":"ListItem","position":3,"name":"Ty\u00f6tasot 2kpl saranoidut tikkaat 4&#215;3 Combi System Krause"}]},{"@type":"WebSite","@id":"https:\/\/shop.ucrent.ee\/#website","url":"https:\/\/shop.ucrent.ee\/","name":"UC Rent e-pood","description":"","potentialAction":[{"@type":"SearchAction","target":{"@type":"EntryPoint","urlTemplate":"https:\/\/shop.ucrent.ee\/?s={search_term_string}"},"query-input":{"@type":"PropertyValueSpecification","valueRequired":true,"valueName":"search_term_string"}}],"inLanguage":"fi"}]}},"_links":{"self":[{"href":"https:\/\/shop.ucrent.ee\/fi\/wp-json\/wp\/v2\/product\/8882","targetHints":{"allow":["GET"]}}],"collection":[{"href":"https:\/\/shop.ucrent.ee\/fi\/wp-json\/wp\/v2\/product"}],"about":[{"href":"https:\/\/shop.ucrent.ee\/fi\/wp-json\/wp\/v2\/types\/product"}],"wp:featuredmedia":[{"embeddable":true,"href":"https:\/\/shop.ucrent.ee\/fi\/wp-json\/wp\/v2\/media\/1792"}],"wp:attachment":[{"href":"https:\/\/shop.ucrent.ee\/fi\/wp-json\/wp\/v2\/media?parent=8882"}],"wp:term":[{"taxonomy":"product_brand","embeddable":true,"href":"https:\/\/shop.ucrent.ee\/fi\/wp-json\/wp\/v2\/product_brand?post=8882"},{"taxonomy":"product_cat","embeddable":true,"href":"https:\/\/shop.ucrent.ee\/fi\/wp-json\/wp\/v2\/product_cat?post=8882"},{"taxonomy":"product_tag","embeddable":true,"href":"https:\/\/shop.ucrent.ee\/fi\/wp-json\/wp\/v2\/product_tag?post=8882"}],"curies":[{"name":"wp","href":"https:\/\/api.w.org\/{rel}","templated":true}]}}