{"id":8930,"date":"2019-12-23T15:06:48","date_gmt":"2019-12-23T13:06:48","guid":{"rendered":"https:\/\/ucrent.macaw.ee\/toode\/alumiini-kokoontaitettava-penkki-2x3-portaat-treppo-krause-2\/"},"modified":"2026-04-20T12:45:31","modified_gmt":"2026-04-20T09:45:31","slug":"alumiini-kokoontaitettava-penkki-2x3-portaat-treppo-krause-2","status":"publish","type":"product","link":"https:\/\/shop.ucrent.ee\/fi\/toode\/alumiini-kokoontaitettava-penkki-2x3-portaat-treppo-krause-2","title":{"rendered":"Alumiini kokoontaitettava penkki 2&#215;3 portaat Treppo Krause"},"content":{"rendered":"<p>Vankka ja kompakti alumiini taitettava ty\u00f6p\u00f6yt\u00e4 kaikenlaisiin huoltot\u00f6ihin. Eritt\u00e4in leve\u00e4 420 x 250 mm ty\u00f6taso joka tarjoaa maksimaalisen turvallisuuden. Liukumattomat ja mukavat 125 mm leve\u00e4t portaat.<br \/>\nArtikli kood 126047<br \/>\nTy\u00f6korkeus korkeintaan 2,85 m<br \/>\nTy\u00f6tason korkeus 0,85 m<br \/>\nPaino 6,2 kg<\/p>\n","protected":false},"excerpt":{"rendered":"Vankka ja kompakti alumiini taitettava ty\u00f6p\u00f6yt\u00e4 kaikenlaisiin huoltot\u00f6ihin. Eritt\u00e4in leve\u00e4 420 x 250 mm ty\u00f6taso joka tarjoaa maksimaalisen turvallisuuden. Liukumattomat ja mukavat 125 mm leve\u00e4t portaat. Artikli kood 126047 Ty\u00f6korkeus korkeintaan 2,85 m Ty\u00f6tason korkeus 0,85 m Paino 6,2 kg","protected":false},"featured_media":1732,"template":"","meta":{"_acf_changed":false},"product_brand":[],"product_cat":[352,349],"product_tag":[],"class_list":{"0":"post-8930","1":"product","2":"type-product","3":"status-publish","4":"has-post-thumbnail","6":"product_cat-kokoontaitettava_penkkit","7":"product_cat-toopukk_krause","9":"first","10":"instock","11":"taxable","12":"shipping-taxable","13":"purchasable","14":"product-type-simple"},"acf":[],"yoast_head":"<!-- This site is optimized with the Yoast SEO plugin v27.0 - https:\/\/yoast.com\/product\/yoast-seo-wordpress\/ -->\n<title>Alumiini kokoontaitettava penkki 2x3 portaat Treppo Krause - UC Rent e-pood<\/title>\n<meta name=\"robots\" content=\"index, follow, max-snippet:-1, max-image-preview:large, max-video-preview:-1\" \/>\n<link rel=\"canonical\" href=\"https:\/\/shop.ucrent.ee\/fi\/toode\/alumiini-kokoontaitettava-penkki-2x3-portaat-treppo-krause-2\" \/>\n<meta property=\"og:locale\" content=\"fi_FI\" \/>\n<meta property=\"og:type\" content=\"article\" \/>\n<meta property=\"og:title\" content=\"Alumiini kokoontaitettava penkki 2x3 portaat Treppo Krause - UC Rent e-pood\" \/>\n<meta property=\"og:description\" content=\"Vankka ja kompakti alumiini taitettava ty\u00f6p\u00f6yt\u00e4 kaikenlaisiin huoltot\u00f6ihin. Eritt\u00e4in leve\u00e4 420 x 250 mm ty\u00f6taso joka tarjoaa maksimaalisen turvallisuuden. Liukumattomat ja mukavat 125 mm leve\u00e4t portaat. Artikli kood 126047 Ty\u00f6korkeus korkeintaan 2,85 m Ty\u00f6tason korkeus 0,85 m Paino 6,2 kg\" \/>\n<meta property=\"og:url\" content=\"https:\/\/shop.ucrent.ee\/fi\/toode\/alumiini-kokoontaitettava-penkki-2x3-portaat-treppo-krause-2\" \/>\n<meta property=\"og:site_name\" content=\"UC Rent e-pood\" \/>\n<meta property=\"article:modified_time\" content=\"2026-04-20T09:45:31+00:00\" \/>\n<meta property=\"og:image\" content=\"https:\/\/shop.ucrent.ee\/wp-content\/uploads\/2019\/11\/Pukk-2x4-126047.jpg\" \/>\n\t<meta property=\"og:image:width\" content=\"400\" \/>\n\t<meta property=\"og:image:height\" content=\"400\" \/>\n\t<meta property=\"og:image:type\" content=\"image\/jpeg\" \/>\n<meta name=\"twitter:card\" content=\"summary_large_image\" \/>\n<script type=\"application\/ld+json\" class=\"yoast-schema-graph\">{\"@context\":\"https:\/\/schema.org\",\"@graph\":[{\"@type\":\"WebPage\",\"@id\":\"https:\/\/shop.ucrent.ee\/fi\/toode\/alumiini-kokoontaitettava-penkki-2x3-portaat-treppo-krause-2\",\"url\":\"https:\/\/shop.ucrent.ee\/fi\/toode\/alumiini-kokoontaitettava-penkki-2x3-portaat-treppo-krause-2\",\"name\":\"Alumiini kokoontaitettava penkki 2x3 portaat Treppo Krause - UC Rent e-pood\",\"isPartOf\":{\"@id\":\"https:\/\/shop.ucrent.ee\/#website\"},\"primaryImageOfPage\":{\"@id\":\"https:\/\/shop.ucrent.ee\/fi\/toode\/alumiini-kokoontaitettava-penkki-2x3-portaat-treppo-krause-2#primaryimage\"},\"image\":{\"@id\":\"https:\/\/shop.ucrent.ee\/fi\/toode\/alumiini-kokoontaitettava-penkki-2x3-portaat-treppo-krause-2#primaryimage\"},\"thumbnailUrl\":\"https:\/\/shop.ucrent.ee\/wp-content\/uploads\/2019\/11\/Pukk-2x4-126047.jpg\",\"datePublished\":\"2019-12-23T13:06:48+00:00\",\"dateModified\":\"2026-04-20T09:45:31+00:00\",\"breadcrumb\":{\"@id\":\"https:\/\/shop.ucrent.ee\/fi\/toode\/alumiini-kokoontaitettava-penkki-2x3-portaat-treppo-krause-2#breadcrumb\"},\"inLanguage\":\"fi\",\"potentialAction\":[{\"@type\":\"ReadAction\",\"target\":[\"https:\/\/shop.ucrent.ee\/fi\/toode\/alumiini-kokoontaitettava-penkki-2x3-portaat-treppo-krause-2\"]}]},{\"@type\":\"ImageObject\",\"inLanguage\":\"fi\",\"@id\":\"https:\/\/shop.ucrent.ee\/fi\/toode\/alumiini-kokoontaitettava-penkki-2x3-portaat-treppo-krause-2#primaryimage\",\"url\":\"https:\/\/shop.ucrent.ee\/wp-content\/uploads\/2019\/11\/Pukk-2x4-126047.jpg\",\"contentUrl\":\"https:\/\/shop.ucrent.ee\/wp-content\/uploads\/2019\/11\/Pukk-2x4-126047.jpg\",\"width\":400,\"height\":400},{\"@type\":\"BreadcrumbList\",\"@id\":\"https:\/\/shop.ucrent.ee\/fi\/toode\/alumiini-kokoontaitettava-penkki-2x3-portaat-treppo-krause-2#breadcrumb\",\"itemListElement\":[{\"@type\":\"ListItem\",\"position\":1,\"name\":\"Home\",\"item\":\"https:\/\/shop.ucrent.ee\/fi\"},{\"@type\":\"ListItem\",\"position\":2,\"name\":\"K\u00f5ik tooted\",\"item\":\"https:\/\/shop.ucrent.ee\/tooted\"},{\"@type\":\"ListItem\",\"position\":3,\"name\":\"Alumiini kokoontaitettava penkki 2&#215;3 portaat Treppo Krause\"}]},{\"@type\":\"WebSite\",\"@id\":\"https:\/\/shop.ucrent.ee\/#website\",\"url\":\"https:\/\/shop.ucrent.ee\/\",\"name\":\"UC Rent e-pood\",\"description\":\"\",\"potentialAction\":[{\"@type\":\"SearchAction\",\"target\":{\"@type\":\"EntryPoint\",\"urlTemplate\":\"https:\/\/shop.ucrent.ee\/?s={search_term_string}\"},\"query-input\":{\"@type\":\"PropertyValueSpecification\",\"valueRequired\":true,\"valueName\":\"search_term_string\"}}],\"inLanguage\":\"fi\"}]}<\/script>\n<!-- \/ Yoast SEO plugin. -->","yoast_head_json":{"title":"Alumiini kokoontaitettava penkki 2x3 portaat Treppo Krause - UC Rent e-pood","robots":{"index":"index","follow":"follow","max-snippet":"max-snippet:-1","max-image-preview":"max-image-preview:large","max-video-preview":"max-video-preview:-1"},"canonical":"https:\/\/shop.ucrent.ee\/fi\/toode\/alumiini-kokoontaitettava-penkki-2x3-portaat-treppo-krause-2","og_locale":"fi_FI","og_type":"article","og_title":"Alumiini kokoontaitettava penkki 2x3 portaat Treppo Krause - UC Rent e-pood","og_description":"Vankka ja kompakti alumiini taitettava ty\u00f6p\u00f6yt\u00e4 kaikenlaisiin huoltot\u00f6ihin. Eritt\u00e4in leve\u00e4 420 x 250 mm ty\u00f6taso joka tarjoaa maksimaalisen turvallisuuden. Liukumattomat ja mukavat 125 mm leve\u00e4t portaat. Artikli kood 126047 Ty\u00f6korkeus korkeintaan 2,85 m Ty\u00f6tason korkeus 0,85 m Paino 6,2 kg","og_url":"https:\/\/shop.ucrent.ee\/fi\/toode\/alumiini-kokoontaitettava-penkki-2x3-portaat-treppo-krause-2","og_site_name":"UC Rent e-pood","article_modified_time":"2026-04-20T09:45:31+00:00","og_image":[{"width":400,"height":400,"url":"https:\/\/shop.ucrent.ee\/wp-content\/uploads\/2019\/11\/Pukk-2x4-126047.jpg","type":"image\/jpeg"}],"twitter_card":"summary_large_image","schema":{"@context":"https:\/\/schema.org","@graph":[{"@type":"WebPage","@id":"https:\/\/shop.ucrent.ee\/fi\/toode\/alumiini-kokoontaitettava-penkki-2x3-portaat-treppo-krause-2","url":"https:\/\/shop.ucrent.ee\/fi\/toode\/alumiini-kokoontaitettava-penkki-2x3-portaat-treppo-krause-2","name":"Alumiini kokoontaitettava penkki 2x3 portaat Treppo Krause - UC Rent e-pood","isPartOf":{"@id":"https:\/\/shop.ucrent.ee\/#website"},"primaryImageOfPage":{"@id":"https:\/\/shop.ucrent.ee\/fi\/toode\/alumiini-kokoontaitettava-penkki-2x3-portaat-treppo-krause-2#primaryimage"},"image":{"@id":"https:\/\/shop.ucrent.ee\/fi\/toode\/alumiini-kokoontaitettava-penkki-2x3-portaat-treppo-krause-2#primaryimage"},"thumbnailUrl":"https:\/\/shop.ucrent.ee\/wp-content\/uploads\/2019\/11\/Pukk-2x4-126047.jpg","datePublished":"2019-12-23T13:06:48+00:00","dateModified":"2026-04-20T09:45:31+00:00","breadcrumb":{"@id":"https:\/\/shop.ucrent.ee\/fi\/toode\/alumiini-kokoontaitettava-penkki-2x3-portaat-treppo-krause-2#breadcrumb"},"inLanguage":"fi","potentialAction":[{"@type":"ReadAction","target":["https:\/\/shop.ucrent.ee\/fi\/toode\/alumiini-kokoontaitettava-penkki-2x3-portaat-treppo-krause-2"]}]},{"@type":"ImageObject","inLanguage":"fi","@id":"https:\/\/shop.ucrent.ee\/fi\/toode\/alumiini-kokoontaitettava-penkki-2x3-portaat-treppo-krause-2#primaryimage","url":"https:\/\/shop.ucrent.ee\/wp-content\/uploads\/2019\/11\/Pukk-2x4-126047.jpg","contentUrl":"https:\/\/shop.ucrent.ee\/wp-content\/uploads\/2019\/11\/Pukk-2x4-126047.jpg","width":400,"height":400},{"@type":"BreadcrumbList","@id":"https:\/\/shop.ucrent.ee\/fi\/toode\/alumiini-kokoontaitettava-penkki-2x3-portaat-treppo-krause-2#breadcrumb","itemListElement":[{"@type":"ListItem","position":1,"name":"Home","item":"https:\/\/shop.ucrent.ee\/fi"},{"@type":"ListItem","position":2,"name":"K\u00f5ik tooted","item":"https:\/\/shop.ucrent.ee\/tooted"},{"@type":"ListItem","position":3,"name":"Alumiini kokoontaitettava penkki 2&#215;3 portaat Treppo Krause"}]},{"@type":"WebSite","@id":"https:\/\/shop.ucrent.ee\/#website","url":"https:\/\/shop.ucrent.ee\/","name":"UC Rent e-pood","description":"","potentialAction":[{"@type":"SearchAction","target":{"@type":"EntryPoint","urlTemplate":"https:\/\/shop.ucrent.ee\/?s={search_term_string}"},"query-input":{"@type":"PropertyValueSpecification","valueRequired":true,"valueName":"search_term_string"}}],"inLanguage":"fi"}]}},"_links":{"self":[{"href":"https:\/\/shop.ucrent.ee\/fi\/wp-json\/wp\/v2\/product\/8930","targetHints":{"allow":["GET"]}}],"collection":[{"href":"https:\/\/shop.ucrent.ee\/fi\/wp-json\/wp\/v2\/product"}],"about":[{"href":"https:\/\/shop.ucrent.ee\/fi\/wp-json\/wp\/v2\/types\/product"}],"wp:featuredmedia":[{"embeddable":true,"href":"https:\/\/shop.ucrent.ee\/fi\/wp-json\/wp\/v2\/media\/1732"}],"wp:attachment":[{"href":"https:\/\/shop.ucrent.ee\/fi\/wp-json\/wp\/v2\/media?parent=8930"}],"wp:term":[{"taxonomy":"product_brand","embeddable":true,"href":"https:\/\/shop.ucrent.ee\/fi\/wp-json\/wp\/v2\/product_brand?post=8930"},{"taxonomy":"product_cat","embeddable":true,"href":"https:\/\/shop.ucrent.ee\/fi\/wp-json\/wp\/v2\/product_cat?post=8930"},{"taxonomy":"product_tag","embeddable":true,"href":"https:\/\/shop.ucrent.ee\/fi\/wp-json\/wp\/v2\/product_tag?post=8930"}],"curies":[{"name":"wp","href":"https:\/\/api.w.org\/{rel}","templated":true}]}}