{"id":626892,"date":"2026-05-06T10:32:53","date_gmt":"2026-05-06T07:32:53","guid":{"rendered":"https:\/\/shop.ucrent.ee\/toode\/%d0%bd%d0%b0%d0%b2%d0%b5%d1%81-%d0%b4%d0%bb%d1%8f-%d0%bc%d0%b0%d1%88%d0%b8%d0%bd%d1%8b-35x75-%d0%bc-c%d0%b5%d1%80%d1%8b%d0%b9"},"modified":"2026-05-06T14:02:34","modified_gmt":"2026-05-06T11:02:34","slug":"%d0%bd%d0%b0%d0%b2%d0%b5%d1%81-%d0%b4%d0%bb%d1%8f-%d0%bc%d0%b0%d1%88%d0%b8%d0%bd%d1%8b-35x75-%d0%bc-c%d0%b5%d1%80%d1%8b%d0%b9","status":"publish","type":"product","link":"https:\/\/shop.ucrent.ee\/ru\/toode\/%d0%bd%d0%b0%d0%b2%d0%b5%d1%81-%d0%b4%d0%bb%d1%8f-%d0%bc%d0%b0%d1%88%d0%b8%d0%bd%d1%8b-35x75-%d0%bc-c%d0%b5%d1%80%d1%8b%d0%b9","title":{"rendered":"\u041d\u0430\u0432\u0435\u0441 \u0434\u043b\u044f \u043c\u0430\u0448\u0438\u043d\u044b 3,5&#215;7,5 \u043c, c\u0435\u0440\u044b\u0439"},"content":{"rendered":"<p>\u0420\u0430\u0437\u043c\u0435\u0440: 3,5 \u00d7 7,5 \u043c<br \/>\n\u0414\u043b\u0438\u043d\u0430: 710 \u0441\u043c<br \/>\n\u0428\u0438\u0440\u0438\u043d\u0430: 350 \u0441\u043c<br \/>\n\u0412\u044b\u0441\u043e\u0442\u0430: 350 \u0441\u043c<br \/>\n\u0428\u0438\u0440\u0438\u043d\u0430 \u0434\u0432\u0435\u0440\u0438: 280\u2013290 \u0441\u043c<br \/>\n\u0412\u044b\u0441\u043e\u0442\u0430 \u0434\u0432\u0435\u0440\u0438: 240 \u0441\u043c \u00b1 5 \u0441\u043c<br \/>\n\u041c\u0430\u0442\u0435\u0440\u0438\u0430\u043b: \u0432\u043e\u0434\u043e\u043d\u0435\u043f\u0440\u043e\u043d\u0438\u0446\u0430\u0435\u043c\u044b\u0439 \u0442\u0440\u0451\u0445\u0441\u043b\u043e\u0439\u043d\u044b\u0439 PE 210 \u0433\/\u043c\u00b2<br \/>\n\u0426\u0432\u0435\u0442: \u0441\u0435\u0440\u044b\u0439<br \/>\n\u0421\u0442\u0430\u043b\u044c\u043d\u044b\u0435 \u0442\u0440\u0443\u0431\u044b \u00d8 45\u00d732\u00d71,2 \u043c\u043c \u0438 25\u00d71,2 \u043c\u043c<br \/>\n\u0423\u043f\u0430\u043a\u043e\u0432\u043a\u0430:<br \/>\n1 \u00d7 159 \u00d7 61 \u00d7 19 \u0441\u043c, 44 \u043a\u0433<br \/>\n1 \u00d7 122 \u00d7 35 \u00d7 16 \u0441\u043c, 36 \u043a\u0433<br \/>\n1 \u00d7 180 \u00d7 33 \u00d7 16 \u0441\u043c, 51 \u043a\u0433<br \/>\n1 \u00d7 68 \u00d7 58 \u00d7 30 \u0441\u043c, 52 \u043a\u0433<\/p>\n","protected":false},"excerpt":{"rendered":"\u0420\u0430\u0437\u043c\u0435\u0440: 3,5 \u00d7 7,5 \u043c \u0414\u043b\u0438\u043d\u0430: 710 \u0441\u043c \u0428\u0438\u0440\u0438\u043d\u0430: 350 \u0441\u043c \u0412\u044b\u0441\u043e\u0442\u0430: 350 \u0441\u043c \u0428\u0438\u0440\u0438\u043d\u0430 \u0434\u0432\u0435\u0440\u0438: 280\u2013290 \u0441\u043c \u0412\u044b\u0441\u043e\u0442\u0430 \u0434\u0432\u0435\u0440\u0438: 240 \u0441\u043c \u00b1 5 \u0441\u043c \u041c\u0430\u0442\u0435\u0440\u0438\u0430\u043b: \u0432\u043e\u0434\u043e\u043d\u0435\u043f\u0440\u043e\u043d\u0438\u0446\u0430\u0435\u043c\u044b\u0439 \u0442\u0440\u0451\u0445\u0441\u043b\u043e\u0439\u043d\u044b\u0439 PE 210 \u0433\/\u043c\u00b2 \u0426\u0432\u0435\u0442: \u0441\u0435\u0440\u044b\u0439 \u0421\u0442\u0430\u043b\u044c\u043d\u044b\u0435 \u0442\u0440\u0443\u0431\u044b \u00d8 45\u00d732\u00d71,2 \u043c\u043c \u0438 25\u00d71,2 \u043c\u043c \u0423\u043f\u0430\u043a\u043e\u0432\u043a\u0430: 1 \u00d7 159 \u00d7 61 \u00d7 19 \u0441\u043c, 44 \u043a\u0433 1 \u00d7 122&#8230; <a class=\"view-article\" href=\"https:\/\/shop.ucrent.ee\/ru\/toode\/%d0%bd%d0%b0%d0%b2%d0%b5%d1%81-%d0%b4%d0%bb%d1%8f-%d0%bc%d0%b0%d1%88%d0%b8%d0%bd%d1%8b-35x75-%d0%bc-c%d0%b5%d1%80%d1%8b%d0%b9\">View Article<\/a>","protected":false},"featured_media":0,"template":"","meta":{"_acf_changed":false},"product_brand":[],"product_cat":[747],"product_tag":[],"class_list":{"0":"post-626892","1":"product","2":"type-product","3":"status-publish","5":"product_cat-autovarjualused_ru","7":"first","8":"instock","9":"taxable","10":"shipping-taxable","11":"purchasable","12":"product-type-simple"},"acf":[],"yoast_head":"<!-- This site is optimized with the Yoast SEO plugin v27.0 - https:\/\/yoast.com\/product\/yoast-seo-wordpress\/ -->\n<title>\u041d\u0430\u0432\u0435\u0441 \u0434\u043b\u044f \u043c\u0430\u0448\u0438\u043d\u044b 3,5x7,5 \u043c, c\u0435\u0440\u044b\u0439 - UC Rent e-pood<\/title>\n<meta name=\"robots\" content=\"index, follow, max-snippet:-1, max-image-preview:large, max-video-preview:-1\" \/>\n<link rel=\"canonical\" href=\"https:\/\/shop.ucrent.ee\/ru\/toode\/\u043d\u0430\u0432\u0435\u0441-\u0434\u043b\u044f-\u043c\u0430\u0448\u0438\u043d\u044b-35x75-\u043c-c\u0435\u0440\u044b\u0439\" \/>\n<meta property=\"og:locale\" content=\"ru_RU\" \/>\n<meta property=\"og:type\" content=\"article\" \/>\n<meta property=\"og:title\" content=\"\u041d\u0430\u0432\u0435\u0441 \u0434\u043b\u044f \u043c\u0430\u0448\u0438\u043d\u044b 3,5x7,5 \u043c, c\u0435\u0440\u044b\u0439 - UC Rent e-pood\" \/>\n<meta property=\"og:description\" content=\"\u0420\u0430\u0437\u043c\u0435\u0440: 3,5 \u00d7 7,5 \u043c \u0414\u043b\u0438\u043d\u0430: 710 \u0441\u043c \u0428\u0438\u0440\u0438\u043d\u0430: 350 \u0441\u043c \u0412\u044b\u0441\u043e\u0442\u0430: 350 \u0441\u043c \u0428\u0438\u0440\u0438\u043d\u0430 \u0434\u0432\u0435\u0440\u0438: 280\u2013290 \u0441\u043c \u0412\u044b\u0441\u043e\u0442\u0430 \u0434\u0432\u0435\u0440\u0438: 240 \u0441\u043c \u00b1 5 \u0441\u043c \u041c\u0430\u0442\u0435\u0440\u0438\u0430\u043b: \u0432\u043e\u0434\u043e\u043d\u0435\u043f\u0440\u043e\u043d\u0438\u0446\u0430\u0435\u043c\u044b\u0439 \u0442\u0440\u0451\u0445\u0441\u043b\u043e\u0439\u043d\u044b\u0439 PE 210 \u0433\/\u043c\u00b2 \u0426\u0432\u0435\u0442: \u0441\u0435\u0440\u044b\u0439 \u0421\u0442\u0430\u043b\u044c\u043d\u044b\u0435 \u0442\u0440\u0443\u0431\u044b \u00d8 45\u00d732\u00d71,2 \u043c\u043c \u0438 25\u00d71,2 \u043c\u043c \u0423\u043f\u0430\u043a\u043e\u0432\u043a\u0430: 1 \u00d7 159 \u00d7 61 \u00d7 19 \u0441\u043c, 44 \u043a\u0433 1 \u00d7 122... View Article\" \/>\n<meta property=\"og:url\" content=\"https:\/\/shop.ucrent.ee\/ru\/toode\/\u043d\u0430\u0432\u0435\u0441-\u0434\u043b\u044f-\u043c\u0430\u0448\u0438\u043d\u044b-35x75-\u043c-c\u0435\u0440\u044b\u0439\" \/>\n<meta property=\"og:site_name\" content=\"UC Rent e-pood\" \/>\n<meta property=\"article:modified_time\" content=\"2026-05-06T11:02:34+00:00\" \/>\n<meta property=\"og:image\" content=\"https:\/\/shop.ucrent.ee\/wp-content\/uploads\/2020\/01\/Fb-share_uc.png\" \/>\n\t<meta property=\"og:image:width\" content=\"1800\" \/>\n\t<meta property=\"og:image:height\" content=\"945\" \/>\n\t<meta property=\"og:image:type\" content=\"image\/png\" \/>\n<meta name=\"twitter:card\" content=\"summary_large_image\" \/>\n<script type=\"application\/ld+json\" class=\"yoast-schema-graph\">{\"@context\":\"https:\/\/schema.org\",\"@graph\":[{\"@type\":\"WebPage\",\"@id\":\"https:\/\/shop.ucrent.ee\/ru\/toode\/%d0%bd%d0%b0%d0%b2%d0%b5%d1%81-%d0%b4%d0%bb%d1%8f-%d0%bc%d0%b0%d1%88%d0%b8%d0%bd%d1%8b-35x75-%d0%bc-c%d0%b5%d1%80%d1%8b%d0%b9\",\"url\":\"https:\/\/shop.ucrent.ee\/ru\/toode\/%d0%bd%d0%b0%d0%b2%d0%b5%d1%81-%d0%b4%d0%bb%d1%8f-%d0%bc%d0%b0%d1%88%d0%b8%d0%bd%d1%8b-35x75-%d0%bc-c%d0%b5%d1%80%d1%8b%d0%b9\",\"name\":\"\u041d\u0430\u0432\u0435\u0441 \u0434\u043b\u044f \u043c\u0430\u0448\u0438\u043d\u044b 3,5x7,5 \u043c, c\u0435\u0440\u044b\u0439 - UC Rent e-pood\",\"isPartOf\":{\"@id\":\"https:\/\/shop.ucrent.ee\/#website\"},\"datePublished\":\"2026-05-06T07:32:53+00:00\",\"dateModified\":\"2026-05-06T11:02:34+00:00\",\"breadcrumb\":{\"@id\":\"https:\/\/shop.ucrent.ee\/ru\/toode\/%d0%bd%d0%b0%d0%b2%d0%b5%d1%81-%d0%b4%d0%bb%d1%8f-%d0%bc%d0%b0%d1%88%d0%b8%d0%bd%d1%8b-35x75-%d0%bc-c%d0%b5%d1%80%d1%8b%d0%b9#breadcrumb\"},\"inLanguage\":\"ru-RU\",\"potentialAction\":[{\"@type\":\"ReadAction\",\"target\":[\"https:\/\/shop.ucrent.ee\/ru\/toode\/%d0%bd%d0%b0%d0%b2%d0%b5%d1%81-%d0%b4%d0%bb%d1%8f-%d0%bc%d0%b0%d1%88%d0%b8%d0%bd%d1%8b-35x75-%d0%bc-c%d0%b5%d1%80%d1%8b%d0%b9\"]}]},{\"@type\":\"BreadcrumbList\",\"@id\":\"https:\/\/shop.ucrent.ee\/ru\/toode\/%d0%bd%d0%b0%d0%b2%d0%b5%d1%81-%d0%b4%d0%bb%d1%8f-%d0%bc%d0%b0%d1%88%d0%b8%d0%bd%d1%8b-35x75-%d0%bc-c%d0%b5%d1%80%d1%8b%d0%b9#breadcrumb\",\"itemListElement\":[{\"@type\":\"ListItem\",\"position\":1,\"name\":\"Home\",\"item\":\"https:\/\/shop.ucrent.ee\/ru\"},{\"@type\":\"ListItem\",\"position\":2,\"name\":\"K\u00f5ik tooted\",\"item\":\"https:\/\/shop.ucrent.ee\/tooted\"},{\"@type\":\"ListItem\",\"position\":3,\"name\":\"\u041d\u0430\u0432\u0435\u0441 \u0434\u043b\u044f \u043c\u0430\u0448\u0438\u043d\u044b 3,5&#215;7,5 \u043c, c\u0435\u0440\u044b\u0439\"}]},{\"@type\":\"WebSite\",\"@id\":\"https:\/\/shop.ucrent.ee\/#website\",\"url\":\"https:\/\/shop.ucrent.ee\/\",\"name\":\"UC Rent e-pood\",\"description\":\"\",\"potentialAction\":[{\"@type\":\"SearchAction\",\"target\":{\"@type\":\"EntryPoint\",\"urlTemplate\":\"https:\/\/shop.ucrent.ee\/?s={search_term_string}\"},\"query-input\":{\"@type\":\"PropertyValueSpecification\",\"valueRequired\":true,\"valueName\":\"search_term_string\"}}],\"inLanguage\":\"ru-RU\"}]}<\/script>\n<!-- \/ Yoast SEO plugin. -->","yoast_head_json":{"title":"\u041d\u0430\u0432\u0435\u0441 \u0434\u043b\u044f \u043c\u0430\u0448\u0438\u043d\u044b 3,5x7,5 \u043c, c\u0435\u0440\u044b\u0439 - UC Rent e-pood","robots":{"index":"index","follow":"follow","max-snippet":"max-snippet:-1","max-image-preview":"max-image-preview:large","max-video-preview":"max-video-preview:-1"},"canonical":"https:\/\/shop.ucrent.ee\/ru\/toode\/\u043d\u0430\u0432\u0435\u0441-\u0434\u043b\u044f-\u043c\u0430\u0448\u0438\u043d\u044b-35x75-\u043c-c\u0435\u0440\u044b\u0439","og_locale":"ru_RU","og_type":"article","og_title":"\u041d\u0430\u0432\u0435\u0441 \u0434\u043b\u044f \u043c\u0430\u0448\u0438\u043d\u044b 3,5x7,5 \u043c, c\u0435\u0440\u044b\u0439 - UC Rent e-pood","og_description":"\u0420\u0430\u0437\u043c\u0435\u0440: 3,5 \u00d7 7,5 \u043c \u0414\u043b\u0438\u043d\u0430: 710 \u0441\u043c \u0428\u0438\u0440\u0438\u043d\u0430: 350 \u0441\u043c \u0412\u044b\u0441\u043e\u0442\u0430: 350 \u0441\u043c \u0428\u0438\u0440\u0438\u043d\u0430 \u0434\u0432\u0435\u0440\u0438: 280\u2013290 \u0441\u043c \u0412\u044b\u0441\u043e\u0442\u0430 \u0434\u0432\u0435\u0440\u0438: 240 \u0441\u043c \u00b1 5 \u0441\u043c \u041c\u0430\u0442\u0435\u0440\u0438\u0430\u043b: \u0432\u043e\u0434\u043e\u043d\u0435\u043f\u0440\u043e\u043d\u0438\u0446\u0430\u0435\u043c\u044b\u0439 \u0442\u0440\u0451\u0445\u0441\u043b\u043e\u0439\u043d\u044b\u0439 PE 210 \u0433\/\u043c\u00b2 \u0426\u0432\u0435\u0442: \u0441\u0435\u0440\u044b\u0439 \u0421\u0442\u0430\u043b\u044c\u043d\u044b\u0435 \u0442\u0440\u0443\u0431\u044b \u00d8 45\u00d732\u00d71,2 \u043c\u043c \u0438 25\u00d71,2 \u043c\u043c \u0423\u043f\u0430\u043a\u043e\u0432\u043a\u0430: 1 \u00d7 159 \u00d7 61 \u00d7 19 \u0441\u043c, 44 \u043a\u0433 1 \u00d7 122... View Article","og_url":"https:\/\/shop.ucrent.ee\/ru\/toode\/\u043d\u0430\u0432\u0435\u0441-\u0434\u043b\u044f-\u043c\u0430\u0448\u0438\u043d\u044b-35x75-\u043c-c\u0435\u0440\u044b\u0439","og_site_name":"UC Rent e-pood","article_modified_time":"2026-05-06T11:02:34+00:00","og_image":[{"width":1800,"height":945,"url":"https:\/\/shop.ucrent.ee\/wp-content\/uploads\/2020\/01\/Fb-share_uc.png","type":"image\/png"}],"twitter_card":"summary_large_image","schema":{"@context":"https:\/\/schema.org","@graph":[{"@type":"WebPage","@id":"https:\/\/shop.ucrent.ee\/ru\/toode\/%d0%bd%d0%b0%d0%b2%d0%b5%d1%81-%d0%b4%d0%bb%d1%8f-%d0%bc%d0%b0%d1%88%d0%b8%d0%bd%d1%8b-35x75-%d0%bc-c%d0%b5%d1%80%d1%8b%d0%b9","url":"https:\/\/shop.ucrent.ee\/ru\/toode\/%d0%bd%d0%b0%d0%b2%d0%b5%d1%81-%d0%b4%d0%bb%d1%8f-%d0%bc%d0%b0%d1%88%d0%b8%d0%bd%d1%8b-35x75-%d0%bc-c%d0%b5%d1%80%d1%8b%d0%b9","name":"\u041d\u0430\u0432\u0435\u0441 \u0434\u043b\u044f \u043c\u0430\u0448\u0438\u043d\u044b 3,5x7,5 \u043c, c\u0435\u0440\u044b\u0439 - UC Rent e-pood","isPartOf":{"@id":"https:\/\/shop.ucrent.ee\/#website"},"datePublished":"2026-05-06T07:32:53+00:00","dateModified":"2026-05-06T11:02:34+00:00","breadcrumb":{"@id":"https:\/\/shop.ucrent.ee\/ru\/toode\/%d0%bd%d0%b0%d0%b2%d0%b5%d1%81-%d0%b4%d0%bb%d1%8f-%d0%bc%d0%b0%d1%88%d0%b8%d0%bd%d1%8b-35x75-%d0%bc-c%d0%b5%d1%80%d1%8b%d0%b9#breadcrumb"},"inLanguage":"ru-RU","potentialAction":[{"@type":"ReadAction","target":["https:\/\/shop.ucrent.ee\/ru\/toode\/%d0%bd%d0%b0%d0%b2%d0%b5%d1%81-%d0%b4%d0%bb%d1%8f-%d0%bc%d0%b0%d1%88%d0%b8%d0%bd%d1%8b-35x75-%d0%bc-c%d0%b5%d1%80%d1%8b%d0%b9"]}]},{"@type":"BreadcrumbList","@id":"https:\/\/shop.ucrent.ee\/ru\/toode\/%d0%bd%d0%b0%d0%b2%d0%b5%d1%81-%d0%b4%d0%bb%d1%8f-%d0%bc%d0%b0%d1%88%d0%b8%d0%bd%d1%8b-35x75-%d0%bc-c%d0%b5%d1%80%d1%8b%d0%b9#breadcrumb","itemListElement":[{"@type":"ListItem","position":1,"name":"Home","item":"https:\/\/shop.ucrent.ee\/ru"},{"@type":"ListItem","position":2,"name":"K\u00f5ik tooted","item":"https:\/\/shop.ucrent.ee\/tooted"},{"@type":"ListItem","position":3,"name":"\u041d\u0430\u0432\u0435\u0441 \u0434\u043b\u044f \u043c\u0430\u0448\u0438\u043d\u044b 3,5&#215;7,5 \u043c, c\u0435\u0440\u044b\u0439"}]},{"@type":"WebSite","@id":"https:\/\/shop.ucrent.ee\/#website","url":"https:\/\/shop.ucrent.ee\/","name":"UC Rent e-pood","description":"","potentialAction":[{"@type":"SearchAction","target":{"@type":"EntryPoint","urlTemplate":"https:\/\/shop.ucrent.ee\/?s={search_term_string}"},"query-input":{"@type":"PropertyValueSpecification","valueRequired":true,"valueName":"search_term_string"}}],"inLanguage":"ru-RU"}]}},"_links":{"self":[{"href":"https:\/\/shop.ucrent.ee\/ru\/wp-json\/wp\/v2\/product\/626892","targetHints":{"allow":["GET"]}}],"collection":[{"href":"https:\/\/shop.ucrent.ee\/ru\/wp-json\/wp\/v2\/product"}],"about":[{"href":"https:\/\/shop.ucrent.ee\/ru\/wp-json\/wp\/v2\/types\/product"}],"wp:attachment":[{"href":"https:\/\/shop.ucrent.ee\/ru\/wp-json\/wp\/v2\/media?parent=626892"}],"wp:term":[{"taxonomy":"product_brand","embeddable":true,"href":"https:\/\/shop.ucrent.ee\/ru\/wp-json\/wp\/v2\/product_brand?post=626892"},{"taxonomy":"product_cat","embeddable":true,"href":"https:\/\/shop.ucrent.ee\/ru\/wp-json\/wp\/v2\/product_cat?post=626892"},{"taxonomy":"product_tag","embeddable":true,"href":"https:\/\/shop.ucrent.ee\/ru\/wp-json\/wp\/v2\/product_tag?post=626892"}],"curies":[{"name":"wp","href":"https:\/\/api.w.org\/{rel}","templated":true}]}}